{"id":50544,"date":"2022-10-02T19:06:55","date_gmt":"2022-10-02T19:06:55","guid":{"rendered":"https:\/\/topgetestet.de\/?product=manikuretuiaskan-leer-aus-leder-blau-fur-nagelschere-feile-pinzette-ect"},"modified":"2022-10-02T19:06:55","modified_gmt":"2022-10-02T19:06:55","slug":"manikuretuiaskan-leer-aus-leder-blau-fur-nagelschere-feile-pinzette-ect","status":"publish","type":"product","link":"https:\/\/topgetestet.de\/?product=manikuretuiaskan-leer-aus-leder-blau-fur-nagelschere-feile-pinzette-ect","title":{"rendered":"Manik\u00fcretui&#8221;ASKAN&#8221; leer aus Leder BLAU f\u00fcr Nagelschere, Feile, Pinzette ect."},"content":{"rendered":"<p>Price: <span style=\"color:#b12704\">[price_with_discount]<\/span><br \/><i><small>(as of [price_update_date] &#8211; <span class=\"wp_automatic_amazon_disclaimer\" title=\"Product prices and availability are accurate as of the date\/time indicated and are subject to change. Any price and availability information displayed on [relevant Amazon Site(s), as applicable] at the time of purchase will apply to the purchase of this product.\">Details<\/span>)<\/small><\/i><\/p>\n<p><a href=\"https:\/\/amazon.de\/dp\/B01BDFQW20?tag=topgetestet09-21\"><img decoding=\"async\" src=\"https:\/\/i.imgur.com\/ISRHEWs.png\"><\/a><br \/>\n[ad_1]<br \/>\n <span>Qualit\u00e4tsprodukt: das Etui ist ein sehr sch\u00f6nes und edles Manik\u00fcre Set aus echtem Leder (innen und au\u00dfen) Best\u00fcckung: das remos Set ist mit bis zu 5 Instrumenten best\u00fcckbar Wunderbares Geschenk: das Manik\u00fcre Set eignet sich ideal als Geschenk f\u00fcr Freunde, Familie oder einen Selbst Verschlie\u00dfbar: dank der praktischen Verschlusslasche ist das Set ideal, auch auf Reisen gesch\u00fctzt Farbe: blau Gr\u00f6\u00dfe: 110 x 70 mm Das Leder Manik\u00fcre Set ist 110 x 70 mm gro\u00df und hat Platz f\u00fcr f\u00fcnf verschiedene Remos K\u00f6rperpflegeinstrumente. Ge\u00f6ffnet und verschlossen wird das Set mit einer Lasche. Das bedeutet, das Set eignet sich hervorragend f\u00fcr Reisen und Ausfl\u00fcge. Es passt ausgezeichnet in jede Handtasche und somit sind die wichtigsten K\u00f6rperpflegeinstrumente immer griffbereit.<\/span> <br \/>ECHTES LEDER: das Etui besteht zur G\u00e4nze aus echtem Leder.Dank der praktischen Verschlusslasche ist das Set ideal als Reiseset geeignet. Alle Instrumente finden im Etui ihren Platz und sind gesch\u00fctzt.<br \/>SCH\u00d6NES GESCHENK: mit einem individuell best\u00fcckten Manik\u00fcre Set haben Sie ein sch\u00f6nes Geschenk f\u00fcr Ihre Liebsten &#8211; oder auch einfach f\u00fcr sich selbst:-) Lieferung in praktischer Geschenkschachtel.<br \/>ABMESSUNGEN ETUI: das Leder Manik\u00fcre Set &#8220;Askan&#8221; ist 120 x 70 mm gro\u00df und hat Platz f\u00fcr f\u00fcnf verschiedene K\u00f6rperpflegeinstrumente. Farbe: BLAU<br \/>Produkte d. Freude machen: Reiseset aus echtem Leder, best\u00fccktbar mit 5 Instrumenten aus rostfreiem Edelstahl, z.B. Nagelschere, Hautschere, Diamantnagelfeile, Augenbrauenpinzette u. Nagelhautschieber.<br \/>\n<br \/>[ad_2]<\/p>\n","protected":false},"excerpt":{"rendered":"<p>Price: [price_with_discount](as of [price_update_date] &#8211; Details) [ad_1] Qualit\u00e4tsprodukt: das Etui ist ein sehr sch\u00f6nes und edles Manik\u00fcre Set aus echtem Leder (innen und au\u00dfen) Best\u00fcckung: das remos Set ist mit<\/p>\n","protected":false},"featured_media":50545,"comment_status":"open","ping_status":"closed","template":"","meta":[],"product_cat":[228],"product_tag":[239],"class_list":{"0":"post-50544","1":"product","2":"type-product","3":"status-publish","4":"has-post-thumbnail","6":"product_cat-beauty","7":"product_tag-body-skin-care","9":"first","10":"instock","11":"shipping-taxable","12":"product-type-external"},"aioseo_notices":[],"_links":{"self":[{"href":"https:\/\/topgetestet.de\/index.php?rest_route=\/wp\/v2\/product\/50544","targetHints":{"allow":["GET"]}}],"collection":[{"href":"https:\/\/topgetestet.de\/index.php?rest_route=\/wp\/v2\/product"}],"about":[{"href":"https:\/\/topgetestet.de\/index.php?rest_route=\/wp\/v2\/types\/product"}],"replies":[{"embeddable":true,"href":"https:\/\/topgetestet.de\/index.php?rest_route=%2Fwp%2Fv2%2Fcomments&post=50544"}],"wp:featuredmedia":[{"embeddable":true,"href":"https:\/\/topgetestet.de\/index.php?rest_route=\/wp\/v2\/media\/50545"}],"wp:attachment":[{"href":"https:\/\/topgetestet.de\/index.php?rest_route=%2Fwp%2Fv2%2Fmedia&parent=50544"}],"wp:term":[{"taxonomy":"product_cat","embeddable":true,"href":"https:\/\/topgetestet.de\/index.php?rest_route=%2Fwp%2Fv2%2Fproduct_cat&post=50544"},{"taxonomy":"product_tag","embeddable":true,"href":"https:\/\/topgetestet.de\/index.php?rest_route=%2Fwp%2Fv2%2Fproduct_tag&post=50544"}],"curies":[{"name":"wp","href":"https:\/\/api.w.org\/{rel}","templated":true}]}}