{"id":50479,"date":"2022-10-02T15:42:27","date_gmt":"2022-10-02T15:42:27","guid":{"rendered":"https:\/\/topgetestet.de\/?product=salewa-herren-ms-ultra-train-3-traillaufschuhe-2"},"modified":"2022-10-02T15:42:27","modified_gmt":"2022-10-02T15:42:27","slug":"salewa-herren-ms-ultra-train-3-traillaufschuhe-2","status":"publish","type":"product","link":"https:\/\/topgetestet.de\/?product=salewa-herren-ms-ultra-train-3-traillaufschuhe-2","title":{"rendered":"Salewa Herren Ms Ultra Train 3 Traillaufschuhe"},"content":{"rendered":"<p>Price: <span style=\"color:#b12704\">[price_with_discount]<\/span><br \/><i><small>(as of [price_update_date] &#8211; <span class=\"wp_automatic_amazon_disclaimer\" title=\"Product prices and availability are accurate as of the date\/time indicated and are subject to change. Any price and availability information displayed on [relevant Amazon Site(s), as applicable] at the time of purchase will apply to the purchase of this product.\">Details<\/span>)<\/small><\/i><\/p>\n<p><a href=\"https:\/\/amazon.de\/dp\/B08B1KM5GK?tag=topgetestet09-21\"><img decoding=\"async\" src=\"https:\/\/i.imgur.com\/ISRHEWs.png\"><\/a><br \/>\n[ad_1]<br \/>\n <span>Der Ultra Train 3 ist die 3. Generation unseres erfolgreichen Speed Hiking Schuhes. Er ist sowohl f\u00fcr den Einsatz auf befestigten Wegen als auch f\u00fcr Touren im Gel\u00e4nde ausgelegt. Der Vorfu\u00df ist in ein atmungsaktives Mesh-Obermaterial geh\u00fcllt, das in stark beanspruchten Bereichen mit einer TPU-Beschichtung verst\u00e4rkt ist. Mit der Motion Guidance-Technologie wirken Au\u00dfensohle und Zwischensohle zusammen, um die nat\u00fcrliche Fu\u00dfbewegung zu unterst\u00fctzen und Trittsicherheit und Stabilit\u00e4t auf jedem Terrain zu gew\u00e4hrleisten. Das funktionelle 3F-System sorgt f\u00fcr Flexibilit\u00e4t, einen passgenauen Sitz und sicheren Halt. Die Fersenkappe verhindert ein Abrutschen der Ferse und erh\u00f6ht die Stabilit\u00e4t und Schutzfunktion des Schuhs. Das OrthoLite-Fu\u00dfbett sorgt f\u00fcr zus\u00e4tzliche D\u00e4mpfung, leitet Feuchtigkeit ab und h\u00e4lt die F\u00fc\u00dfe k\u00fchl und trocken. Eine Stretch-Gamasche an der Lasche verhindert, dass Schmutz oder Fremdk\u00f6rper in den Schuh gelangen.<\/span> <br \/> Auslaufartikel (Produktion durch Hersteller eingestellt) \u200f : \u200e  Nein <br \/> Produktabmessungen \u200f : \u200e  5.08 x 10.16 x 17.78 cm; 3.63 Kilogramm <br \/> Im Angebot von Amazon.de seit \u200f : \u200e  11. Juni 2020 <br \/> Hersteller \u200f : \u200e  Salewa <br \/> ASIN \u200f : \u200e  B08B1LW2PP <br \/> Modellnummer \u200f : \u200e  00-0000061332 <br \/> Kategorie \u200f : \u200e  Herren <\/p>\n<p>Innenmaterial: Mesh<br \/>Sohle: Synthetik<br \/>Verschluss: Schn\u00fcrung<br \/>Absatzform: Flach<br \/>Schuhweite: Medium<br \/>Nicht wasserfest<br \/>\n<br \/>[ad_2]<\/p>\n","protected":false},"excerpt":{"rendered":"<p>Price: [price_with_discount](as of [price_update_date] &#8211; Details) [ad_1] Der Ultra Train 3 ist die 3. Generation unseres erfolgreichen Speed Hiking Schuhes. Er ist sowohl f\u00fcr den Einsatz auf befestigten Wegen als<\/p>\n","protected":false},"featured_media":50480,"comment_status":"open","ping_status":"closed","template":"","meta":[],"product_cat":[234],"product_tag":[235],"class_list":{"0":"post-50479","1":"product","2":"type-product","3":"status-publish","4":"has-post-thumbnail","6":"product_cat-shoes","7":"product_tag-mens-road-running-shoes","9":"first","10":"instock","11":"shipping-taxable","12":"product-type-external"},"aioseo_notices":[],"_links":{"self":[{"href":"https:\/\/topgetestet.de\/index.php?rest_route=\/wp\/v2\/product\/50479","targetHints":{"allow":["GET"]}}],"collection":[{"href":"https:\/\/topgetestet.de\/index.php?rest_route=\/wp\/v2\/product"}],"about":[{"href":"https:\/\/topgetestet.de\/index.php?rest_route=\/wp\/v2\/types\/product"}],"replies":[{"embeddable":true,"href":"https:\/\/topgetestet.de\/index.php?rest_route=%2Fwp%2Fv2%2Fcomments&post=50479"}],"wp:featuredmedia":[{"embeddable":true,"href":"https:\/\/topgetestet.de\/index.php?rest_route=\/wp\/v2\/media\/50480"}],"wp:attachment":[{"href":"https:\/\/topgetestet.de\/index.php?rest_route=%2Fwp%2Fv2%2Fmedia&parent=50479"}],"wp:term":[{"taxonomy":"product_cat","embeddable":true,"href":"https:\/\/topgetestet.de\/index.php?rest_route=%2Fwp%2Fv2%2Fproduct_cat&post=50479"},{"taxonomy":"product_tag","embeddable":true,"href":"https:\/\/topgetestet.de\/index.php?rest_route=%2Fwp%2Fv2%2Fproduct_tag&post=50479"}],"curies":[{"name":"wp","href":"https:\/\/api.w.org\/{rel}","templated":true}]}}