{"id":50432,"date":"2022-10-02T15:36:24","date_gmt":"2022-10-02T15:36:24","guid":{"rendered":"https:\/\/topgetestet.de\/?product=olymp-t-shirt-doppelpack-v-ausschnitt-weis"},"modified":"2022-10-02T15:36:24","modified_gmt":"2022-10-02T15:36:24","slug":"olymp-t-shirt-doppelpack-v-ausschnitt-weis","status":"publish","type":"product","link":"https:\/\/topgetestet.de\/?product=olymp-t-shirt-doppelpack-v-ausschnitt-weis","title":{"rendered":"OLYMP T-Shirt Doppelpack V-Ausschnitt wei\u00df"},"content":{"rendered":"<p>Price: <span style=\"color:#b12704\">[price_with_discount]<\/span><br \/><i><small>(as of [price_update_date] &#8211; <span class=\"wp_automatic_amazon_disclaimer\" title=\"Product prices and availability are accurate as of the date\/time indicated and are subject to change. Any price and availability information displayed on [relevant Amazon Site(s), as applicable] at the time of purchase will apply to the purchase of this product.\">Details<\/span>)<\/small><\/i><\/p>\n<p><a href=\"https:\/\/amazon.de\/dp\/B00576SNHO?tag=topgetestet09-21\"><img decoding=\"async\" src=\"https:\/\/i.imgur.com\/ISRHEWs.png\"><\/a><br \/>\n[ad_1]<br \/>\n <span>Stille Helden des Alltages &#8211; Baumwoll T-Shirts. Bequem im Schnitt und angenehm weich im Griff bieten Sie hohen Tragekomfort zum Schn\u00e4ppchen Preis. Egal ob Sie diese Allroundtalente als Unterzieh Shirts, pur zur Jeans oder f\u00fcr den Sport nutzen, Sie werden schnell von der reinen, gek\u00e4mmten Baumwolle, welche nicht zu Letzt durch ihre Pflegeleichtigkeit &#8211; besonders b\u00fcgelleicht und trocknergeeignet -\u00fcberzeugt, begeistert sein. F\u00fcr noch mehr Komfort und Bewegungsfreiheit wurde der&nbsp;V-Ausschnitt mit einem elastischen Rippenb\u00fcndchen eingefasst und der Saum mit kleinen Seitenschlitzen versehen.<\/span> <br \/> Auslaufartikel (Produktion durch Hersteller eingestellt) \u200f : \u200e  Nein <br \/> Produktabmessungen \u200f : \u200e  29 x 21 x 3 cm; 150 Gramm <br \/> Im Angebot von Amazon.de seit \u200f : \u200e  17. Dezember 2011 <br \/> Hersteller \u200f : \u200e  Olymp Bezner GmbH &amp; Co. KG <br \/> ASIN \u200f : \u200e  B004VUKNM0 <br \/> Modellnummer \u200f : \u200e  0701\/12\/68 <br \/> Kategorie \u200f : \u200e  Herren <\/p>\n<p>Arml\u00e4nge: Kurzarm<br \/>Kragenform: v ausschnitt<br \/>Kurzarm<br \/>Verschluss: Pull-On<br \/>100% Baumwolle<br \/>Westlich<br \/>\n<br \/>[ad_2]<\/p>\n","protected":false},"excerpt":{"rendered":"<p>Price: [price_with_discount](as of [price_update_date] &#8211; Details) [ad_1] Stille Helden des Alltages &#8211; Baumwoll T-Shirts. Bequem im Schnitt und angenehm weich im Griff bieten Sie hohen Tragekomfort zum Schn\u00e4ppchen Preis. Egal<\/p>\n","protected":false},"featured_media":50433,"comment_status":"open","ping_status":"closed","template":"","meta":[],"product_cat":[231],"product_tag":[],"class_list":{"0":"post-50432","1":"product","2":"type-product","3":"status-publish","4":"has-post-thumbnail","6":"product_cat-mens-fashion","8":"first","9":"instock","10":"shipping-taxable","11":"product-type-external"},"aioseo_notices":[],"_links":{"self":[{"href":"https:\/\/topgetestet.de\/index.php?rest_route=\/wp\/v2\/product\/50432","targetHints":{"allow":["GET"]}}],"collection":[{"href":"https:\/\/topgetestet.de\/index.php?rest_route=\/wp\/v2\/product"}],"about":[{"href":"https:\/\/topgetestet.de\/index.php?rest_route=\/wp\/v2\/types\/product"}],"replies":[{"embeddable":true,"href":"https:\/\/topgetestet.de\/index.php?rest_route=%2Fwp%2Fv2%2Fcomments&post=50432"}],"wp:featuredmedia":[{"embeddable":true,"href":"https:\/\/topgetestet.de\/index.php?rest_route=\/wp\/v2\/media\/50433"}],"wp:attachment":[{"href":"https:\/\/topgetestet.de\/index.php?rest_route=%2Fwp%2Fv2%2Fmedia&parent=50432"}],"wp:term":[{"taxonomy":"product_cat","embeddable":true,"href":"https:\/\/topgetestet.de\/index.php?rest_route=%2Fwp%2Fv2%2Fproduct_cat&post=50432"},{"taxonomy":"product_tag","embeddable":true,"href":"https:\/\/topgetestet.de\/index.php?rest_route=%2Fwp%2Fv2%2Fproduct_tag&post=50432"}],"curies":[{"name":"wp","href":"https:\/\/api.w.org\/{rel}","templated":true}]}}