{"id":50407,"date":"2022-10-02T15:32:14","date_gmt":"2022-10-02T15:32:14","guid":{"rendered":"https:\/\/topgetestet.de\/?product=asics-damen-gel-sonoma-5-g-tx-trail-running-shoe"},"modified":"2022-10-02T15:32:14","modified_gmt":"2022-10-02T15:32:14","slug":"asics-damen-gel-sonoma-5-g-tx-trail-running-shoe","status":"publish","type":"product","link":"https:\/\/topgetestet.de\/?product=asics-damen-gel-sonoma-5-g-tx-trail-running-shoe","title":{"rendered":"ASICS Damen Gel-Sonoma 5 G-tx Trail Running Shoe"},"content":{"rendered":"<p>Price: <span style=\"color:#b12704\">[price_with_discount]<\/span><br \/><i><small>(as of [price_update_date] &#8211; <span class=\"wp_automatic_amazon_disclaimer\" title=\"Product prices and availability are accurate as of the date\/time indicated and are subject to change. Any price and availability information displayed on [relevant Amazon Site(s), as applicable] at the time of purchase will apply to the purchase of this product.\">Details<\/span>)<\/small><\/i><\/p>\n<p><a href=\"https:\/\/amazon.de\/dp\/B088WVS839?tag=topgetestet09-21\"><img decoding=\"async\" src=\"https:\/\/i.imgur.com\/ISRHEWs.png\"><\/a><br \/>\n[ad_1]<br \/>\n <span>Mit einem Schuh, der geeignet ist, Das st\u00e4ndig wechselnde Gel\u00e4nde zu bew\u00e4ltigen, das f\u00fcr den Trailrunning typisch ist, werden sie In der Lage sein, ihren zielen mehr Aufmerksamkeit zu widmen und die wundersch\u00f6nen Landschaften zu genie\u00dfen, die sie umgeben. Der gel-sonoma 5 G-TX ist ein extrem strapazierf\u00e4higer Laufschuh mit detailgenauen Details f\u00fcr den Trailrunning, der dir Komfort, Stabilit\u00e4t und Unterst\u00fctzung w\u00e4hrend der gesamten Reise bietet. Der gel-sonoma 5 G-TX wurde f\u00fcr mittlere bis niedrige laufleistungen entwickelt und verf\u00fcgt \u00fcber eine Gore-Tex-Membran, die den Fu\u00df bei jedem Wetter sch\u00fctzt. Das Gel in der netzhaut, die EVA-Zwischensohle und 4M reflektivit\u00e4t bieten Schutz, w\u00e4hrend die Sohle f\u00fcr den Trailrunning auf jeder Oberfl\u00e4che Halt und Halt bietet. Features: 10mm abgesenkte Ferse, foot back Gel, EVA Zwischensohle, 4M reflektivit\u00e4t, Ortholite Innenfutter, Sohle f\u00fcr Trailrunning, sehr zuverl\u00e4ssig und Best\u00e4ndig, g-tx Membrane. Gewicht 445 gr.<\/span> <br \/> Verpackungsabmessungen \u200f : \u200e  31 x 19.3 x 11.1 cm; 670 Gramm <br \/> Im Angebot von Amazon.de seit \u200f : \u200e  12. November 2019 <br \/> Hersteller \u200f : \u200e  Asics <br \/> ASIN \u200f : \u200e  B081BGT7TZ <br \/> Modellnummer \u200f : \u200e  1012A567 <br \/> Kategorie \u200f : \u200e  Damen <\/p>\n<p>[ad_2]<\/p>\n","protected":false},"excerpt":{"rendered":"<p>Price: [price_with_discount](as of [price_update_date] &#8211; Details) [ad_1] Mit einem Schuh, der geeignet ist, Das st\u00e4ndig wechselnde Gel\u00e4nde zu bew\u00e4ltigen, das f\u00fcr den Trailrunning typisch ist, werden sie In der Lage<\/p>\n","protected":false},"featured_media":50408,"comment_status":"open","ping_status":"closed","template":"","meta":[],"product_cat":[234],"product_tag":[235],"class_list":{"0":"post-50407","1":"product","2":"type-product","3":"status-publish","4":"has-post-thumbnail","6":"product_cat-shoes","7":"product_tag-mens-road-running-shoes","9":"first","10":"instock","11":"shipping-taxable","12":"product-type-external"},"aioseo_notices":[],"_links":{"self":[{"href":"https:\/\/topgetestet.de\/index.php?rest_route=\/wp\/v2\/product\/50407","targetHints":{"allow":["GET"]}}],"collection":[{"href":"https:\/\/topgetestet.de\/index.php?rest_route=\/wp\/v2\/product"}],"about":[{"href":"https:\/\/topgetestet.de\/index.php?rest_route=\/wp\/v2\/types\/product"}],"replies":[{"embeddable":true,"href":"https:\/\/topgetestet.de\/index.php?rest_route=%2Fwp%2Fv2%2Fcomments&post=50407"}],"wp:featuredmedia":[{"embeddable":true,"href":"https:\/\/topgetestet.de\/index.php?rest_route=\/wp\/v2\/media\/50408"}],"wp:attachment":[{"href":"https:\/\/topgetestet.de\/index.php?rest_route=%2Fwp%2Fv2%2Fmedia&parent=50407"}],"wp:term":[{"taxonomy":"product_cat","embeddable":true,"href":"https:\/\/topgetestet.de\/index.php?rest_route=%2Fwp%2Fv2%2Fproduct_cat&post=50407"},{"taxonomy":"product_tag","embeddable":true,"href":"https:\/\/topgetestet.de\/index.php?rest_route=%2Fwp%2Fv2%2Fproduct_tag&post=50407"}],"curies":[{"name":"wp","href":"https:\/\/api.w.org\/{rel}","templated":true}]}}