{"id":50272,"date":"2022-10-02T11:20:07","date_gmt":"2022-10-02T11:20:07","guid":{"rendered":"https:\/\/topgetestet.de\/?product=new-balance-herren-410v7-sneaker"},"modified":"2022-10-02T11:20:07","modified_gmt":"2022-10-02T11:20:07","slug":"new-balance-herren-410v7-sneaker","status":"publish","type":"product","link":"https:\/\/topgetestet.de\/?product=new-balance-herren-410v7-sneaker","title":{"rendered":"New Balance Herren 410v7 Sneaker"},"content":{"rendered":"<p>Price: <span style=\"color:#b12704\">[price_with_discount]<\/span><br \/><i><small>(as of [price_update_date] &#8211; <span class=\"wp_automatic_amazon_disclaimer\" title=\"Product prices and availability are accurate as of the date\/time indicated and are subject to change. Any price and availability information displayed on [relevant Amazon Site(s), as applicable] at the time of purchase will apply to the purchase of this product.\">Details<\/span>)<\/small><\/i><\/p>\n<p><a href=\"https:\/\/amazon.de\/dp\/B096N95XY6?tag=topgetestet09-21\"><img decoding=\"async\" src=\"https:\/\/i.imgur.com\/ISRHEWs.png\"><\/a><br \/>\n[ad_1]<br \/>\n <span>Der New Balance MT410V7 hilft Ihnen, Ihre Laufrouten mit einer AT-Profil-Laufsohle f\u00fcr zuverl\u00e4ssige Traktion auf und Off-Road-Gel\u00e4nde zu erweitern. Diese Trailrunning-Schuhe f\u00fcr Herren haben eine weiche Zwischensohle f\u00fcr Komfort unter den F\u00fc\u00dfen und strapazierf\u00e4hige Overlays f\u00fcr dauerhaften Tragekomfort. Das Ripstop-Nylon-Material und die dezente Silhouette verleihen Stil und Vielseitigkeit.<\/span> <br \/> Verpackungsabmessungen \u200f : \u200e  32.3 x 20.2 x 11.7 cm; 670 Gramm <br \/> Im Angebot von Amazon.de seit \u200f : \u200e  8. Dezember 2021 <br \/> Hersteller \u200f : \u200e  New Balance <br \/> ASIN \u200f : \u200e  B096NBFQQH <br \/> Modellnummer \u200f : \u200e  MT410CC7 <br \/> Kategorie \u200f : \u200e  Herren <\/p>\n<p>[ad_2]<\/p>\n","protected":false},"excerpt":{"rendered":"<p>Price: [price_with_discount](as of [price_update_date] &#8211; Details) [ad_1] Der New Balance MT410V7 hilft Ihnen, Ihre Laufrouten mit einer AT-Profil-Laufsohle f\u00fcr zuverl\u00e4ssige Traktion auf und Off-Road-Gel\u00e4nde zu erweitern. Diese Trailrunning-Schuhe f\u00fcr Herren<\/p>\n","protected":false},"featured_media":50273,"comment_status":"open","ping_status":"closed","template":"","meta":[],"product_cat":[234],"product_tag":[235],"class_list":{"0":"post-50272","1":"product","2":"type-product","3":"status-publish","4":"has-post-thumbnail","6":"product_cat-shoes","7":"product_tag-mens-road-running-shoes","9":"first","10":"instock","11":"shipping-taxable","12":"product-type-external"},"aioseo_notices":[],"_links":{"self":[{"href":"https:\/\/topgetestet.de\/index.php?rest_route=\/wp\/v2\/product\/50272","targetHints":{"allow":["GET"]}}],"collection":[{"href":"https:\/\/topgetestet.de\/index.php?rest_route=\/wp\/v2\/product"}],"about":[{"href":"https:\/\/topgetestet.de\/index.php?rest_route=\/wp\/v2\/types\/product"}],"replies":[{"embeddable":true,"href":"https:\/\/topgetestet.de\/index.php?rest_route=%2Fwp%2Fv2%2Fcomments&post=50272"}],"wp:featuredmedia":[{"embeddable":true,"href":"https:\/\/topgetestet.de\/index.php?rest_route=\/wp\/v2\/media\/50273"}],"wp:attachment":[{"href":"https:\/\/topgetestet.de\/index.php?rest_route=%2Fwp%2Fv2%2Fmedia&parent=50272"}],"wp:term":[{"taxonomy":"product_cat","embeddable":true,"href":"https:\/\/topgetestet.de\/index.php?rest_route=%2Fwp%2Fv2%2Fproduct_cat&post=50272"},{"taxonomy":"product_tag","embeddable":true,"href":"https:\/\/topgetestet.de\/index.php?rest_route=%2Fwp%2Fv2%2Fproduct_tag&post=50272"}],"curies":[{"name":"wp","href":"https:\/\/api.w.org\/{rel}","templated":true}]}}