{"id":50226,"date":"2022-10-02T11:12:51","date_gmt":"2022-10-02T11:12:51","guid":{"rendered":"https:\/\/topgetestet.de\/?product=vaude-damen-womens-annecy-3in1-coat-iii-doppeljacke"},"modified":"2022-10-02T11:12:51","modified_gmt":"2022-10-02T11:12:51","slug":"vaude-damen-womens-annecy-3in1-coat-iii-doppeljacke","status":"publish","type":"product","link":"https:\/\/topgetestet.de\/?product=vaude-damen-womens-annecy-3in1-coat-iii-doppeljacke","title":{"rendered":"VAUDE Damen Women&#8217;s Annecy 3in1 Coat Iii Doppeljacke"},"content":{"rendered":"<p>Price: <span style=\"color:#b12704\">[price_with_discount]<\/span><br \/><i><small>(as of [price_update_date] &#8211; <span class=\"wp_automatic_amazon_disclaimer\" title=\"Product prices and availability are accurate as of the date\/time indicated and are subject to change. Any price and availability information displayed on [relevant Amazon Site(s), as applicable] at the time of purchase will apply to the purchase of this product.\">Details<\/span>)<\/small><\/i><\/p>\n<p><a href=\"https:\/\/amazon.de\/dp\/B09X1XJSMC?tag=topgetestet09-21\"><img decoding=\"async\" src=\"https:\/\/i.imgur.com\/ISRHEWs.png\"><\/a><br \/>\n[ad_1]<br \/>\n <span>So wird der Winter erst richtig sch\u00f6n: Denn der hochwertige 3in1-Wintermantel f\u00fcr Damen wird allen Anspr\u00fcchen in Funktion und Optik gerecht! Egal ob frostige K\u00e4lte, eisiger Wind oder Dauerregen &#8211; die umweltfreundliche Annecy trotzt stilvoll jedem Wetter. Der regendichte Au\u00dfenmantel aus umweltfreundlich recyceltem Polyester hat einen weichen Griff und der herausnehmbare Innenmantel ist durch seine hochwertige, zertifizierte Daunenf\u00fcllung besonders warm. Durch seine modische Steppung ist der Innenmantel auch solo getragen ein Hingucker. Die verstellbaren Abschl\u00fcsse an Kapuze und \u00c4rmel halten bei schlechtem Wetter Wind und Regen ab und obendrein wird man in der D\u00e4mmerung durch den reflektierenden Druck am linken \u00c4rmel auch noch gut gesehen &#8211; dazu muss man diesen nur aufklappen. Der zwei-Wege-Rei\u00dfverschluss erm\u00f6glicht einen Zugriff auf die darunterliegenden (Hosen-)Taschen und die wasserdichte, atmungsaktive Membran sorgt f\u00fcr einen optimalen Tragekomfort. Dieser vielseitige, feminine Mantel f\u00fcr Stadt und Alltag kann von Herbst bis Fr\u00fchjahr getragen werden und ist mit Eco Finish umweltfreundlich wasserabweisend ohne Fluorcarbone (PFC) hergestellt. Das VAUDE Green Shape-Label steht f\u00fcr ein umweltfreundliches, funktionelles Produkt aus nachhaltigen Materialien.<\/span> <br \/> Verpackungsabmessungen \u200f : \u200e  53.34 x 45.47 x 14.48 cm; 1.37 Kilogramm <br \/> Im Angebot von Amazon.de seit \u200f : \u200e  22. April 2019 <br \/> Hersteller \u200f : \u200e  VAUDE <br \/> ASIN \u200f : \u200e  B07R3XCMX4 <br \/> Modellnummer \u200f : \u200e  41262 <br \/> Kategorie \u200f : \u200e  Damen <\/p>\n<p>[ad_2]<\/p>\n","protected":false},"excerpt":{"rendered":"<p>Price: [price_with_discount](as of [price_update_date] &#8211; Details) [ad_1] So wird der Winter erst richtig sch\u00f6n: Denn der hochwertige 3in1-Wintermantel f\u00fcr Damen wird allen Anspr\u00fcchen in Funktion und Optik gerecht! Egal ob<\/p>\n","protected":false},"featured_media":50227,"comment_status":"open","ping_status":"closed","template":"","meta":[],"product_cat":[232],"product_tag":[],"class_list":{"0":"post-50226","1":"product","2":"type-product","3":"status-publish","4":"has-post-thumbnail","6":"product_cat-women-fashion","8":"first","9":"instock","10":"shipping-taxable","11":"product-type-external"},"aioseo_notices":[],"_links":{"self":[{"href":"https:\/\/topgetestet.de\/index.php?rest_route=\/wp\/v2\/product\/50226","targetHints":{"allow":["GET"]}}],"collection":[{"href":"https:\/\/topgetestet.de\/index.php?rest_route=\/wp\/v2\/product"}],"about":[{"href":"https:\/\/topgetestet.de\/index.php?rest_route=\/wp\/v2\/types\/product"}],"replies":[{"embeddable":true,"href":"https:\/\/topgetestet.de\/index.php?rest_route=%2Fwp%2Fv2%2Fcomments&post=50226"}],"wp:featuredmedia":[{"embeddable":true,"href":"https:\/\/topgetestet.de\/index.php?rest_route=\/wp\/v2\/media\/50227"}],"wp:attachment":[{"href":"https:\/\/topgetestet.de\/index.php?rest_route=%2Fwp%2Fv2%2Fmedia&parent=50226"}],"wp:term":[{"taxonomy":"product_cat","embeddable":true,"href":"https:\/\/topgetestet.de\/index.php?rest_route=%2Fwp%2Fv2%2Fproduct_cat&post=50226"},{"taxonomy":"product_tag","embeddable":true,"href":"https:\/\/topgetestet.de\/index.php?rest_route=%2Fwp%2Fv2%2Fproduct_tag&post=50226"}],"curies":[{"name":"wp","href":"https:\/\/api.w.org\/{rel}","templated":true}]}}