{"id":50182,"date":"2022-10-02T11:05:28","date_gmt":"2022-10-02T11:05:28","guid":{"rendered":"https:\/\/topgetestet.de\/?post_type=product&#038;p=50182"},"modified":"2022-10-02T11:05:28","modified_gmt":"2022-10-02T11:05:28","slug":"agfaphoto-agfa-foto-ac5000-gr-action-cam-0-grau-s","status":"publish","type":"product","link":"https:\/\/topgetestet.de\/?product=agfaphoto-agfa-foto-ac5000-gr-action-cam-0-grau-s","title":{"rendered":"AgfaPhoto AGFA Foto AC5000 GR Action CAM 0, Grau, S"},"content":{"rendered":"<p>Price: <span style=\"color:#b12704\">[price_with_discount]<\/span><br \/><i><small>(as of [price_update_date] &#8211; <span class=\"wp_automatic_amazon_disclaimer\" title=\"Product prices and availability are accurate as of the date\/time indicated and are subject to change. Any price and availability information displayed on [relevant Amazon Site(s), as applicable] at the time of purchase will apply to the purchase of this product.\">Details<\/span>)<\/small><\/i><\/p>\n<p><a href=\"https:\/\/amazon.de\/dp\/B08P3PD4MV?tag=topgetestet09-21\"><img decoding=\"async\" src=\"https:\/\/i.imgur.com\/ISRHEWs.png\"><\/a><br \/>\n[ad_1]<br \/>\n <span>Wasserdicht bis 30 m \u2013 die Realimove AC5000 wird mit einem wasserdichten Geh\u00e4use geliefert, mit dem Sie bis zu 30 m unter Wasser gehen k\u00f6nnen \u2013 True 720P Videoaufl\u00f6sung True 720P und einer interpolation 1080P \u2013 2 MP Foto. Sie k\u00f6nnen auch wundersch\u00f6ne Bilder in HD-Aufl\u00f6sung aufnehmen \u2013 2 Zoll LCD-Bildschirm. zur Zeitanzeige Echtzeit und hochwertige Videowiedergabe. WLAN. Die App erm\u00f6glicht es Ihnen, die Kamera aus der Ferne zu steuern und Ihre Videos von Ihrem Smartphone anzuzeigen. Ideal f\u00fcr Ihre sportlichen Aktivit\u00e4ten \u2013 kompakt und mit einem wiederaufladbaren Lithium-Akku ausgestattet. Fotos und Videos werden auf einer Micro SD Karte bis zu 32 GB (nicht im Lieferumfang enthalten) gespeichert.<\/span> <br \/>Wasserdicht bis 30 m \u2013 Der Realimove AC5000 wird mit einem wasserdichten Geh\u00e4use geliefert, der bis zu 30 m unter Wasser l\u00e4uft<br \/>True 720p Video \u2013 mit True Videoaufl\u00f6sung 720p und 1080p Interpolation Aufl\u00f6sung<br \/>12 MP Foto \u2013 Sie k\u00f6nnen auch sehr sch\u00f6ne Bilder in hoher Aufl\u00f6sung aufnehmen<br \/>2&#8243; LCD Display &#8211; praktisch f\u00fcr Echtzeitanzeige und hochwertige Videowiedergabe<br \/>WLAN \u2013 Die App erm\u00f6glicht es Ihnen, die Kamera aus der Ferne zu steuern und Ihre Videos von Ihrem Smartphone anzuschauen, ideal f\u00fcr Ihre sportlichen Aktivit\u00e4ten \u2013 kompakt und mit einem wiederaufladbaren Lithium-Akku. Fotos und Videos werden auf einer max. 32 GB Micro-SD-Karte gespeichert (nicht im Lieferumfang enthalten)<br \/>\n<br \/>[ad_2]<\/p>\n","protected":false},"excerpt":{"rendered":"<p>Price: [price_with_discount](as of [price_update_date] &#8211; Details) [ad_1] Wasserdicht bis 30 m \u2013 die Realimove AC5000 wird mit einem wasserdichten Geh\u00e4use geliefert, mit dem Sie bis zu 30 m unter Wasser<\/p>\n","protected":false},"featured_media":50183,"comment_status":"open","ping_status":"closed","template":"","meta":[],"product_cat":[226],"product_tag":[240],"class_list":{"0":"post-50182","1":"product","2":"type-product","3":"status-publish","4":"has-post-thumbnail","6":"product_cat-cameras","7":"product_tag-camera-photo","9":"first","10":"instock","11":"sale","12":"shipping-taxable","13":"product-type-external"},"aioseo_notices":[],"_links":{"self":[{"href":"https:\/\/topgetestet.de\/index.php?rest_route=\/wp\/v2\/product\/50182","targetHints":{"allow":["GET"]}}],"collection":[{"href":"https:\/\/topgetestet.de\/index.php?rest_route=\/wp\/v2\/product"}],"about":[{"href":"https:\/\/topgetestet.de\/index.php?rest_route=\/wp\/v2\/types\/product"}],"replies":[{"embeddable":true,"href":"https:\/\/topgetestet.de\/index.php?rest_route=%2Fwp%2Fv2%2Fcomments&post=50182"}],"wp:featuredmedia":[{"embeddable":true,"href":"https:\/\/topgetestet.de\/index.php?rest_route=\/wp\/v2\/media\/50183"}],"wp:attachment":[{"href":"https:\/\/topgetestet.de\/index.php?rest_route=%2Fwp%2Fv2%2Fmedia&parent=50182"}],"wp:term":[{"taxonomy":"product_cat","embeddable":true,"href":"https:\/\/topgetestet.de\/index.php?rest_route=%2Fwp%2Fv2%2Fproduct_cat&post=50182"},{"taxonomy":"product_tag","embeddable":true,"href":"https:\/\/topgetestet.de\/index.php?rest_route=%2Fwp%2Fv2%2Fproduct_tag&post=50182"}],"curies":[{"name":"wp","href":"https:\/\/api.w.org\/{rel}","templated":true}]}}