{"id":49962,"date":"2022-10-02T07:01:27","date_gmt":"2022-10-02T07:01:27","guid":{"rendered":"https:\/\/topgetestet.de\/?product=vikings-wolves-of-midgard-playstation-4"},"modified":"2022-10-02T07:01:27","modified_gmt":"2022-10-02T07:01:27","slug":"vikings-wolves-of-midgard-playstation-4","status":"publish","type":"product","link":"https:\/\/topgetestet.de\/?product=vikings-wolves-of-midgard-playstation-4","title":{"rendered":"Vikings &#8211; Wolves of Midgard [PlayStation 4]"},"content":{"rendered":"<p>Price: <span style=\"color:#b12704\">[price_with_discount]<\/span><br \/><i><small>(as of [price_update_date] &#8211; <span class=\"wp_automatic_amazon_disclaimer\" title=\"Product prices and availability are accurate as of the date\/time indicated and are subject to change. Any price and availability information displayed on [relevant Amazon Site(s), as applicable] at the time of purchase will apply to the purchase of this product.\">Details<\/span>)<\/small><\/i><\/p>\n<p><a href=\"https:\/\/amazon.de\/dp\/B01NBR5F67?tag=topgetestet09-21\"><img decoding=\"async\" src=\"https:\/\/i.imgur.com\/ISRHEWs.png\"><\/a><br \/>\n[ad_1]<br \/>\n <span>Das Action-Rollenspiel Vikings &#8211; Wolves of Midgard versetzt Sie in die Welt der Ulfung &#8211; eine brutale Fantasy-Welt, in der sich der kriegerische Alltag der Wikinger mit nordischer Mythologie verbindet. Folgen Sie Ihrem Schicksal und nehmen Sie den Kampf auf gegen die furchterregenden J\u00f6tunn, Horden von Untoten und die zahllosen Bestien Ragnar\u00f6ks, w\u00e4hrend die allgegenw\u00e4rtige K\u00e4lte droht, alles Leben auszul\u00f6schen. Werden Sie eins mit Ihrer Waffe und lernen Sie, die verborgenen Kr\u00e4fte von Schilden und Schwertern, Zweihandh\u00e4mmern, beidh\u00e4ndig gef\u00fchrten \u00c4xten oder B\u00f6gen zu entfesseln. Opfern Sie den G\u00f6ttern das Blut Ihrer Feinde und verbessern Sie Ihre F\u00e4higkeiten dank der g\u00f6ttlichen Macht von Odin, Hel oder Tyr &#8211; nutzen Sie die Geschenke der G\u00f6tter weise. <\/p>\n<p>&#8211; Fantasy trifft nordische Mythologie: Als grimmiger Wikingerkrieger oder als erbarmungslose Schildmaid bahnen Sie sich Ihren Weg vom irdischen Midgard \u00fcber das frostige Niflheim bis hin zum brodelnden Balheim (Muspelheim).<br \/>&#8211; Die Gefahren des Fimbulwinters: Im Angesicht der frostigen K\u00e4lte des ewigen Winters und Horden von Gegnern k\u00e4mpfen Sie ums nackte \u00dcberleben.<br \/>&#8211; Tribut an die G\u00f6tter: Erlangen Sie die Gunst der G\u00f6tter mit dem Blut gefallener Gegner und entfesseln Sie Ihre wahren Kr\u00e4fte und F\u00e4higkeiten.<br \/>&#8211; Berserkerwut: Lassen Sie sich im richtigen Moment von Ihrem Zorn \u00fcbermannen, verfallen Sie in eine wilde Raserei und bezwingen Sie selbst die st\u00e4rksten Feinde.<br \/>&#8211; Kampfkunst: Perfektionieren Sie den Umgang mit Schwert, Bogen und verzauberten St\u00f6cken, um deren volles Potential auszusch\u00f6pfen.<br \/>&#8211; Die Macht der G\u00f6tter: Tragen Sie das Amulett von Thor oder Loki, nutzen Sie deren magische F\u00e4higkeiten und stellen Sie Ihr K\u00f6nnen in den Pr\u00fcfungen der G\u00f6tter unter Beweis.<br \/>&#8211; Teamwork: Im 2-Spieler-Online-Koop-Modus k\u00e4mpfen Sie sich zusammen mit einem Freund durch die gnadenlose Welt von Midgard und w\u00e4hlen aus 4 Schwierigkeitsgraden. Sind Sie stark genug f\u00fcr den erbarmungslosen Hardcore-Modus?<br \/>&#8211; Exklusiver Inhalt: Poster, digitaler Soundtrack &amp; digitales Artbook<\/span> <br \/> Auslaufartikel (Produktion durch Hersteller eingestellt) \u200f : \u200e  Nein <br \/> Alterseinstufung \u200f : \u200e  USK ab 18 <br \/> Sprache \u200f : \u200e  Deutsch <br \/> Handbuch \u200f : \u200e  Deutsch <br \/> Produktabmessungen \u200f : \u200e  17.2 x 13.4 x 1.3 cm; 100 Gramm <br \/> Erscheinungstermin \u200f : \u200e  24. M\u00e4rz 2017 <br \/> Untertitel: \u200f : \u200e  Deutsch <br \/> ASIN \u200f : \u200e  B01NBR5F67 <br \/> Herstellerreferenz \u200f : \u200e  1020082 <\/p>\n<p>K\u00e4mpfe ums nackte \u00dcberleben! &#8211; M\u00e4chtige Gegner und die eisige K\u00e4lte stellen dich vor neue Herausforderungen<br \/>Spiele als grimmiger Krieger oder als erbarmungslose Schildmaid und erlange die Gunst der G\u00f6tter mit dem Blut deiner besiegten Gegner<br \/>Erkunde die gnadenlosen Welten im Online-Koop mit einem Freund, w\u00e4hle aus vier Schwierigkeitsgraden und stelle dich dem Hardcore-Modus<br \/>\n<br \/>[ad_2]<\/p>\n","protected":false},"excerpt":{"rendered":"<p>Price: [price_with_discount](as of [price_update_date] &#8211; Details) [ad_1] Das Action-Rollenspiel Vikings &#8211; Wolves of Midgard versetzt Sie in die Welt der Ulfung &#8211; eine brutale Fantasy-Welt, in der sich der kriegerische<\/p>\n","protected":false},"featured_media":49963,"comment_status":"open","ping_status":"closed","template":"","meta":[],"product_cat":[227],"product_tag":[261],"class_list":{"0":"post-49962","1":"product","2":"type-product","3":"status-publish","4":"has-post-thumbnail","6":"product_cat-gaming","7":"product_tag-playstation-legacy-games","9":"first","10":"instock","11":"shipping-taxable","12":"product-type-external"},"aioseo_notices":[],"_links":{"self":[{"href":"https:\/\/topgetestet.de\/index.php?rest_route=\/wp\/v2\/product\/49962","targetHints":{"allow":["GET"]}}],"collection":[{"href":"https:\/\/topgetestet.de\/index.php?rest_route=\/wp\/v2\/product"}],"about":[{"href":"https:\/\/topgetestet.de\/index.php?rest_route=\/wp\/v2\/types\/product"}],"replies":[{"embeddable":true,"href":"https:\/\/topgetestet.de\/index.php?rest_route=%2Fwp%2Fv2%2Fcomments&post=49962"}],"wp:featuredmedia":[{"embeddable":true,"href":"https:\/\/topgetestet.de\/index.php?rest_route=\/wp\/v2\/media\/49963"}],"wp:attachment":[{"href":"https:\/\/topgetestet.de\/index.php?rest_route=%2Fwp%2Fv2%2Fmedia&parent=49962"}],"wp:term":[{"taxonomy":"product_cat","embeddable":true,"href":"https:\/\/topgetestet.de\/index.php?rest_route=%2Fwp%2Fv2%2Fproduct_cat&post=49962"},{"taxonomy":"product_tag","embeddable":true,"href":"https:\/\/topgetestet.de\/index.php?rest_route=%2Fwp%2Fv2%2Fproduct_tag&post=49962"}],"curies":[{"name":"wp","href":"https:\/\/api.w.org\/{rel}","templated":true}]}}