{"id":49556,"date":"2022-10-02T00:30:03","date_gmt":"2022-10-02T00:30:03","guid":{"rendered":"https:\/\/topgetestet.de\/?product=microsoft-surface-headphones-2-grau"},"modified":"2022-10-02T00:30:03","modified_gmt":"2022-10-02T00:30:03","slug":"microsoft-surface-headphones-2-grau","status":"publish","type":"product","link":"https:\/\/topgetestet.de\/?product=microsoft-surface-headphones-2-grau","title":{"rendered":"Microsoft Surface Headphones 2 Grau"},"content":{"rendered":"<p>Price: <span style=\"color:#b12704\">[price_with_discount]<\/span><br \/><i><small>(as of [price_update_date] &#8211; <span class=\"wp_automatic_amazon_disclaimer\" title=\"Product prices and availability are accurate as of the date\/time indicated and are subject to change. Any price and availability information displayed on [relevant Amazon Site(s), as applicable] at the time of purchase will apply to the purchase of this product.\">Details<\/span>)<\/small><\/i><\/p>\n<p><a href=\"https:\/\/amazon.de\/dp\/B086NDH31H?tag=topgetestet09-21\"><img decoding=\"async\" src=\"https:\/\/i.imgur.com\/ISRHEWs.png\"><\/a><br \/>\n[ad_1]<br \/>\n Um die Gesamtbewertung der Sterne und die prozentuale Aufschl\u00fcsselung nach Sternen zu berechnen, verwenden wir keinen einfachen Durchschnitt. Stattdessen ber\u00fccksichtigt unser System beispielsweise, wie aktuell eine Bewertung ist und ob der Pr\u00fcfer den Artikel bei Amazon gekauft hat. Es wurden auch Bewertungen analysiert, um die Vertrauensw\u00fcrdigkeit zu \u00fcberpr\u00fcfen. <br \/>Beeindruckender Omnisonic-Sound l\u00e4sst Sie eintauchen in Ihre Lieblingsmusik, Lieblingssendungen und vieles mehr<br \/>Mit den On-Ear-Touch-Bedienelementen k\u00f6nnen Sie die Lautst\u00e4rke einstellen oder dank 13\u00a0Stufen Active Noise-Cancelling die Ruhe genie\u00dfen<br \/>Die weichen Over-Ear-Pads sind atmungsaktiv, leicht und angenehm zu tragen<br \/>Mit der intuitiven Touch- und Sprachsteuerung k\u00f6nnen Sie Titel \u00fcberspringen, Anrufe annehmen\/beenden und digitale Unterst\u00fctzung erhalten, ohne die H\u00e4nde einzusetzen<br \/>4\u00a0Mikrofone pro Ohrmuschel sorgen f\u00fcr au\u00dfergew\u00f6hnliche Sprachqualit\u00e4t und Active Noise-Cancelling<br \/>\n<br \/>[ad_2]<\/p>\n","protected":false},"excerpt":{"rendered":"<p>Price: [price_with_discount](as of [price_update_date] &#8211; Details) [ad_1] Um die Gesamtbewertung der Sterne und die prozentuale Aufschl\u00fcsselung nach Sternen zu berechnen, verwenden wir keinen einfachen Durchschnitt. Stattdessen ber\u00fccksichtigt unser System beispielsweise,<\/p>\n","protected":false},"featured_media":49557,"comment_status":"open","ping_status":"closed","template":"","meta":[],"product_cat":[225],"product_tag":[],"class_list":{"0":"post-49556","1":"product","2":"type-product","3":"status-publish","4":"has-post-thumbnail","6":"product_cat-electronics","8":"first","9":"instock","10":"shipping-taxable","11":"product-type-external"},"aioseo_notices":[],"_links":{"self":[{"href":"https:\/\/topgetestet.de\/index.php?rest_route=\/wp\/v2\/product\/49556","targetHints":{"allow":["GET"]}}],"collection":[{"href":"https:\/\/topgetestet.de\/index.php?rest_route=\/wp\/v2\/product"}],"about":[{"href":"https:\/\/topgetestet.de\/index.php?rest_route=\/wp\/v2\/types\/product"}],"replies":[{"embeddable":true,"href":"https:\/\/topgetestet.de\/index.php?rest_route=%2Fwp%2Fv2%2Fcomments&post=49556"}],"wp:featuredmedia":[{"embeddable":true,"href":"https:\/\/topgetestet.de\/index.php?rest_route=\/wp\/v2\/media\/49557"}],"wp:attachment":[{"href":"https:\/\/topgetestet.de\/index.php?rest_route=%2Fwp%2Fv2%2Fmedia&parent=49556"}],"wp:term":[{"taxonomy":"product_cat","embeddable":true,"href":"https:\/\/topgetestet.de\/index.php?rest_route=%2Fwp%2Fv2%2Fproduct_cat&post=49556"},{"taxonomy":"product_tag","embeddable":true,"href":"https:\/\/topgetestet.de\/index.php?rest_route=%2Fwp%2Fv2%2Fproduct_tag&post=49556"}],"curies":[{"name":"wp","href":"https:\/\/api.w.org\/{rel}","templated":true}]}}