{"id":49534,"date":"2022-10-02T00:26:56","date_gmt":"2022-10-02T00:26:56","guid":{"rendered":"https:\/\/topgetestet.de\/?product=guess-36-mm-multifunktions-uhr-mit-glitzer-zifferblatt-und-kristallen"},"modified":"2022-10-02T00:26:56","modified_gmt":"2022-10-02T00:26:56","slug":"guess-36-mm-multifunktions-uhr-mit-glitzer-zifferblatt-und-kristallen","status":"publish","type":"product","link":"https:\/\/topgetestet.de\/?product=guess-36-mm-multifunktions-uhr-mit-glitzer-zifferblatt-und-kristallen","title":{"rendered":"GUESS 36 mm Multifunktions-Uhr mit Glitzer-Zifferblatt und Kristallen"},"content":{"rendered":"<p>Price: <span style=\"color:#b12704\">[price_with_discount]<\/span><br \/><i><small>(as of [price_update_date] &#8211; <span class=\"wp_automatic_amazon_disclaimer\" title=\"Product prices and availability are accurate as of the date\/time indicated and are subject to change. Any price and availability information displayed on [relevant Amazon Site(s), as applicable] at the time of purchase will apply to the purchase of this product.\">Details<\/span>)<\/small><\/i><\/p>\n<p><a href=\"https:\/\/amazon.de\/dp\/B09B7D1B9B?tag=topgetestet09-21\"><img decoding=\"async\" src=\"https:\/\/i.imgur.com\/ISRHEWs.png\"><\/a><br \/>\n[ad_1]<br \/>\n Um die Gesamtbewertung der Sterne und die prozentuale Aufschl\u00fcsselung nach Sternen zu berechnen, verwenden wir keinen einfachen Durchschnitt. Stattdessen ber\u00fccksichtigt unser System beispielsweise, wie aktuell eine Bewertung ist und ob der Pr\u00fcfer den Artikel bei Amazon gekauft hat. Es wurden auch Bewertungen analysiert, um die Vertrauensw\u00fcrdigkeit zu \u00fcberpr\u00fcfen. <br \/> Batterien \u200f : \u200e  1 Lithium-Metall Batterien erforderlich (enthalten). <br \/> Produktabmessungen \u200f : \u200e  9 x 6 x 9 cm; 218 Gramm <br \/> Im Angebot von Amazon.de seit \u200f : \u200e  21. August 2021 <br \/> Hersteller \u200f : \u200e  Guess <br \/> ASIN \u200f : \u200e  B09B7D1B9B <br \/> Modellnummer \u200f : \u200e  GW0320L2 <br \/> Kategorie \u200f : \u200e  Damen <\/p>\n<p>Edelstahl geh\u00e4use, golden zifferblatt<br \/>Quarzwerk bewegung<br \/>Geh\u00e4usedurchmesser: 36mm<br \/>Wasserresistent: 30m<br \/>\n<br \/>[ad_2]<\/p>\n","protected":false},"excerpt":{"rendered":"<p>Price: [price_with_discount](as of [price_update_date] &#8211; Details) [ad_1] Um die Gesamtbewertung der Sterne und die prozentuale Aufschl\u00fcsselung nach Sternen zu berechnen, verwenden wir keinen einfachen Durchschnitt. Stattdessen ber\u00fccksichtigt unser System beispielsweise,<\/p>\n","protected":false},"featured_media":49535,"comment_status":"open","ping_status":"closed","template":"","meta":[],"product_cat":[232],"product_tag":[],"class_list":{"0":"post-49534","1":"product","2":"type-product","3":"status-publish","4":"has-post-thumbnail","6":"product_cat-women-fashion","8":"first","9":"instock","10":"shipping-taxable","11":"product-type-external"},"aioseo_notices":[],"_links":{"self":[{"href":"https:\/\/topgetestet.de\/index.php?rest_route=\/wp\/v2\/product\/49534","targetHints":{"allow":["GET"]}}],"collection":[{"href":"https:\/\/topgetestet.de\/index.php?rest_route=\/wp\/v2\/product"}],"about":[{"href":"https:\/\/topgetestet.de\/index.php?rest_route=\/wp\/v2\/types\/product"}],"replies":[{"embeddable":true,"href":"https:\/\/topgetestet.de\/index.php?rest_route=%2Fwp%2Fv2%2Fcomments&post=49534"}],"wp:featuredmedia":[{"embeddable":true,"href":"https:\/\/topgetestet.de\/index.php?rest_route=\/wp\/v2\/media\/49535"}],"wp:attachment":[{"href":"https:\/\/topgetestet.de\/index.php?rest_route=%2Fwp%2Fv2%2Fmedia&parent=49534"}],"wp:term":[{"taxonomy":"product_cat","embeddable":true,"href":"https:\/\/topgetestet.de\/index.php?rest_route=%2Fwp%2Fv2%2Fproduct_cat&post=49534"},{"taxonomy":"product_tag","embeddable":true,"href":"https:\/\/topgetestet.de\/index.php?rest_route=%2Fwp%2Fv2%2Fproduct_tag&post=49534"}],"curies":[{"name":"wp","href":"https:\/\/api.w.org\/{rel}","templated":true}]}}