{"id":49530,"date":"2022-10-02T00:25:56","date_gmt":"2022-10-02T00:25:56","guid":{"rendered":"https:\/\/topgetestet.de\/?product=kappa-unisex-rave-gc-women-strasen-laufschuh"},"modified":"2022-10-02T00:25:56","modified_gmt":"2022-10-02T00:25:56","slug":"kappa-unisex-rave-gc-women-strasen-laufschuh","status":"publish","type":"product","link":"https:\/\/topgetestet.de\/?product=kappa-unisex-rave-gc-women-strasen-laufschuh","title":{"rendered":"Kappa Unisex Rave Gc Women Stra\u00dfen-Laufschuh"},"content":{"rendered":"<p>Price: <span style=\"color:#b12704\">[price_with_discount]<\/span><br \/><i><small>(as of [price_update_date] &#8211; <span class=\"wp_automatic_amazon_disclaimer\" title=\"Product prices and availability are accurate as of the date\/time indicated and are subject to change. Any price and availability information displayed on [relevant Amazon Site(s), as applicable] at the time of purchase will apply to the purchase of this product.\">Details<\/span>)<\/small><\/i><\/p>\n<p><a href=\"https:\/\/amazon.de\/dp\/B08W5FPH6K?tag=topgetestet09-21\"><img decoding=\"async\" src=\"https:\/\/i.imgur.com\/ISRHEWs.png\"><\/a><br \/>\n[ad_1]<\/p>\n<p>       Von der Marke <\/p>\n<p>             <img decoding=\"async\" alt=\"Logo\" src=\"https:\/\/images-na.ssl-images-amazon.com\/images\/G\/01\/x-locale\/common\/grey-pixel.gif\" class=\"a-lazy-loaded\" data-src=\"https:\/\/m.media-amazon.com\/images\/S\/aplus-media-library-service-media\/168a6b82-fad7-4462-bdbd-fde661887692.__CR228,53,2280,973_PT0_SX1464_V1___.jpg\"><\/p>\n<p>              <img decoding=\"async\" alt=\"Logo\" src=\"https:\/\/m.media-amazon.com\/images\/S\/aplus-media-library-service-media\/168a6b82-fad7-4462-bdbd-fde661887692.__CR228,53,2280,973_PT0_SX1464_V1___.jpg\"><\/p>\n<p>                   <img decoding=\"async\" alt=\"Kappa SpringSummer 2022\" src=\"https:\/\/images-na.ssl-images-amazon.com\/images\/G\/01\/x-locale\/common\/grey-pixel.gif\" class=\"a-lazy-loaded\" data-src=\"https:\/\/m.media-amazon.com\/images\/S\/aplus-media-library-service-media\/b64bb6fb-80a1-4436-a733-582ff81173b2.__CR108,397,2083,959_PT0_SX315_V1___.jpg\"><\/p>\n<p>                    <img decoding=\"async\" alt=\"Kappa SpringSummer 2022\" src=\"https:\/\/m.media-amazon.com\/images\/S\/aplus-media-library-service-media\/b64bb6fb-80a1-4436-a733-582ff81173b2.__CR108,397,2083,959_PT0_SX315_V1___.jpg\"><\/p>\n<p> Die Traditionsmarke Kappa wurde 1967 in Turin gegr\u00fcndet und steht seither f\u00fcr Fairness, Gleichberechtigung und gegenseitigen Respekt im Sport und in der Gesellschaft. Als weltweit agierende Sportmodemarke setzt sich Kappa f\u00fcr diese positive Grundhaltung ein, die mit dem Slogan &#8220;Bleib sportlich&#8221; kommuniziert wird. <\/p>\n<p> Unser Portfolio reicht von Bekleidung und Accessoires bis hin zu Schuhen aus dem Sport und Lifestyle Bereich. <\/p>\n<p>                     Wof\u00fcr steht das Logo?  <\/p>\n<p> Das Logo steht symbolisch f\u00fcr die gegenseitige Fairness und Anerkennung von M\u00e4nnern und Frauen im Sport und bei den allt\u00e4glichen Herausforderungen. <\/p>\n<p>                     Wer steckt hinter Kappa Deutschland?  <\/p>\n<p> Kappa Deutschland ist ein Unternehmen der Schmidt Gruppe. Die Schmidt Gruppe ist ein traditionsreiches Familienunternehmen mit Sitz in Norderstedt bei Hamburg. <\/p>\n<p>                     Woher kennt ihr unser Logo?  <\/p>\n<p> Seitdem Jahr 2000 agierte Kappa als offizieller Ausr\u00fcster namhafter Bundesliga Clubs. Aktuell l\u00e4uft der 1. FSV Mainz 05 in unseren Trikots auf. <\/p>\n<p>                   <img decoding=\"async\" alt=\"Kickoff Kappa\" src=\"https:\/\/images-na.ssl-images-amazon.com\/images\/G\/01\/x-locale\/common\/grey-pixel.gif\" class=\"a-lazy-loaded\" data-src=\"https:\/\/m.media-amazon.com\/images\/S\/aplus-media-library-service-media\/973b3bec-3004-4fce-9cd8-cf7c75e7b773.__CR145,0,680,851_PT0_SX362_V1___.jpg\"><\/p>\n<p>                    <img decoding=\"async\" alt=\"Kickoff Kappa\" src=\"https:\/\/m.media-amazon.com\/images\/S\/aplus-media-library-service-media\/973b3bec-3004-4fce-9cd8-cf7c75e7b773.__CR145,0,680,851_PT0_SX362_V1___.jpg\"><\/p>\n<h3> Kappa Hallenschuhe <\/h3>\n<p> Seit Jahren ein Erfolgsgarant f\u00fcr Schul- und Freizeitsport <\/p>\n<p>                   <img decoding=\"async\" alt=\"Vend, Caspar, Kappa, BAsic \" src=\"https:\/\/images-na.ssl-images-amazon.com\/images\/G\/01\/x-locale\/common\/grey-pixel.gif\" class=\"a-lazy-loaded\" data-src=\"https:\/\/m.media-amazon.com\/images\/S\/aplus-media-library-service-media\/d2e1862c-c415-40db-85da-4ead2d21500f.__CR2775,193,3857,4827_PT0_SX362_V1___.jpg\"><\/p>\n<p>                    <img decoding=\"async\" alt=\"Vend, Caspar, Kappa, BAsic \" src=\"https:\/\/m.media-amazon.com\/images\/S\/aplus-media-library-service-media\/d2e1862c-c415-40db-85da-4ead2d21500f.__CR2775,193,3857,4827_PT0_SX362_V1___.jpg\"><\/p>\n<h3> Kappa Basics <\/h3>\n<p> Die richtigen Basics f\u00fcr deinen Kleiderschrank &#8211; egal ob Sommer oder Winter <\/p>\n<p>                   <img decoding=\"async\" alt=\"Bash PF GC\" src=\"https:\/\/images-na.ssl-images-amazon.com\/images\/G\/01\/x-locale\/common\/grey-pixel.gif\" class=\"a-lazy-loaded\" data-src=\"https:\/\/m.media-amazon.com\/images\/S\/aplus-media-library-service-media\/6b7a3727-daef-4de6-8ea1-a32e32dbd931.__CR34,134,380,476_PT0_SX362_V1___.jpg\"><\/p>\n<p>                    <img decoding=\"async\" alt=\"Bash PF GC\" src=\"https:\/\/m.media-amazon.com\/images\/S\/aplus-media-library-service-media\/6b7a3727-daef-4de6-8ea1-a32e32dbd931.__CR34,134,380,476_PT0_SX362_V1___.jpg\"><\/p>\n<h3> Klassiker neu gedacht <\/h3>\n<p> Neben den altbew\u00e4hrten Klassikern bietet Kappa jedes Jahr aufs Neue stylische Alternativen <\/p>\n<p>                   <img decoding=\"async\" alt=\"Kappa AW22\" src=\"https:\/\/images-na.ssl-images-amazon.com\/images\/G\/01\/x-locale\/common\/grey-pixel.gif\" class=\"a-lazy-loaded\" data-src=\"https:\/\/m.media-amazon.com\/images\/S\/aplus-media-library-service-media\/13f74e4e-beb8-4c7c-9ec7-e4090f223915.__CR14,49,372,465_PT0_SX362_V1___.jpg\"><\/p>\n<p>                    <img decoding=\"async\" alt=\"Kappa AW22\" src=\"https:\/\/m.media-amazon.com\/images\/S\/aplus-media-library-service-media\/13f74e4e-beb8-4c7c-9ec7-e4090f223915.__CR14,49,372,465_PT0_SX362_V1___.jpg\"><\/p>\n<h3> Authentic Banda <\/h3>\n<p> Das Markenzeichen der Kappa Authentic Kollektion &#8211; das Omini Banda <\/p>\n<p>[ad_2]<\/p>\n","protected":false},"excerpt":{"rendered":"<p>Price: [price_with_discount](as of [price_update_date] &#8211; Details) [ad_1] Von der Marke Die Traditionsmarke Kappa wurde 1967 in Turin gegr\u00fcndet und steht seither f\u00fcr Fairness, Gleichberechtigung und gegenseitigen Respekt im Sport und<\/p>\n","protected":false},"featured_media":49531,"comment_status":"open","ping_status":"closed","template":"","meta":[],"product_cat":[230],"product_tag":[266],"class_list":{"0":"post-49530","1":"product","2":"type-product","3":"status-publish","4":"has-post-thumbnail","6":"product_cat-fashion","7":"product_tag-womens-fashion-sneakers","9":"first","10":"instock","11":"shipping-taxable","12":"product-type-external"},"aioseo_notices":[],"_links":{"self":[{"href":"https:\/\/topgetestet.de\/index.php?rest_route=\/wp\/v2\/product\/49530","targetHints":{"allow":["GET"]}}],"collection":[{"href":"https:\/\/topgetestet.de\/index.php?rest_route=\/wp\/v2\/product"}],"about":[{"href":"https:\/\/topgetestet.de\/index.php?rest_route=\/wp\/v2\/types\/product"}],"replies":[{"embeddable":true,"href":"https:\/\/topgetestet.de\/index.php?rest_route=%2Fwp%2Fv2%2Fcomments&post=49530"}],"wp:featuredmedia":[{"embeddable":true,"href":"https:\/\/topgetestet.de\/index.php?rest_route=\/wp\/v2\/media\/49531"}],"wp:attachment":[{"href":"https:\/\/topgetestet.de\/index.php?rest_route=%2Fwp%2Fv2%2Fmedia&parent=49530"}],"wp:term":[{"taxonomy":"product_cat","embeddable":true,"href":"https:\/\/topgetestet.de\/index.php?rest_route=%2Fwp%2Fv2%2Fproduct_cat&post=49530"},{"taxonomy":"product_tag","embeddable":true,"href":"https:\/\/topgetestet.de\/index.php?rest_route=%2Fwp%2Fv2%2Fproduct_tag&post=49530"}],"curies":[{"name":"wp","href":"https:\/\/api.w.org\/{rel}","templated":true}]}}