{"id":49305,"date":"2022-10-01T18:41:45","date_gmt":"2022-10-01T18:41:45","guid":{"rendered":"https:\/\/topgetestet.de\/?product=s-oliver-damen-gurtel"},"modified":"2022-10-01T18:41:45","modified_gmt":"2022-10-01T18:41:45","slug":"s-oliver-damen-gurtel","status":"publish","type":"product","link":"https:\/\/topgetestet.de\/?product=s-oliver-damen-gurtel","title":{"rendered":"s.Oliver Damen G\u00fcrtel"},"content":{"rendered":"<p>Price: <span style=\"color:#b12704\">[price_with_discount]<\/span><br \/><i><small>(as of [price_update_date] &#8211; <span class=\"wp_automatic_amazon_disclaimer\" title=\"Product prices and availability are accurate as of the date\/time indicated and are subject to change. Any price and availability information displayed on [relevant Amazon Site(s), as applicable] at the time of purchase will apply to the purchase of this product.\">Details<\/span>)<\/small><\/i><\/p>\n<p><a href=\"https:\/\/amazon.de\/dp\/B01LY6GEJQ?tag=topgetestet09-21\"><img decoding=\"async\" src=\"https:\/\/i.imgur.com\/ISRHEWs.png\"><\/a><br \/>\n[ad_1]<br \/>\n <span>Damen Leder G\u00fcrtel mit Metallschlie\u00dfe. Ma\u00dfe: Breite ca. 3,3 cm.<\/span> <br \/> Auslaufartikel (Produktion durch Hersteller eingestellt) \u200f : \u200e  Nein <br \/> Verpackungsabmessungen \u200f : \u200e  15.6 x 8.59 x 5.59 cm; 110 Gramm <br \/> Im Angebot von Amazon.de seit \u200f : \u200e  1. Februar 2017 <br \/> Hersteller \u200f : \u200e  s.Oliver <br \/> ASIN \u200f : \u200e  B01LYI85KR <br \/> Modellnummer \u200f : \u200e  38899953635 <br \/> Kategorie \u200f : \u200e  Damen <\/p>\n<p>G\u00fcrtel aus hochwertigem Echtleder<br \/>Verschluss: Haken und \u00d6se<br \/>100% Leder<br \/>Modellnummer: 38899953635<br \/>\n<br \/>[ad_2]<\/p>\n","protected":false},"excerpt":{"rendered":"<p>Price: [price_with_discount](as of [price_update_date] &#8211; Details) [ad_1] Damen Leder G\u00fcrtel mit Metallschlie\u00dfe. Ma\u00dfe: Breite ca. 3,3 cm. Auslaufartikel (Produktion durch Hersteller eingestellt) \u200f : \u200e Nein Verpackungsabmessungen \u200f : \u200e<\/p>\n","protected":false},"featured_media":49306,"comment_status":"open","ping_status":"closed","template":"","meta":[],"product_cat":[232],"product_tag":[],"class_list":{"0":"post-49305","1":"product","2":"type-product","3":"status-publish","4":"has-post-thumbnail","6":"product_cat-women-fashion","8":"first","9":"instock","10":"shipping-taxable","11":"product-type-external"},"aioseo_notices":[],"_links":{"self":[{"href":"https:\/\/topgetestet.de\/index.php?rest_route=\/wp\/v2\/product\/49305","targetHints":{"allow":["GET"]}}],"collection":[{"href":"https:\/\/topgetestet.de\/index.php?rest_route=\/wp\/v2\/product"}],"about":[{"href":"https:\/\/topgetestet.de\/index.php?rest_route=\/wp\/v2\/types\/product"}],"replies":[{"embeddable":true,"href":"https:\/\/topgetestet.de\/index.php?rest_route=%2Fwp%2Fv2%2Fcomments&post=49305"}],"wp:featuredmedia":[{"embeddable":true,"href":"https:\/\/topgetestet.de\/index.php?rest_route=\/wp\/v2\/media\/49306"}],"wp:attachment":[{"href":"https:\/\/topgetestet.de\/index.php?rest_route=%2Fwp%2Fv2%2Fmedia&parent=49305"}],"wp:term":[{"taxonomy":"product_cat","embeddable":true,"href":"https:\/\/topgetestet.de\/index.php?rest_route=%2Fwp%2Fv2%2Fproduct_cat&post=49305"},{"taxonomy":"product_tag","embeddable":true,"href":"https:\/\/topgetestet.de\/index.php?rest_route=%2Fwp%2Fv2%2Fproduct_tag&post=49305"}],"curies":[{"name":"wp","href":"https:\/\/api.w.org\/{rel}","templated":true}]}}