{"id":49190,"date":"2022-10-01T18:12:07","date_gmt":"2022-10-01T18:12:07","guid":{"rendered":"https:\/\/topgetestet.de\/?product=ambi-toys-31235-zeckenuhr-galt-toys-tick-tack-uhr-multi"},"modified":"2022-10-01T18:12:07","modified_gmt":"2022-10-01T18:12:07","slug":"ambi-toys-31235-zeckenuhr-galt-toys-tick-tack-uhr-multi","status":"publish","type":"product","link":"https:\/\/topgetestet.de\/?product=ambi-toys-31235-zeckenuhr-galt-toys-tick-tack-uhr-multi","title":{"rendered":"Ambi Toys 31235 Zeckenuhr Galt Toys Tick-Tack-Uhr, Multi"},"content":{"rendered":"<p>Price: <span style=\"color:#b12704\">[price_with_discount]<\/span><br \/><i><small>(as of [price_update_date] &#8211; <span class=\"wp_automatic_amazon_disclaimer\" title=\"Product prices and availability are accurate as of the date\/time indicated and are subject to change. Any price and availability information displayed on [relevant Amazon Site(s), as applicable] at the time of purchase will apply to the purchase of this product.\">Details<\/span>)<\/small><\/i><\/p>\n<p><a href=\"https:\/\/amazon.de\/dp\/B07MJTQLHL?tag=topgetestet09-21\"><img decoding=\"async\" src=\"https:\/\/i.imgur.com\/ISRHEWs.png\"><\/a><br \/>\n[ad_1]<\/p>\n<p>       Produktbeschreibung des Herstellers <\/p>\n<p>              <img decoding=\"async\" alt=\"Ambi Toys sensorisches Babyspielzeug\" src=\"https:\/\/images-na.ssl-images-amazon.com\/images\/G\/01\/x-locale\/common\/grey-pixel.gif\" class=\"a-lazy-loaded\" data-src=\"https:\/\/m.media-amazon.com\/images\/S\/aplus-media\/vc\/60a47b5d-ab9a-4c60-ba4a-1ca9e7714976.__CR0,0,970,300_PT0_SX970_V1___.jpg\"><\/p>\n<p>               <img decoding=\"async\" alt=\"Ambi Toys sensorisches Babyspielzeug\" src=\"https:\/\/m.media-amazon.com\/images\/S\/aplus-media\/vc\/60a47b5d-ab9a-4c60-ba4a-1ca9e7714976.__CR0,0,970,300_PT0_SX970_V1___.jpg\"><\/p>\n<p>              <img decoding=\"async\" alt=\"Tick Tock Uhr Ambi Toys Lernen die Zeit Baby Spielzeug\" src=\"https:\/\/images-na.ssl-images-amazon.com\/images\/G\/01\/x-locale\/common\/grey-pixel.gif\" class=\"a-lazy-loaded\" data-src=\"https:\/\/m.media-amazon.com\/images\/S\/aplus-media-library-service-media\/de3b1e94-6f85-45dd-a8c2-e6c5e7d3475f.__CR0,0,1000,1000_PT0_SX300_V1___.jpg\"><\/p>\n<p>               <img decoding=\"async\" alt=\"Tick Tock Uhr Ambi Toys Lernen die Zeit Baby Spielzeug\" src=\"https:\/\/m.media-amazon.com\/images\/S\/aplus-media-library-service-media\/de3b1e94-6f85-45dd-a8c2-e6c5e7d3475f.__CR0,0,1000,1000_PT0_SX300_V1___.jpg\"><\/p>\n<h3 class=\"a-spacing-mini\"> Ambi Toys Activity Range \u2013 Spielzeug f\u00fcr die fr\u00fchere Entwicklung und Aktivit\u00e4t. <\/h3>\n<p> Ambi Toys wurde in den 70er und 80er Jahren von dem preisgekr\u00f6nten britischen Designer Patrick Rylands entworfen und h\u00e4lt den Test der Zeit stand. Mit ihren einfachen Linien, originellen Merkmalen und kr\u00e4ftigen Farbreinheiten erfreuen sie Babys und Kleinkinder gleicherma\u00dfen. <\/p>\n<p> Diese gut gestalteten und zuverl\u00e4ssigen Spielzeuge f\u00f6rdern die Entwicklung und entt\u00e4uschen nicht beim Spielen, bieten eine kontinuierliche Quelle des Lernens und Spa\u00df, um f\u00fcr die kommenden Generationen zu inspirieren und zu unterhalten. <\/p>\n<h3 class=\"a-spacing-small\"> P\u00e4dagogische Aktivit\u00e4ten, die Kinder lieben werden. <\/h3>\n<p> <img decoding=\"async\" alt=\"Tick Tock Uhr lehren die Uhrzeit Kinder Uhr\" src=\"https:\/\/images-na.ssl-images-amazon.com\/images\/G\/01\/x-locale\/common\/grey-pixel.gif\" class=\"a-spacing-mini a-lazy-loaded\" data-src=\"https:\/\/m.media-amazon.com\/images\/S\/aplus-media-library-service-media\/2493ef54-2a29-485a-bdb0-90e667504e2b.__CR0,0,1000,1000_PT0_SX300_V1___.jpg\">\n                   <\/p>\n<p>                    <img decoding=\"async\" alt=\"Tick Tock Uhr lehren die Uhrzeit Kinder Uhr\" src=\"https:\/\/m.media-amazon.com\/images\/S\/aplus-media-library-service-media\/2493ef54-2a29-485a-bdb0-90e667504e2b.__CR0,0,1000,1000_PT0_SX300_V1___.jpg\"><\/p>\n<p> <img decoding=\"async\" alt=\"Uhr f\u00fcr Kinder, Ambi, Uhrzeit lernen, Babyuhr\" src=\"https:\/\/images-na.ssl-images-amazon.com\/images\/G\/01\/x-locale\/common\/grey-pixel.gif\" class=\"a-spacing-mini a-lazy-loaded\" data-src=\"https:\/\/m.media-amazon.com\/images\/S\/aplus-media-library-service-media\/a88f34f9-2287-4f8a-965d-f4fe0fd9542a.__CR0,0,1000,1000_PT0_SX300_V1___.jpg\">\n                   <\/p>\n<p>                    <img decoding=\"async\" alt=\"Uhr f\u00fcr Kinder, Ambi, Uhrzeit lernen, Babyuhr\" src=\"https:\/\/m.media-amazon.com\/images\/S\/aplus-media-library-service-media\/a88f34f9-2287-4f8a-965d-f4fe0fd9542a.__CR0,0,1000,1000_PT0_SX300_V1___.jpg\"><\/p>\n<p> <img decoding=\"async\" alt=\"Uhr f\u00fcr Babys, Kinder die Uhrzeit beibringen, Uhr f\u00fcr Kinder, Kinderuhr\" src=\"https:\/\/images-na.ssl-images-amazon.com\/images\/G\/01\/x-locale\/common\/grey-pixel.gif\" class=\"a-spacing-mini a-lazy-loaded\" data-src=\"https:\/\/m.media-amazon.com\/images\/S\/aplus-media-library-service-media\/6e4dc9d5-6514-4ad4-8fed-9e38d684d66b.__CR0,0,1000,1000_PT0_SX300_V1___.jpg\">\n                   <\/p>\n<p>                    <img decoding=\"async\" alt=\"Uhr f\u00fcr Babys, Kinder die Uhrzeit beibringen, Uhr f\u00fcr Kinder, Kinderuhr\" src=\"https:\/\/m.media-amazon.com\/images\/S\/aplus-media-library-service-media\/6e4dc9d5-6514-4ad4-8fed-9e38d684d66b.__CR0,0,1000,1000_PT0_SX300_V1___.jpg\"><\/p>\n<p>                   Baby-Spielzeug, das mit Ihrem Kind mitwachsen kann.  <\/p>\n<p> Die Kleinen werden es lieben, die Griffe zu drehen und zuzusehen, wie sich die Zeiger mit einem befriedigenden &#8220;Klick&#8221; und Klingel der Glocke bewegen. Sehen Sie zu, wie die Augen auf dem gro\u00dfen freundlichen Gesicht herumrollen, f\u00fcr stundenlanges Lachen und sensorisches Spielen. <\/p>\n<p>                   Baby- und Kleinkind-Spielzeug, das motiviert und erzieht.  <\/p>\n<p> Die von Good Toy Guide empfohlene Zeckenuhr verbessert die Feinmotorik und f\u00f6rdert das Erlernen von Ursache und Wirkung. Wenn Ihr Kind w\u00e4chst, verwenden Sie das freundliche Zifferblatt der Uhr, um Ihrem Kind zu helfen, die Zeit zu lernen. <\/p>\n<p>                   Lebendiges Kinderspielzeug, das begeistert.  <\/p>\n<p> Ambi Toys sind eine hervorragende M\u00f6glichkeit, das Selbstvertrauen zu steigern, da Ihr Kind viel Spa\u00df beim Lernen hat. Diese Lernspielzeuge wurden entwickelt, um Kinder dazu zu ermutigen, ihre Phantasie zu nutzen und ihnen spannende neue Ideen und Konzepte einzuf\u00fchren. <\/p>\n<p>                 Empfohlenes Alter:<br \/>\n                 Ab 6 Monaten.<br \/>\n                 Ab 6 Monaten.<br \/>\n                 Ab 1 Jahr.<br \/>\n                 Ab 12 Monaten.<br \/>\n                 Ab 10 Monaten.<br \/>\n                 Ab 12 Monaten.   <\/p>\n<p>              <img decoding=\"async\" alt=\"Ambi Toys Baby Kleinkind Spielzeug\" src=\"https:\/\/images-na.ssl-images-amazon.com\/images\/G\/01\/x-locale\/common\/grey-pixel.gif\" class=\"a-lazy-loaded\" data-src=\"https:\/\/m.media-amazon.com\/images\/S\/aplus-media\/vc\/32f7ce3a-3ad0-4ccb-aa2c-cff3279ae2eb.__CR0,0,970,300_PT0_SX970_V1___.jpg\"><\/p>\n<p>               <img decoding=\"async\" alt=\"Ambi Toys Baby Kleinkind Spielzeug\" src=\"https:\/\/m.media-amazon.com\/images\/S\/aplus-media\/vc\/32f7ce3a-3ad0-4ccb-aa2c-cff3279ae2eb.__CR0,0,970,300_PT0_SX970_V1___.jpg\"><\/p>\n<p>Beim Drehen der Uhrzeiger ert\u00f6nen ein angenehm klickendes Ger\u00e4usch und eine klingende Glocke, w\u00e4hrend die Uhr mit den Augen rollt<br \/>Regt die Motorik an und bringt kleineren Babys das Prinzip von Ursache und Wirkung bei. Sp\u00e4ter hilft die lachende Uhr Ihrem Kind beim Lernen der Uhrzeit<br \/>H\u00f6he: 13,5 cm<br \/>Geeignet ab 10 Monaten bis zu 5 Jahren<br \/>\n<br \/>[ad_2]<\/p>\n","protected":false},"excerpt":{"rendered":"<p>Price: [price_with_discount](as of [price_update_date] &#8211; Details) [ad_1] Produktbeschreibung des Herstellers Ambi Toys Activity Range \u2013 Spielzeug f\u00fcr die fr\u00fchere Entwicklung und Aktivit\u00e4t. Ambi Toys wurde in den 70er und 80er<\/p>\n","protected":false},"featured_media":49191,"comment_status":"open","ping_status":"closed","template":"","meta":[],"product_cat":[227],"product_tag":[270],"class_list":{"0":"post-49190","1":"product","2":"type-product","3":"status-publish","4":"has-post-thumbnail","6":"product_cat-gaming","7":"product_tag-toys-games","9":"first","10":"instock","11":"shipping-taxable","12":"product-type-external"},"aioseo_notices":[],"_links":{"self":[{"href":"https:\/\/topgetestet.de\/index.php?rest_route=\/wp\/v2\/product\/49190","targetHints":{"allow":["GET"]}}],"collection":[{"href":"https:\/\/topgetestet.de\/index.php?rest_route=\/wp\/v2\/product"}],"about":[{"href":"https:\/\/topgetestet.de\/index.php?rest_route=\/wp\/v2\/types\/product"}],"replies":[{"embeddable":true,"href":"https:\/\/topgetestet.de\/index.php?rest_route=%2Fwp%2Fv2%2Fcomments&post=49190"}],"wp:featuredmedia":[{"embeddable":true,"href":"https:\/\/topgetestet.de\/index.php?rest_route=\/wp\/v2\/media\/49191"}],"wp:attachment":[{"href":"https:\/\/topgetestet.de\/index.php?rest_route=%2Fwp%2Fv2%2Fmedia&parent=49190"}],"wp:term":[{"taxonomy":"product_cat","embeddable":true,"href":"https:\/\/topgetestet.de\/index.php?rest_route=%2Fwp%2Fv2%2Fproduct_cat&post=49190"},{"taxonomy":"product_tag","embeddable":true,"href":"https:\/\/topgetestet.de\/index.php?rest_route=%2Fwp%2Fv2%2Fproduct_tag&post=49190"}],"curies":[{"name":"wp","href":"https:\/\/api.w.org\/{rel}","templated":true}]}}