{"id":49145,"date":"2022-10-01T18:04:42","date_gmt":"2022-10-01T18:04:42","guid":{"rendered":"https:\/\/topgetestet.de\/?product=oral-b-pro-elektrische-zahnburste-wiederaufladbar-80301360-blau-norme"},"modified":"2022-10-01T18:04:42","modified_gmt":"2022-10-01T18:04:42","slug":"oral-b-pro-elektrische-zahnburste-wiederaufladbar-80301360-blau-norme","status":"publish","type":"product","link":"https:\/\/topgetestet.de\/?product=oral-b-pro-elektrische-zahnburste-wiederaufladbar-80301360-blau-norme","title":{"rendered":"Oral-B Pro Elektrische Zahnb\u00fcrste, wiederaufladbar, 80301360, Blau, Norme"},"content":{"rendered":"<p>Price: <span style=\"color:#b12704\">[price_with_discount]<\/span><br \/><i><small>(as of [price_update_date] &#8211; <span class=\"wp_automatic_amazon_disclaimer\" title=\"Product prices and availability are accurate as of the date\/time indicated and are subject to change. Any price and availability information displayed on [relevant Amazon Site(s), as applicable] at the time of purchase will apply to the purchase of this product.\">Details<\/span>)<\/small><\/i><\/p>\n<p><a href=\"https:\/\/amazon.de\/dp\/B00ZY62ZJO?tag=topgetestet09-21\"><img decoding=\"async\" src=\"https:\/\/i.imgur.com\/ISRHEWs.png\"><\/a><br \/>\n[ad_1]<br \/>\n <span>Oral-B Pro Elektrische Zahnb\u00fcrste, wiederaufladbar, 80301360, Blau, Norme<\/span> <br \/>Entfernt mehr Plaque als eine Handzahnb\u00fcrste.<br \/>Tiefgehende 3D-Reinigung erreicht auch die Zwischenr\u00e4ume. Schwingende Abtastbewegungen entfernen Plaque erwiesenerma\u00dfen effektiver als eine Handzahnb\u00fcrste.<br \/>Dynamische Bewegungen der B\u00fcrste f\u00fcr optimale Resultate<br \/>Wiederaufladbare elektrische Zahnb\u00fcrste mit 1 Reinigungsmodus (Standard)<br \/>Inhalt: 1 Zahnb\u00fcrstengriff, 1 B\u00fcrste Tri Zone, 1 Ladeger\u00e4t<br \/>\n<br \/>[ad_2]<\/p>\n","protected":false},"excerpt":{"rendered":"<p>Price: [price_with_discount](as of [price_update_date] &#8211; Details) [ad_1] Oral-B Pro Elektrische Zahnb\u00fcrste, wiederaufladbar, 80301360, Blau, Norme Entfernt mehr Plaque als eine Handzahnb\u00fcrste.Tiefgehende 3D-Reinigung erreicht auch die Zwischenr\u00e4ume. Schwingende Abtastbewegungen entfernen Plaque<\/p>\n","protected":false},"featured_media":49146,"comment_status":"open","ping_status":"closed","template":"","meta":[],"product_cat":[228],"product_tag":[237],"class_list":{"0":"post-49145","1":"product","2":"type-product","3":"status-publish","4":"has-post-thumbnail","6":"product_cat-beauty","7":"product_tag-personal-care","9":"first","10":"instock","11":"shipping-taxable","12":"product-type-external"},"aioseo_notices":[],"_links":{"self":[{"href":"https:\/\/topgetestet.de\/index.php?rest_route=\/wp\/v2\/product\/49145","targetHints":{"allow":["GET"]}}],"collection":[{"href":"https:\/\/topgetestet.de\/index.php?rest_route=\/wp\/v2\/product"}],"about":[{"href":"https:\/\/topgetestet.de\/index.php?rest_route=\/wp\/v2\/types\/product"}],"replies":[{"embeddable":true,"href":"https:\/\/topgetestet.de\/index.php?rest_route=%2Fwp%2Fv2%2Fcomments&post=49145"}],"wp:featuredmedia":[{"embeddable":true,"href":"https:\/\/topgetestet.de\/index.php?rest_route=\/wp\/v2\/media\/49146"}],"wp:attachment":[{"href":"https:\/\/topgetestet.de\/index.php?rest_route=%2Fwp%2Fv2%2Fmedia&parent=49145"}],"wp:term":[{"taxonomy":"product_cat","embeddable":true,"href":"https:\/\/topgetestet.de\/index.php?rest_route=%2Fwp%2Fv2%2Fproduct_cat&post=49145"},{"taxonomy":"product_tag","embeddable":true,"href":"https:\/\/topgetestet.de\/index.php?rest_route=%2Fwp%2Fv2%2Fproduct_tag&post=49145"}],"curies":[{"name":"wp","href":"https:\/\/api.w.org\/{rel}","templated":true}]}}