{"id":49097,"date":"2022-10-01T16:34:37","date_gmt":"2022-10-01T16:34:37","guid":{"rendered":"https:\/\/topgetestet.de\/?product=ara-damen-maya-sneaker"},"modified":"2022-10-01T16:34:37","modified_gmt":"2022-10-01T16:34:37","slug":"ara-damen-maya-sneaker","status":"publish","type":"product","link":"https:\/\/topgetestet.de\/?product=ara-damen-maya-sneaker","title":{"rendered":"ARA Damen Maya Sneaker"},"content":{"rendered":"<p>Price: <span style=\"color:#b12704\">[price_with_discount]<\/span><br \/><i><small>(as of [price_update_date] &#8211; <span class=\"wp_automatic_amazon_disclaimer\" title=\"Product prices and availability are accurate as of the date\/time indicated and are subject to change. Any price and availability information displayed on [relevant Amazon Site(s), as applicable] at the time of purchase will apply to the purchase of this product.\">Details<\/span>)<\/small><\/i><\/p>\n<p><a href=\"https:\/\/amazon.de\/dp\/B08DNR628H?tag=topgetestet09-21\"><img decoding=\"async\" src=\"https:\/\/i.imgur.com\/ISRHEWs.png\"><\/a><br \/>\n[ad_1]<br \/>\n <span>Die Sneaker von ara sehen nicht nur trendig aus, sie sind zudem \u00e4u\u00dferst komfortabel und super leicht. Als Obermaterial wurde robustes aber sehr weiches Textilmaterial verwendet, welches den Fu\u00df sanft umschlie\u00dft. Der h\u00f6here Schaft an der Ferse sorgt f\u00fcr guten Sitz. Modische Details sind die Schlaufe und das Band an der Ferse sowie die Elemente im Metallic Look. Durch den elastischen Rand wird eine perfekte Passform erzielt. Zudem erm\u00f6glicht die Schn\u00fcrung die individuelle Anpassung an die eigenen Bed\u00fcrfnisse. Das Textilfutter garantiert angenehmen Tragekomfort. In Sachen Komfort punktet der Sneaker auch mit der HighSoft Funktion, welche f\u00fcr moosweichen Auftritt und ein entspanntes Gehvergn\u00fcgen sorgt. Die flexible Sohle mit dem auff\u00e4llig geformten Keilabsatz ist rutschhemmend und bietet guten Halt. Dieser trendige Schn\u00fcrer ist vielseitig einsetzbar und erfreut sich bei Alt und Jung gro\u00dfer Beliebtheit.<\/span> <br \/> Auslaufartikel (Produktion durch Hersteller eingestellt) \u200f : \u200e  Nein <br \/> Verpackungsabmessungen \u200f : \u200e  32.1 x 22.2 x 11.7 cm; 840 Gramm <br \/> Im Angebot von Amazon.de seit \u200f : \u200e  27. Juli 2020 <br \/> Hersteller \u200f : \u200e  ara <br \/> ASIN \u200f : \u200e  B08DNRXP58 <br \/> Modellnummer \u200f : \u200e  12-54506-06 <br \/> Kategorie \u200f : \u200e  Damen <\/p>\n<p>[ad_2]<\/p>\n","protected":false},"excerpt":{"rendered":"<p>Price: [price_with_discount](as of [price_update_date] &#8211; Details) [ad_1] Die Sneaker von ara sehen nicht nur trendig aus, sie sind zudem \u00e4u\u00dferst komfortabel und super leicht. Als Obermaterial wurde robustes aber sehr<\/p>\n","protected":false},"featured_media":49098,"comment_status":"open","ping_status":"closed","template":"","meta":[],"product_cat":[230],"product_tag":[266],"class_list":{"0":"post-49097","1":"product","2":"type-product","3":"status-publish","4":"has-post-thumbnail","6":"product_cat-fashion","7":"product_tag-womens-fashion-sneakers","9":"first","10":"instock","11":"shipping-taxable","12":"product-type-external"},"aioseo_notices":[],"_links":{"self":[{"href":"https:\/\/topgetestet.de\/index.php?rest_route=\/wp\/v2\/product\/49097","targetHints":{"allow":["GET"]}}],"collection":[{"href":"https:\/\/topgetestet.de\/index.php?rest_route=\/wp\/v2\/product"}],"about":[{"href":"https:\/\/topgetestet.de\/index.php?rest_route=\/wp\/v2\/types\/product"}],"replies":[{"embeddable":true,"href":"https:\/\/topgetestet.de\/index.php?rest_route=%2Fwp%2Fv2%2Fcomments&post=49097"}],"wp:featuredmedia":[{"embeddable":true,"href":"https:\/\/topgetestet.de\/index.php?rest_route=\/wp\/v2\/media\/49098"}],"wp:attachment":[{"href":"https:\/\/topgetestet.de\/index.php?rest_route=%2Fwp%2Fv2%2Fmedia&parent=49097"}],"wp:term":[{"taxonomy":"product_cat","embeddable":true,"href":"https:\/\/topgetestet.de\/index.php?rest_route=%2Fwp%2Fv2%2Fproduct_cat&post=49097"},{"taxonomy":"product_tag","embeddable":true,"href":"https:\/\/topgetestet.de\/index.php?rest_route=%2Fwp%2Fv2%2Fproduct_tag&post=49097"}],"curies":[{"name":"wp","href":"https:\/\/api.w.org\/{rel}","templated":true}]}}