{"id":48969,"date":"2022-10-01T15:38:06","date_gmt":"2022-10-01T15:38:06","guid":{"rendered":"https:\/\/topgetestet.de\/?product=oddworld-soulstorm-collector-oddition-playstation-5"},"modified":"2022-10-01T15:38:06","modified_gmt":"2022-10-01T15:38:06","slug":"oddworld-soulstorm-collector-oddition-playstation-5","status":"publish","type":"product","link":"https:\/\/topgetestet.de\/?product=oddworld-soulstorm-collector-oddition-playstation-5","title":{"rendered":"Oddworld: Soulstorm (Collector Oddition) &#8211; [Playstation 5]"},"content":{"rendered":"<p>Price: <span style=\"color:#b12704\">[price_with_discount]<\/span><br \/><i><small>(as of [price_update_date] &#8211; <span class=\"wp_automatic_amazon_disclaimer\" title=\"Product prices and availability are accurate as of the date\/time indicated and are subject to change. Any price and availability information displayed on [relevant Amazon Site(s), as applicable] at the time of purchase will apply to the purchase of this product.\">Details<\/span>)<\/small><\/i><\/p>\n<p><a href=\"https:\/\/amazon.de\/dp\/B0916MVHCM?tag=topgetestet09-21\"><img decoding=\"async\" src=\"https:\/\/i.imgur.com\/ISRHEWs.png\"><\/a><br \/>\n[ad_1]<br \/>\n <span>Oddworld: Soulstorm ist die noch gr\u00f6\u00dfere, dramatischere, mutigere Action-Adventure-Fortsetzung der bekannten Videospielserie Oddworld und nach Oddworld: New &#8216;n&#8217; Tasty die explosive zweite Folge der Quintologie. Du spielst Abe, den unfreiwilligen Mudokon-Helden, der versehentlich einen Aufstand ausl\u00f6ste, und nun sein Mudokon-Volk im Freiheitskampf gegen die Herrscher des Planeten anf\u00fchren muss. Im Kampf gegen die herrschenden und gut finanzierten M\u00e4chte des Planeten wird es f\u00fcr Abe ums nackte Uberleben gehen, denn diese sind mit allen Mitteln der Unterdr\u00fcckung ausgestattet, und werden ihm von Propaganda \u00fcber biologische Waffen bis hin zu r\u00fccksichtsloser t\u00f6dlicher Gewalt alles entgegenschleudern, was ihr Arsenal zu bieten hat. Du kannst dich entweder anschicken, Abes Schicksal zu ergr\u00fcnden und \u00fcber 1.000 seiner Anh\u00e4nger zu befreien oder scheitern und der Ausrottung seiner gesamten Spezies entgegensehen. Erkunde riesige, cineastische Levels und 2.9D-Umgebungen voller atemberaubender Grafik. Suche nach Vorr\u00e4ten, stelle Waffen her, bewaffne deine Anh\u00e4nger, l\u00f6se R\u00e4tsel und geleite alle 1.000 Anh\u00e4nger von Abe sicher in die Freiheit.<\/span> <br \/> Alterseinstufung \u200f : \u200e  USK ab 16 freigegeben <br \/> Sprache \u200f : \u200e  Deutsch <br \/> Handbuch \u200f : \u200e  Englisch, Deutsch <br \/> Produktabmessungen \u200f : \u200e  25.4 x 19 x 18 cm; 1.87 Kilogramm <br \/> Erscheinungstermin \u200f : \u200e  6. Juli 2021 <br \/> Untertitel: \u200f : \u200e  Italienisch, Englisch, Franz\u00f6sisch <br \/> ASIN \u200f : \u200e  B0916MVHCM <br \/> Modellnummer \u200f : \u200e  OSC-PS5 <\/p>\n<p>Story: Eine d\u00fcstere Handlung mit einem verdrehten Sinn f\u00fcr Humor, die auch ein ironisches Licht auf die Seiten des menschlichen Daseins wirft.<br \/>2.9D: Epische, umfangreich gestaltete Umgebungen, die erkundet werden k\u00f6nnen, indem die Charaktere in die Welt hineintreten, statt sich wie in einem Side-Scrolling-Plattformer \u00fcblich, nur auf einer Ebene zu bewegen.<br \/>Quarma (denke an Karma): Quarma ist eine Echtzeit-Feedback-Funktion deiner im Spiel durchgef\u00fchrten Aktionen, welche auch den Ausgang der Geschichte beeinflussen werden.<br \/>Scavenger&#8217;s Economy: Bestiehl deine Feinde, durchsuche Schlie\u00dff\u00e4cher und M\u00fclleimer, um Ressourcen zu erhalten. Tausche diese an Verkaufsautomaten gegen Produkte ein, die dir mehr M\u00f6glichkeiten f\u00fcr die Bew\u00e4ltigung der vielen Herausforderungen des Spiels er\u00f6ffnen werden.<br \/>\n<br \/>[ad_2]<\/p>\n","protected":false},"excerpt":{"rendered":"<p>Price: [price_with_discount](as of [price_update_date] &#8211; Details) [ad_1] Oddworld: Soulstorm ist die noch gr\u00f6\u00dfere, dramatischere, mutigere Action-Adventure-Fortsetzung der bekannten Videospielserie Oddworld und nach Oddworld: New &#8216;n&#8217; Tasty die explosive zweite Folge<\/p>\n","protected":false},"featured_media":48970,"comment_status":"open","ping_status":"closed","template":"","meta":[],"product_cat":[227],"product_tag":[261],"class_list":{"0":"post-48969","1":"product","2":"type-product","3":"status-publish","4":"has-post-thumbnail","6":"product_cat-gaming","7":"product_tag-playstation-legacy-games","9":"first","10":"instock","11":"shipping-taxable","12":"product-type-external"},"aioseo_notices":[],"_links":{"self":[{"href":"https:\/\/topgetestet.de\/index.php?rest_route=\/wp\/v2\/product\/48969","targetHints":{"allow":["GET"]}}],"collection":[{"href":"https:\/\/topgetestet.de\/index.php?rest_route=\/wp\/v2\/product"}],"about":[{"href":"https:\/\/topgetestet.de\/index.php?rest_route=\/wp\/v2\/types\/product"}],"replies":[{"embeddable":true,"href":"https:\/\/topgetestet.de\/index.php?rest_route=%2Fwp%2Fv2%2Fcomments&post=48969"}],"wp:featuredmedia":[{"embeddable":true,"href":"https:\/\/topgetestet.de\/index.php?rest_route=\/wp\/v2\/media\/48970"}],"wp:attachment":[{"href":"https:\/\/topgetestet.de\/index.php?rest_route=%2Fwp%2Fv2%2Fmedia&parent=48969"}],"wp:term":[{"taxonomy":"product_cat","embeddable":true,"href":"https:\/\/topgetestet.de\/index.php?rest_route=%2Fwp%2Fv2%2Fproduct_cat&post=48969"},{"taxonomy":"product_tag","embeddable":true,"href":"https:\/\/topgetestet.de\/index.php?rest_route=%2Fwp%2Fv2%2Fproduct_tag&post=48969"}],"curies":[{"name":"wp","href":"https:\/\/api.w.org\/{rel}","templated":true}]}}