{"id":48293,"date":"2022-10-01T06:54:53","date_gmt":"2022-10-01T06:54:53","guid":{"rendered":"https:\/\/topgetestet.de\/?product=jurassic-world-ein-neues-zeitalter"},"modified":"2022-10-01T06:54:53","modified_gmt":"2022-10-01T06:54:53","slug":"jurassic-world-ein-neues-zeitalter","status":"publish","type":"product","link":"https:\/\/topgetestet.de\/?product=jurassic-world-ein-neues-zeitalter","title":{"rendered":"Jurassic World: Ein neues Zeitalter"},"content":{"rendered":"<p>Price: <span style=\"color:#b12704\">[price_with_discount]<\/span><br \/><i><small>(as of [price_update_date] &#8211; <span class=\"wp_automatic_amazon_disclaimer\" title=\"Product prices and availability are accurate as of the date\/time indicated and are subject to change. Any price and availability information displayed on [relevant Amazon Site(s), as applicable] at the time of purchase will apply to the purchase of this product.\">Details<\/span>)<\/small><\/i><\/p>\n<p><a href=\"https:\/\/amazon.de\/dp\/B0B3MS9BW3?tag=topgetestet09-21\"><img decoding=\"async\" src=\"https:\/\/i.imgur.com\/ISRHEWs.png\"><\/a><br \/>\n[ad_1]<br \/>\n <span>In diesem Sommer erreicht die Jurassic-\u00c4ra ihr episches Finale. Vier Jahre nach der Zerst\u00f6rung der Isla Nublar leben &#8211; und jagen &#8211; Dinosaurier nun \u00fcberall auf der Welt neben den Menschen und damit beginnt ein gigantisches Ringen um die Herrschaft zwischen Mensch und Dinosaurier.Wie sich dieses empfindliche Gef\u00fcge in Zukunft entwickeln wird, ist offen: Wird der Mensch auch weiterhin an der Spitze der Nahrungskette stehen &#8211; oder wird er seinen Rang an die furchterregendsten Kreaturen in der Geschichte des Planeten verlieren?In &#8220;Jurassic World: Ein neues Zeitalter&#8221; treffen Chris Pratt und Bryce Dallas Howard auf Oscar\u00ae-Preistr\u00e4gerin Laura Dern, Jeff Goldblum und Sam Neill. Zusammen begeben sie sich auf eine abenteuerliche, rasante und atemberaubende Reise, die rund um den Globus f\u00fchrtBlu-ray und 4K UHD enthalten zus\u00e4tzlich zur Kinofassung eine ca. 13 Minuten l\u00e4ngere Extended Version!<\/p>\n<p>Bonusmaterial:<br \/>Blu-ray enth\u00e4lt zus\u00e4tzlich zur Kinofassung eine ca. 13 Minuten l\u00e4ngere Extended Version, Kampf am Big Rock, Eine neue Gattung visueller Effekte, Dinosaurier unter uns: Einblicke in &#8220;Jurassic World: Ein neues Zeitalter&#8221;, Gruselig echte Animatronics<\/span> <br \/> Alterseinstufung \u200f : \u200e  Freigegeben ab 12 Jahren <br \/> Produktabmessungen \u200f : \u200e  13.7 x 1.2 x 17.1 cm; 60 Gramm <br \/> Regisseur \u200f : \u200e  Trevorrow, Colin <br \/> Medienformat \u200f : \u200e  Blu-ray <br \/> Laufzeit \u200f : \u200e  2 Stunden und 27 Minuten <br \/> Erscheinungstermin \u200f : \u200e  25. August 2022 <br \/> Darsteller \u200f : \u200e  Pratt, Chris, Dallas Howard, Bryce, Dern, Laura, Goldblum, Jeff, Neill, Sam <br \/> Untertitel: \u200f : \u200e  Deutsch, Englisch <br \/> Studio \u200f : \u200e  Universal Pictures Germany GmbH <br \/> ASIN \u200f : \u200e  B0B3MS9BW3 <br \/> Herkunftsland \u200f : \u200e  Deutschland <br \/> Anzahl Disks \u200f : \u200e  1 <\/p>\n<p>[ad_2]<\/p>\n","protected":false},"excerpt":{"rendered":"<p>Price: [price_with_discount](as of [price_update_date] &#8211; Details) [ad_1] In diesem Sommer erreicht die Jurassic-\u00c4ra ihr episches Finale. Vier Jahre nach der Zerst\u00f6rung der Isla Nublar leben &#8211; und jagen &#8211; Dinosaurier<\/p>\n","protected":false},"featured_media":48294,"comment_status":"open","ping_status":"closed","template":"","meta":[],"product_cat":[227],"product_tag":[255],"class_list":{"0":"post-48293","1":"product","2":"type-product","3":"status-publish","4":"has-post-thumbnail","6":"product_cat-gaming","7":"product_tag-amazon-games","9":"first","10":"instock","11":"sale","12":"shipping-taxable","13":"product-type-external"},"aioseo_notices":[],"_links":{"self":[{"href":"https:\/\/topgetestet.de\/index.php?rest_route=\/wp\/v2\/product\/48293","targetHints":{"allow":["GET"]}}],"collection":[{"href":"https:\/\/topgetestet.de\/index.php?rest_route=\/wp\/v2\/product"}],"about":[{"href":"https:\/\/topgetestet.de\/index.php?rest_route=\/wp\/v2\/types\/product"}],"replies":[{"embeddable":true,"href":"https:\/\/topgetestet.de\/index.php?rest_route=%2Fwp%2Fv2%2Fcomments&post=48293"}],"wp:featuredmedia":[{"embeddable":true,"href":"https:\/\/topgetestet.de\/index.php?rest_route=\/wp\/v2\/media\/48294"}],"wp:attachment":[{"href":"https:\/\/topgetestet.de\/index.php?rest_route=%2Fwp%2Fv2%2Fmedia&parent=48293"}],"wp:term":[{"taxonomy":"product_cat","embeddable":true,"href":"https:\/\/topgetestet.de\/index.php?rest_route=%2Fwp%2Fv2%2Fproduct_cat&post=48293"},{"taxonomy":"product_tag","embeddable":true,"href":"https:\/\/topgetestet.de\/index.php?rest_route=%2Fwp%2Fv2%2Fproduct_tag&post=48293"}],"curies":[{"name":"wp","href":"https:\/\/api.w.org\/{rel}","templated":true}]}}