{"id":48164,"date":"2022-10-01T04:39:42","date_gmt":"2022-10-01T04:39:42","guid":{"rendered":"https:\/\/topgetestet.de\/?product=steamforged-games-sfre2-001-resident-evil-zubehor-mehrfarbig"},"modified":"2022-10-01T04:39:42","modified_gmt":"2022-10-01T04:39:42","slug":"steamforged-games-sfre2-001-resident-evil-zubehor-mehrfarbig","status":"publish","type":"product","link":"https:\/\/topgetestet.de\/?product=steamforged-games-sfre2-001-resident-evil-zubehor-mehrfarbig","title":{"rendered":"Steamforged Games SFRE2-001 Resident Evil Zubeh\u00f6r, Mehrfarbig"},"content":{"rendered":"<p>Price: <span style=\"color:#b12704\">[price_with_discount]<\/span><br \/><i><small>(as of [price_update_date] &#8211; <span class=\"wp_automatic_amazon_disclaimer\" title=\"Product prices and availability are accurate as of the date\/time indicated and are subject to change. Any price and availability information displayed on [relevant Amazon Site(s), as applicable] at the time of purchase will apply to the purchase of this product.\">Details<\/span>)<\/small><\/i><\/p>\n<p><a href=\"https:\/\/amazon.de\/dp\/B07F3LJDCF?tag=topgetestet09-21\"><img decoding=\"async\" src=\"https:\/\/i.imgur.com\/ISRHEWs.png\"><\/a><br \/>\n[ad_1]<\/p>\n<p>       Produktbeschreibung des Herstellers <\/p>\n<p>              <img decoding=\"async\" alt=\" \" src=\"https:\/\/images-na.ssl-images-amazon.com\/images\/G\/01\/x-locale\/common\/grey-pixel.gif\" class=\"a-lazy-loaded\" data-src=\"https:\/\/m.media-amazon.com\/images\/S\/aplus-media\/sota\/d06cda70-1176-4b5b-b409-cdc3917c09e8.__CR40,0,678,678_PT0_SX300_V1___.png\"><\/p>\n<p>               <img decoding=\"async\" alt=\" \" src=\"https:\/\/m.media-amazon.com\/images\/S\/aplus-media\/sota\/d06cda70-1176-4b5b-b409-cdc3917c09e8.__CR40,0,678,678_PT0_SX300_V1___.png\"><\/p>\n<h3 class=\"a-spacing-mini\"> SFRE2001 Resident Evil 2: Das Brettspiel <\/h3>\n<p> Resident Evil 2: Das Brettspiel ist ein kooperatives Survival-Horror-Brettspiel f\u00fcr 1\u20134 Spieler im reichhaltigen und immersiven Resident Evil Universum. Weltklasse-Miniaturen und innovative neue Mechaniken sorgen f\u00fcr ein Erlebnis, das die Essenz des beliebten Videospiels einf\u00e4ngt, wobei Spieler, die in die Zombie-befallenen Stra\u00dfen und Geb\u00e4ude von Waschb\u00e4r City in einem verzweifelten Kampf, um dem Albtraum zu entkommen! <\/p>\n<p>              <img decoding=\"async\" alt=\" \" src=\"https:\/\/images-na.ssl-images-amazon.com\/images\/G\/01\/x-locale\/common\/grey-pixel.gif\" class=\"a-lazy-loaded\" data-src=\"https:\/\/m.media-amazon.com\/images\/S\/aplus-media\/sota\/b273dd87-c40d-40ff-9987-acc416246a48.__CR0,0,970,300_PT0_SX970_V1___.jpg\"><\/p>\n<p>               <img decoding=\"async\" alt=\" \" src=\"https:\/\/m.media-amazon.com\/images\/S\/aplus-media\/sota\/b273dd87-c40d-40ff-9987-acc416246a48.__CR0,0,970,300_PT0_SX970_V1___.jpg\"><\/p>\n<h3> \u00dcber uns: <\/h3>\n<p> Wir sind leidenschaftlich daf\u00fcr, hochwertige Tisch-Erlebnisse und Zubeh\u00f6r zu liefern, inspiriert von der modernen Spiel-Philosophie und Technologie. <\/p>\n<p>Wagen Sie sich in die Zombie-befallenen Stra\u00dfen und Geb\u00e4ude von Racoon City in einem verzweifelten Kampf, dem Albtraum zu entkommen!<br \/>Weltklasse-Miniaturen und innovative Mechanik sorgen f\u00fcr ein Erlebnis, das die Essenz des beliebten Videospiels einf\u00e4ngt.<br \/>Arbeiten Sie zusammen als Claire, Leon, Ada und Kendo, um die Wahrheit des t\u00f6dlichen Ausbruchs aufzudecken.<br \/>F\u00fcr 1 bis 4 Spieler, 90 bis 120 Minuten Spielzeit, ab 14 Jahren.<br \/>\n<br \/>[ad_2]<\/p>\n","protected":false},"excerpt":{"rendered":"<p>Price: [price_with_discount](as of [price_update_date] &#8211; Details) [ad_1] Produktbeschreibung des Herstellers SFRE2001 Resident Evil 2: Das Brettspiel Resident Evil 2: Das Brettspiel ist ein kooperatives Survival-Horror-Brettspiel f\u00fcr 1\u20134 Spieler im reichhaltigen<\/p>\n","protected":false},"featured_media":48165,"comment_status":"open","ping_status":"closed","template":"","meta":[],"product_cat":[227],"product_tag":[270],"class_list":{"0":"post-48164","1":"product","2":"type-product","3":"status-publish","4":"has-post-thumbnail","6":"product_cat-gaming","7":"product_tag-toys-games","9":"first","10":"instock","11":"sale","12":"shipping-taxable","13":"product-type-external"},"aioseo_notices":[],"_links":{"self":[{"href":"https:\/\/topgetestet.de\/index.php?rest_route=\/wp\/v2\/product\/48164","targetHints":{"allow":["GET"]}}],"collection":[{"href":"https:\/\/topgetestet.de\/index.php?rest_route=\/wp\/v2\/product"}],"about":[{"href":"https:\/\/topgetestet.de\/index.php?rest_route=\/wp\/v2\/types\/product"}],"replies":[{"embeddable":true,"href":"https:\/\/topgetestet.de\/index.php?rest_route=%2Fwp%2Fv2%2Fcomments&post=48164"}],"wp:featuredmedia":[{"embeddable":true,"href":"https:\/\/topgetestet.de\/index.php?rest_route=\/wp\/v2\/media\/48165"}],"wp:attachment":[{"href":"https:\/\/topgetestet.de\/index.php?rest_route=%2Fwp%2Fv2%2Fmedia&parent=48164"}],"wp:term":[{"taxonomy":"product_cat","embeddable":true,"href":"https:\/\/topgetestet.de\/index.php?rest_route=%2Fwp%2Fv2%2Fproduct_cat&post=48164"},{"taxonomy":"product_tag","embeddable":true,"href":"https:\/\/topgetestet.de\/index.php?rest_route=%2Fwp%2Fv2%2Fproduct_tag&post=48164"}],"curies":[{"name":"wp","href":"https:\/\/api.w.org\/{rel}","templated":true}]}}