{"id":47941,"date":"2022-09-30T22:28:58","date_gmt":"2022-09-30T22:28:58","guid":{"rendered":"https:\/\/topgetestet.de\/?product=lego-star-wars-the-skywalker-saga-deutsche-verpackung"},"modified":"2022-09-30T22:28:58","modified_gmt":"2022-09-30T22:28:58","slug":"lego-star-wars-the-skywalker-saga-deutsche-verpackung","status":"publish","type":"product","link":"https:\/\/topgetestet.de\/?product=lego-star-wars-the-skywalker-saga-deutsche-verpackung","title":{"rendered":"LEGO Star Wars: The Skywalker Saga (Deutsche Verpackung)"},"content":{"rendered":"<p>Price: <span style=\"color:#b12704\">[price_with_discount]<\/span><br \/><i><small>(as of [price_update_date] &#8211; <span class=\"wp_automatic_amazon_disclaimer\" title=\"Product prices and availability are accurate as of the date\/time indicated and are subject to change. Any price and availability information displayed on [relevant Amazon Site(s), as applicable] at the time of purchase will apply to the purchase of this product.\">Details<\/span>)<\/small><\/i><\/p>\n<p><a href=\"https:\/\/amazon.de\/dp\/B08J2HW5MK?tag=topgetestet09-21\"><img decoding=\"async\" src=\"https:\/\/i.imgur.com\/ISRHEWs.png\"><\/a><br \/>\n[ad_1]<br \/>\n <span>Die Galaxis geh\u00f6rt dir in LEGO Star Wars: Die Skywalker Saga. In diesem brandneuen Konsolenspiel erleben Spieler unvergessliche Momente und unaufh\u00f6rliche Action aus allen neun Filmen der Skywalker-Saga, erz\u00e4hlt mit dem legend\u00e4ren LEGO Humor. Das Game l\u00e4sst Spieler in die umfangreiche Saga eintauchen, mit der Freiheit, Hunderte von Charakteren, Schiffen und Fahrzeugen zu kontrollieren und ihre eigene einzigartige Reise durch die Galaxis zu erleben.<br \/>BESONDERHEITEN:<br \/>Erforsche die Saga in beliebiger Reihenfolge: Spieler k\u00f6nnen in die Skywalker-Saga eintauchen und von Anfang an und in beliebiger Reihenfolge auf jeden der neun Filme zugreifen. Sie k\u00f6nnen bestimmen, wohin es geht und wie sie spielen m\u00f6chten.<br \/>Erz\u00e4hlt mit dem ber\u00fchmten LEGO Humor: Alle unvergesslichen Momente der gesamten Saga werden mit dem spa\u00dfgeladenen und wahnwitzigen Humor von LEGO neu erz\u00e4hlt. <br \/>Werde zu legend\u00e4ren Helden oder Schurken: Es gibt Hunderte von spielbaren Charakteren, die \u00fcber die gesamte Galaxis und jede \u00c4ra der Saga verstreut sind. Spieler k\u00f6nnen als Luke Skywalker, Rey, Obi-Wan Kenobi, Finn, BB-8 und eine Legion anderer Helden spielen oder sich f\u00fcr die dunkle Seite entscheiden und als Darth Vader, Imperator Palpatine, Kylo Ren und viele mehr spielen. <br \/>Entdecke legend\u00e4re Schaupl\u00e4tze: Spieler k\u00f6nnen legend\u00e4re Schaupl\u00e4tze aus ihren Lieblingsfilmen von Star Wars besuchen, zum Beispiel die W\u00fcste von Geonosis, die S\u00fcmpfe von Dagobah und die Schneefelder der Starkiller-Basis. Sie k\u00f6nnen durch den Weltraum reisen und jederzeit jeden Planeten erneut besuchen. Weitl\u00e4ufige Orte basierend auf unvergesslichen Umgebungen aus den Filmen bieten lustige Aufgaben und mehr zum Erforschen.<\/span> <br \/> Alterseinstufung \u200f : \u200e  USK ab 6 freigegeben <br \/> Sprache \u200f : \u200e  Englisch <br \/> Produktabmessungen \u200f : \u200e  1.35 x 0.15 x 1.72 cm; 80 Gramm <br \/> ASIN \u200f : \u200e  B08J2HW5MK <br \/> Modellnummer \u200f : \u200e  1000772382 <br \/> Herkunftsland \u200f : \u200e  Deutschland <\/p>\n<p>Erz\u00e4hlt mit dem ber\u00fchmten LEGO Humor &#8211; Alle unvergesslichen Momente der gesamten Saga werden mit dem spa\u00dfgeladenen und wahnwitzigen Humor von LEGO neu erz\u00e4hlt.<br \/>Werde zu legend\u00e4ren Helden oder Schurken &#8211; Es gibt Hunderte von spielbaren Charakteren, die \u00fcber die gesamte Galaxis und jede \u00c4ra der Saga verstreut sind. Spieler k\u00f6nnen als Luke Skywalker, Rey, Obi-Wan Kenobi, Finn, BB-8 und eine Legion anderer Helden spielen oder sich f\u00fcr die dunkle Seite entscheiden und als Darth Vader, Imperator Palpatine, Kylo Ren und viele mehr spielen.<br \/>Entdecke legend\u00e4re Schaupl\u00e4tze &#8211; Spieler k\u00f6nnen legend\u00e4re Schaupl\u00e4tze aus ihren Lieblingsfilmen von Star Wars besuchen, zum Beispiel die W\u00fcste von Geonosis, die S\u00fcmpfe von Dagobah und die Schneefelder der Starkiller-Basis. Sie k\u00f6nnen durch den Weltraum reisen und jederzeit jeden Planeten erneut besuchen. Weitl\u00e4ufige Orte basierend auf unvergesslichen Umgebungen aus den Filmen bieten lustige Aufgaben und mehr zum Erforschen.<br \/>M\u00e4chtige Spielerlebnisse &#8211; Spieler k\u00f6nnen auf der hellen oder dunklen Seite der Macht k\u00e4mpfen, ihren Kampfstil meistern und die Kontrolle \u00fcber Schiffe und Fahrzeuge f\u00fcr gro\u00dfartige Abenteuer in der Galaxis \u00fcbernehmen.<br \/>\n<br \/>[ad_2]<\/p>\n","protected":false},"excerpt":{"rendered":"<p>Price: [price_with_discount](as of [price_update_date] &#8211; Details) [ad_1] Die Galaxis geh\u00f6rt dir in LEGO Star Wars: Die Skywalker Saga. In diesem brandneuen Konsolenspiel erleben Spieler unvergessliche Momente und unaufh\u00f6rliche Action aus<\/p>\n","protected":false},"featured_media":47942,"comment_status":"open","ping_status":"closed","template":"","meta":[],"product_cat":[227],"product_tag":[261],"class_list":{"0":"post-47941","1":"product","2":"type-product","3":"status-publish","4":"has-post-thumbnail","6":"product_cat-gaming","7":"product_tag-playstation-legacy-games","9":"first","10":"instock","11":"sale","12":"shipping-taxable","13":"product-type-external"},"aioseo_notices":[],"_links":{"self":[{"href":"https:\/\/topgetestet.de\/index.php?rest_route=\/wp\/v2\/product\/47941","targetHints":{"allow":["GET"]}}],"collection":[{"href":"https:\/\/topgetestet.de\/index.php?rest_route=\/wp\/v2\/product"}],"about":[{"href":"https:\/\/topgetestet.de\/index.php?rest_route=\/wp\/v2\/types\/product"}],"replies":[{"embeddable":true,"href":"https:\/\/topgetestet.de\/index.php?rest_route=%2Fwp%2Fv2%2Fcomments&post=47941"}],"wp:featuredmedia":[{"embeddable":true,"href":"https:\/\/topgetestet.de\/index.php?rest_route=\/wp\/v2\/media\/47942"}],"wp:attachment":[{"href":"https:\/\/topgetestet.de\/index.php?rest_route=%2Fwp%2Fv2%2Fmedia&parent=47941"}],"wp:term":[{"taxonomy":"product_cat","embeddable":true,"href":"https:\/\/topgetestet.de\/index.php?rest_route=%2Fwp%2Fv2%2Fproduct_cat&post=47941"},{"taxonomy":"product_tag","embeddable":true,"href":"https:\/\/topgetestet.de\/index.php?rest_route=%2Fwp%2Fv2%2Fproduct_tag&post=47941"}],"curies":[{"name":"wp","href":"https:\/\/api.w.org\/{rel}","templated":true}]}}