{"id":47700,"date":"2022-09-30T19:55:28","date_gmt":"2022-09-30T19:55:28","guid":{"rendered":"https:\/\/topgetestet.de\/?product=adidas-herren-vl-court-2-0-running-shoe"},"modified":"2022-09-30T19:55:28","modified_gmt":"2022-09-30T19:55:28","slug":"adidas-herren-vl-court-2-0-running-shoe","status":"publish","type":"product","link":"https:\/\/topgetestet.de\/?product=adidas-herren-vl-court-2-0-running-shoe","title":{"rendered":"adidas Herren Vl Court 2.0 Running Shoe"},"content":{"rendered":"<p>Price: <span style=\"color:#b12704\">[price_with_discount]<\/span><br \/><i><small>(as of [price_update_date] &#8211; <span class=\"wp_automatic_amazon_disclaimer\" title=\"Product prices and availability are accurate as of the date\/time indicated and are subject to change. Any price and availability information displayed on [relevant Amazon Site(s), as applicable] at the time of purchase will apply to the purchase of this product.\">Details<\/span>)<\/small><\/i><\/p>\n<p><a href=\"https:\/\/amazon.de\/dp\/B09NHVY87X?tag=topgetestet09-21\"><img decoding=\"async\" src=\"https:\/\/i.imgur.com\/ISRHEWs.png\"><\/a><br \/>\n[ad_1]<br \/>\n <span>Dieser Schuh von Adidas zeichnet sich durch seinen minimalistischen Stil aus. Der Schuh hat ein weiches Lederobermaterial, das im Vorfu\u00dfbereich strukturiert ist und mit den 3-Streifen einen sportlichen Look hat. Dank der d\u00e4mpfenden Einlegesohle ist er au\u00dferdem sehr bequem.<\/span> <br \/> Sprache \u200f : \u200e  Deutsch, Deutsch, Deutsch, Deutsch, Deutsch <br \/> Verpackungsabmessungen \u200f : \u200e  28.6 x 19.4 x 10.8 cm; 740 Gramm <br \/> Im Angebot von Amazon.de seit \u200f : \u200e  13. Dezember 2021 <br \/> Hersteller \u200f : \u200e  Adidas <br \/> ASIN \u200f : \u200e  B09NL63QKS <br \/> Modellnummer \u200f : \u200e  GZ5982 <br \/> Kategorie \u200f : \u200e  Herren <\/p>\n<p>[ad_2]<\/p>\n","protected":false},"excerpt":{"rendered":"<p>Price: [price_with_discount](as of [price_update_date] &#8211; Details) [ad_1] Dieser Schuh von Adidas zeichnet sich durch seinen minimalistischen Stil aus. Der Schuh hat ein weiches Lederobermaterial, das im Vorfu\u00dfbereich strukturiert ist und<\/p>\n","protected":false},"featured_media":47701,"comment_status":"open","ping_status":"closed","template":"","meta":[],"product_cat":[234],"product_tag":[235],"class_list":{"0":"post-47700","1":"product","2":"type-product","3":"status-publish","4":"has-post-thumbnail","6":"product_cat-shoes","7":"product_tag-mens-road-running-shoes","9":"first","10":"instock","11":"shipping-taxable","12":"product-type-external"},"aioseo_notices":[],"_links":{"self":[{"href":"https:\/\/topgetestet.de\/index.php?rest_route=\/wp\/v2\/product\/47700","targetHints":{"allow":["GET"]}}],"collection":[{"href":"https:\/\/topgetestet.de\/index.php?rest_route=\/wp\/v2\/product"}],"about":[{"href":"https:\/\/topgetestet.de\/index.php?rest_route=\/wp\/v2\/types\/product"}],"replies":[{"embeddable":true,"href":"https:\/\/topgetestet.de\/index.php?rest_route=%2Fwp%2Fv2%2Fcomments&post=47700"}],"wp:featuredmedia":[{"embeddable":true,"href":"https:\/\/topgetestet.de\/index.php?rest_route=\/wp\/v2\/media\/47701"}],"wp:attachment":[{"href":"https:\/\/topgetestet.de\/index.php?rest_route=%2Fwp%2Fv2%2Fmedia&parent=47700"}],"wp:term":[{"taxonomy":"product_cat","embeddable":true,"href":"https:\/\/topgetestet.de\/index.php?rest_route=%2Fwp%2Fv2%2Fproduct_cat&post=47700"},{"taxonomy":"product_tag","embeddable":true,"href":"https:\/\/topgetestet.de\/index.php?rest_route=%2Fwp%2Fv2%2Fproduct_tag&post=47700"}],"curies":[{"name":"wp","href":"https:\/\/api.w.org\/{rel}","templated":true}]}}