{"id":47651,"date":"2022-09-30T19:48:25","date_gmt":"2022-09-30T19:48:25","guid":{"rendered":"https:\/\/topgetestet.de\/?product=new-balance-herren-boxershorts"},"modified":"2022-09-30T19:48:25","modified_gmt":"2022-09-30T19:48:25","slug":"new-balance-herren-boxershorts","status":"publish","type":"product","link":"https:\/\/topgetestet.de\/?product=new-balance-herren-boxershorts","title":{"rendered":"New Balance Herren Boxershorts"},"content":{"rendered":"<p>Price: <span style=\"color:#b12704\">[price_with_discount]<\/span><br \/><i><small>(as of [price_update_date] &#8211; <span class=\"wp_automatic_amazon_disclaimer\" title=\"Product prices and availability are accurate as of the date\/time indicated and are subject to change. Any price and availability information displayed on [relevant Amazon Site(s), as applicable] at the time of purchase will apply to the purchase of this product.\">Details<\/span>)<\/small><\/i><\/p>\n<p><a href=\"https:\/\/amazon.de\/dp\/B07TD6T5B9?tag=topgetestet09-21\"><img decoding=\"async\" src=\"https:\/\/i.imgur.com\/ISRHEWs.png\"><\/a><br \/>\n[ad_1]<br \/>\n <span>Die New Balance Herren-Boxershorts aus Netzstoff (12,7 cm) sind f\u00fcr die h\u00e4rtesten M\u00e4nner gemacht. Hergestellt aus einer bequemen Polyester-Spandex-Mischung, sind unsere Boxershorts dehnbar, atmungsaktiv und langlebig. Unsere 3er-Pack Boxershorts sind in verschiedenen Farben und Designs erh\u00e4ltlich, einschlie\u00dflich: Grau\/Grau, Schwarz und Blau. In verschiedenen Gr\u00f6\u00dfen erh\u00e4ltlich: S (73,7 &#8211; 78,7 cm), M (81,3 &#8211; 86,4 cm), L (91,4 &#8211; 96,5 cm) und XL (101,6 &#8211; 106,7 cm). Unsere Boxershorts sind ideal f\u00fcr den Alltag und halten Sie k\u00fchl und trocken. Durch die Verwendung einer hochwertigen Polyester-Spandex-Mischung h\u00e4lt dieser Slip auch nach h\u00e4ufigem Waschen und bleibt weich. Das Gummiband ist so konzipiert, dass es an Ort und Stelle bleibt, ohne sich zu knicken. Diese Unterw\u00e4sche wird der beste Teil zum Anziehen sein, und ist perfekt f\u00fcr jeden Anlass, einschlie\u00dflich Arbeit, Sport und Freizeit.<\/span> <br \/> Verpackungsabmessungen \u200f : \u200e  17 x 12.5 x 3.8 cm; 108.86 Gramm <br \/> Im Angebot von Amazon.de seit \u200f : \u200e  21. Oktober 2019 <br \/> Hersteller \u200f : \u200e  New Balance <br \/> ASIN \u200f : \u200e  B07YYKLFK2 <br \/> Modellnummer \u200f : \u200e  NB3015-3 <br \/> Kategorie \u200f : \u200e  Herren <\/p>\n<p>[ad_2]<\/p>\n","protected":false},"excerpt":{"rendered":"<p>Price: [price_with_discount](as of [price_update_date] &#8211; Details) [ad_1] Die New Balance Herren-Boxershorts aus Netzstoff (12,7 cm) sind f\u00fcr die h\u00e4rtesten M\u00e4nner gemacht. Hergestellt aus einer bequemen Polyester-Spandex-Mischung, sind unsere Boxershorts dehnbar,<\/p>\n","protected":false},"featured_media":47652,"comment_status":"open","ping_status":"closed","template":"","meta":[],"product_cat":[231],"product_tag":[],"class_list":{"0":"post-47651","1":"product","2":"type-product","3":"status-publish","4":"has-post-thumbnail","6":"product_cat-mens-fashion","8":"first","9":"instock","10":"shipping-taxable","11":"product-type-external"},"aioseo_notices":[],"_links":{"self":[{"href":"https:\/\/topgetestet.de\/index.php?rest_route=\/wp\/v2\/product\/47651","targetHints":{"allow":["GET"]}}],"collection":[{"href":"https:\/\/topgetestet.de\/index.php?rest_route=\/wp\/v2\/product"}],"about":[{"href":"https:\/\/topgetestet.de\/index.php?rest_route=\/wp\/v2\/types\/product"}],"replies":[{"embeddable":true,"href":"https:\/\/topgetestet.de\/index.php?rest_route=%2Fwp%2Fv2%2Fcomments&post=47651"}],"wp:featuredmedia":[{"embeddable":true,"href":"https:\/\/topgetestet.de\/index.php?rest_route=\/wp\/v2\/media\/47652"}],"wp:attachment":[{"href":"https:\/\/topgetestet.de\/index.php?rest_route=%2Fwp%2Fv2%2Fmedia&parent=47651"}],"wp:term":[{"taxonomy":"product_cat","embeddable":true,"href":"https:\/\/topgetestet.de\/index.php?rest_route=%2Fwp%2Fv2%2Fproduct_cat&post=47651"},{"taxonomy":"product_tag","embeddable":true,"href":"https:\/\/topgetestet.de\/index.php?rest_route=%2Fwp%2Fv2%2Fproduct_tag&post=47651"}],"curies":[{"name":"wp","href":"https:\/\/api.w.org\/{rel}","templated":true}]}}