{"id":47515,"date":"2022-09-30T17:55:15","date_gmt":"2022-09-30T17:55:15","guid":{"rendered":"https:\/\/topgetestet.de\/?product=rieker-damen-sneaker-schwarz"},"modified":"2022-09-30T17:55:15","modified_gmt":"2022-09-30T17:55:15","slug":"rieker-damen-sneaker-schwarz","status":"publish","type":"product","link":"https:\/\/topgetestet.de\/?product=rieker-damen-sneaker-schwarz","title":{"rendered":"Rieker Damen Sneaker Schwarz"},"content":{"rendered":"<p>Price: <span style=\"color:#b12704\">[price_with_discount]<\/span><br \/><i><small>(as of [price_update_date] &#8211; <span class=\"wp_automatic_amazon_disclaimer\" title=\"Product prices and availability are accurate as of the date\/time indicated and are subject to change. Any price and availability information displayed on [relevant Amazon Site(s), as applicable] at the time of purchase will apply to the purchase of this product.\">Details<\/span>)<\/small><\/i><\/p>\n<p><a href=\"https:\/\/amazon.de\/dp\/B08Q7G5VTT?tag=topgetestet09-21\"><img decoding=\"async\" src=\"https:\/\/i.imgur.com\/ISRHEWs.png\"><\/a><br \/>\n[ad_1]<br \/>\n <span>Rieker Damen Sneaker&nbsp;Schwarz<br \/>Mit diesem optisch sehr ansprechenden Sneaker aus Kunstleder werden Sie garantiert Freude haben. Denn er ist nicht nur ein Hingucker, sondern auch ein wahres Kombinationstalent. Gl\u00e4nzendes Kunstleder,&nbsp;metallisch Applikationen und gestreifte, breite Schn\u00fcrb\u00e4nder&nbsp;sorgen f\u00fcr einen coolen Eyecatcher. Im textilen Innenschuh und Lederdecksohle,&nbsp;mit Wechselfu\u00dfbett, werden Ihre F\u00fc\u00dfe gut aufgehoben sein.&nbsp;Flach und farblich hervorgehoben kommt die flache Kunststoffsohle daher. &nbsp;<br \/>&#8216;Rieker ANTISTRESS&#8217;: Leichter, flexibler, mehr Platz, mehr Schockabsorption!&nbsp;<br \/>&nbsp;<br \/>&nbsp;<br \/>&nbsp;<br \/>&nbsp;<br \/>&nbsp;<br \/>&nbsp;<\/span> <br \/> Auslaufartikel (Produktion durch Hersteller eingestellt) \u200f : \u200e  Nein <br \/> Verpackungsabmessungen \u200f : \u200e  34 x 19.6 x 10.6 cm; 200 Gramm <br \/> Im Angebot von Amazon.de seit \u200f : \u200e  8. Dezember 2020 <br \/> Hersteller \u200f : \u200e  Rieker <br \/> ASIN \u200f : \u200e  B08Q7LH7CY <br \/> Modellnummer \u200f : \u200e  N3512 <br \/> Kategorie \u200f : \u200e  Damen <\/p>\n<p>Innenmaterial: Synthetik<br \/>Sohle: Synthetik<br \/>Verschluss: Schn\u00fcrung<br \/>Absatzh\u00f6he: 3.6 cm<br \/>Absatzform: Flach<br \/>Schuhweite: Medium<br \/>Nicht wasserfest<br \/>\n<br \/>[ad_2]<\/p>\n","protected":false},"excerpt":{"rendered":"<p>Price: [price_with_discount](as of [price_update_date] &#8211; Details) [ad_1] Rieker Damen Sneaker&nbsp;SchwarzMit diesem optisch sehr ansprechenden Sneaker aus Kunstleder werden Sie garantiert Freude haben. Denn er ist nicht nur ein Hingucker, sondern<\/p>\n","protected":false},"featured_media":47516,"comment_status":"open","ping_status":"closed","template":"","meta":[],"product_cat":[230],"product_tag":[266],"class_list":{"0":"post-47515","1":"product","2":"type-product","3":"status-publish","4":"has-post-thumbnail","6":"product_cat-fashion","7":"product_tag-womens-fashion-sneakers","9":"first","10":"instock","11":"shipping-taxable","12":"product-type-external"},"aioseo_notices":[],"_links":{"self":[{"href":"https:\/\/topgetestet.de\/index.php?rest_route=\/wp\/v2\/product\/47515","targetHints":{"allow":["GET"]}}],"collection":[{"href":"https:\/\/topgetestet.de\/index.php?rest_route=\/wp\/v2\/product"}],"about":[{"href":"https:\/\/topgetestet.de\/index.php?rest_route=\/wp\/v2\/types\/product"}],"replies":[{"embeddable":true,"href":"https:\/\/topgetestet.de\/index.php?rest_route=%2Fwp%2Fv2%2Fcomments&post=47515"}],"wp:featuredmedia":[{"embeddable":true,"href":"https:\/\/topgetestet.de\/index.php?rest_route=\/wp\/v2\/media\/47516"}],"wp:attachment":[{"href":"https:\/\/topgetestet.de\/index.php?rest_route=%2Fwp%2Fv2%2Fmedia&parent=47515"}],"wp:term":[{"taxonomy":"product_cat","embeddable":true,"href":"https:\/\/topgetestet.de\/index.php?rest_route=%2Fwp%2Fv2%2Fproduct_cat&post=47515"},{"taxonomy":"product_tag","embeddable":true,"href":"https:\/\/topgetestet.de\/index.php?rest_route=%2Fwp%2Fv2%2Fproduct_tag&post=47515"}],"curies":[{"name":"wp","href":"https:\/\/api.w.org\/{rel}","templated":true}]}}