{"id":47240,"date":"2022-09-30T16:22:53","date_gmt":"2022-09-30T16:22:53","guid":{"rendered":"https:\/\/topgetestet.de\/?product=jack-wolfskin-unisex-moab-jam-pro-30-5-hiking-pack"},"modified":"2022-09-30T16:22:53","modified_gmt":"2022-09-30T16:22:53","slug":"jack-wolfskin-unisex-moab-jam-pro-30-5-hiking-pack","status":"publish","type":"product","link":"https:\/\/topgetestet.de\/?product=jack-wolfskin-unisex-moab-jam-pro-30-5-hiking-pack","title":{"rendered":"Jack Wolfskin Unisex Moab Jam Pro 30.5 Hiking Pack"},"content":{"rendered":"<p>Price: <span style=\"color:#b12704\">[price_with_discount]<\/span><br \/><i><small>(as of [price_update_date] &#8211; <span class=\"wp_automatic_amazon_disclaimer\" title=\"Product prices and availability are accurate as of the date\/time indicated and are subject to change. Any price and availability information displayed on [relevant Amazon Site(s), as applicable] at the time of purchase will apply to the purchase of this product.\">Details<\/span>)<\/small><\/i><\/p>\n<p><a href=\"https:\/\/amazon.de\/dp\/B09L8DBHF3?tag=topgetestet09-21\"><img decoding=\"async\" src=\"https:\/\/i.imgur.com\/ISRHEWs.png\"><\/a><br \/>\n[ad_1]<br \/>\n <span>Unser Bikerucksack MOAB JAM PRO 30.5 ist der sportliche Allesk\u00f6nner f\u00fcr deine Mehrtagestouren. Er kommt mit vielen Fahrradfeatures, stark reflektierenden Elementen und einem gut bel\u00fcfteten und anschmiegsamen Tragesystem. Dank des leichten und besonders komfortablen AEROSHAPE-Tragesystem liegt der Rucksack gut und nah am K\u00f6rper an, ohne Deine Bewegungsfreiheit einzuschr\u00e4nken. Durch den zentralen L\u00fcftungskanal und die luftdurchl\u00e4ssigen R\u00fcckenpolster wird dein R\u00fccken beim Tragen leicht gek\u00fchlt. Dank unserer innovativen One-Piece-Konstruktion werden im Herstellungsprozess die Produktionsabf\u00e4lle auf ein absolutes Minimum reduziert. Zus\u00e4tzlich ist das verwendete Mesh komplett wiederverwertet, genau wie das Hauptmaterial und das Innenfutter. Die Einschubf\u00e4cher in der Vortasche, nutzt du f\u00fcr Fahrrad-Werkzeug und -Zubeh\u00f6r, es gibt eine Befestigung f\u00fcr LED-Leuchte oder Luftpumpe. Das Hauptfach ist im vorderen Bereich elastisch und l\u00e4sst sich dadurch ein St\u00fcckchen vergr\u00f6\u00dfern. Der Rucksack bietet mit dem Bodenfach und dem ger\u00e4umigen Hauptfach viel Stauraum, im Hauptfach ist au\u00dferdem Platz f\u00fcr die Trinkblase. Die Helmfixierung ist in einem separaten Fach auf der Front untergebracht. Am gesamten Rucksack und auf den Schultergurten sind umlaufende und reflektierende Materialien mit besonders starker R\u00fcckstrahlkraft verbaut.<\/span> <br \/> Produktabmessungen \u200f : \u200e  28 x 29 x 50 cm; 1.16 Kilogramm <br \/> Im Angebot von Amazon.de seit \u200f : \u200e  28. April 2022 <br \/> Hersteller \u200f : \u200e  Jack Wolfskin <br \/> ASIN \u200f : \u200e  B0B8MS3V5D <br \/> Modellnummer \u200f : \u200e  2010251 <br \/> Kategorie \u200f : \u200e  Unisex <\/p>\n<p>leicht, aus wiederverwerteten Materialien<br \/>Verschluss: Rei\u00dfverschluss<br \/>Style:1. OBERSTOFF: 100% POLYAMID#2. OBERSTOFF: 75% POLYAMID, 25% ELASTHAN#FUTTER: 100% POLYESTER<br \/>Outdoor<br \/>Modellnummer: 2010251<br \/>anschmiegsames, gut bel\u00fcftetes und nachhaltiges Tragesystem<br \/>\n<br \/>[ad_2]<\/p>\n","protected":false},"excerpt":{"rendered":"<p>Price: [price_with_discount](as of [price_update_date] &#8211; Details) [ad_1] Unser Bikerucksack MOAB JAM PRO 30.5 ist der sportliche Allesk\u00f6nner f\u00fcr deine Mehrtagestouren. Er kommt mit vielen Fahrradfeatures, stark reflektierenden Elementen und einem<\/p>\n","protected":false},"featured_media":47241,"comment_status":"open","ping_status":"closed","template":"","meta":[],"product_cat":[227],"product_tag":[272],"class_list":{"0":"post-47240","1":"product","2":"type-product","3":"status-publish","4":"has-post-thumbnail","6":"product_cat-gaming","7":"product_tag-sports-outdoors","9":"first","10":"instock","11":"sale","12":"shipping-taxable","13":"product-type-external"},"aioseo_notices":[],"_links":{"self":[{"href":"https:\/\/topgetestet.de\/index.php?rest_route=\/wp\/v2\/product\/47240","targetHints":{"allow":["GET"]}}],"collection":[{"href":"https:\/\/topgetestet.de\/index.php?rest_route=\/wp\/v2\/product"}],"about":[{"href":"https:\/\/topgetestet.de\/index.php?rest_route=\/wp\/v2\/types\/product"}],"replies":[{"embeddable":true,"href":"https:\/\/topgetestet.de\/index.php?rest_route=%2Fwp%2Fv2%2Fcomments&post=47240"}],"wp:featuredmedia":[{"embeddable":true,"href":"https:\/\/topgetestet.de\/index.php?rest_route=\/wp\/v2\/media\/47241"}],"wp:attachment":[{"href":"https:\/\/topgetestet.de\/index.php?rest_route=%2Fwp%2Fv2%2Fmedia&parent=47240"}],"wp:term":[{"taxonomy":"product_cat","embeddable":true,"href":"https:\/\/topgetestet.de\/index.php?rest_route=%2Fwp%2Fv2%2Fproduct_cat&post=47240"},{"taxonomy":"product_tag","embeddable":true,"href":"https:\/\/topgetestet.de\/index.php?rest_route=%2Fwp%2Fv2%2Fproduct_tag&post=47240"}],"curies":[{"name":"wp","href":"https:\/\/api.w.org\/{rel}","templated":true}]}}