{"id":47113,"date":"2022-09-30T13:45:04","date_gmt":"2022-09-30T13:45:04","guid":{"rendered":"https:\/\/topgetestet.de\/?product=otl-technologies-hk0991-hello-kitty-kinder-kopfhorer-kabellos-pink"},"modified":"2022-09-30T13:45:04","modified_gmt":"2022-09-30T13:45:04","slug":"otl-technologies-hk0991-hello-kitty-kinder-kopfhorer-kabellos-pink","status":"publish","type":"product","link":"https:\/\/topgetestet.de\/?product=otl-technologies-hk0991-hello-kitty-kinder-kopfhorer-kabellos-pink","title":{"rendered":"OTL Technologies HK0991 Hello Kitty Kinder-Kopfh\u00f6rer, kabellos, Pink"},"content":{"rendered":"<p>Price: <span style=\"color:#b12704\">[price_with_discount]<\/span><br \/><i><small>(as of [price_update_date] &#8211; <span class=\"wp_automatic_amazon_disclaimer\" title=\"Product prices and availability are accurate as of the date\/time indicated and are subject to change. Any price and availability information displayed on [relevant Amazon Site(s), as applicable] at the time of purchase will apply to the purchase of this product.\">Details<\/span>)<\/small><\/i><\/p>\n<p><a href=\"https:\/\/amazon.de\/dp\/B0B9H9K1W4?tag=topgetestet09-21\"><img decoding=\"async\" src=\"https:\/\/i.imgur.com\/ISRHEWs.png\"><\/a><br \/>\n[ad_1]<br \/>\n <span>Hello-Kitty-Kopfh\u00f6rer in Pink mit rotgoldfarbenem Aufdruck auf jeder Tasse. Mit V5.0-Bluetooth-Technologie mit eingebautem Mikrofon sind diese Kopfh\u00f6rer f\u00fcr Kinder ab 3 Jahren geeignet. Diese Kopfh\u00f6rer k\u00f6nnen mit allen Ihren Lieblingsger\u00e4ten (z.B. Verwendung mit iPads, iPods, Tablets, Handheld-Spielen, Lernger\u00e4ten, Spielger\u00e4ten *) im kabelgebundenen Modus mit einem 3,5 mm 3,5 mm Universal-Klinkenstecker Audio-Sharing-Kabel (im Lieferumfang enthalten). *Beachten Sie, dass alle Funktionstasten und das Mikrofon deaktiviert sind, wenn die Kopfh\u00f6rer kabelgebunden sind. (mit 3,5 mm Universal-Klinkenkabel). Alle Funktionstasten und Mikrofon funktionieren nur sofort, wenn die Kopfh\u00f6rer nur kabellos sind. Einige Handys k\u00f6nnen m\u00f6glicherweise nicht alle Funktionen verwenden, je nach den Spezifikationen der Ger\u00e4te selbst. Stellen Sie sicher, dass Ihr Bluetooth-f\u00e4higes Ger\u00e4t auf dem neuesten Stand ist.<\/span> <br \/> Batterien \u200f : \u200e  1 Lithium-Polymer Batterien erforderlich. <br \/> Verpackungsabmessungen \u200f : \u200e  20.9 x 18.2 x 5.4 cm; 160 Gramm <br \/> Im Angebot von Amazon.de seit \u200f : \u200e  21. August 2022 <br \/> Hersteller \u200f : \u200e  OTL Technologies <br \/> ASIN \u200f : \u200e  B0B9H9K1W4 <br \/> Modellnummer \u200f : \u200e  HK0991 <\/p>\n<p>Geeignet f\u00fcr Kinder ab 3 Jahren mit zwei verschiedenen ger\u00e4uschsicheren Lautst\u00e4rkeeinstellungen von 85 dB und 95 dB f\u00fcr die perfekte Lautst\u00e4rkeeinstellung in jeder Umgebung.<br \/>Integrierter 500-mAh-Akku bietet bis zu 24 Stunden Spielzeit<br \/>Vollst\u00e4ndig aufgeladen in ca. 2 Stunden durch Typ-C USB-Ladekabel<br \/>Arbeitsabstand von 10 Metern<br \/>Ausziehbarer Einsteller f\u00fcr individuelle flexible Passform f\u00fcr jede Kopfform<br \/>Leicht, langlebig, faltbar, flexibles Schwenkdesign und bequem w\u00e4hrend der Nutzung<br \/>Zus\u00e4tzliches 3,5-mm-Audio-Sharing-Kabel im Lieferumfang enthalten<br \/>Lautsprecherma\u00dfe: 40 mm Impedanz: 32 \u03a9 BT Version: V5.0 IC L\u00f6sung: JL AC6956 Bluetooth Protokolle: A2DP\/AVRCP\/HFP Wiederaufladbarer Akku: 500 mAh, Lithium-Polymer-Akku, Spielzeit: 24 Stunden, Betriebsabstand: 10 Meter (ohne Hindernisse), Empfindlichkeit: 85\u00b15dB oder 95 dB<br \/>\n<br \/>[ad_2]<\/p>\n","protected":false},"excerpt":{"rendered":"<p>Price: [price_with_discount](as of [price_update_date] &#8211; Details) [ad_1] Hello-Kitty-Kopfh\u00f6rer in Pink mit rotgoldfarbenem Aufdruck auf jeder Tasse. Mit V5.0-Bluetooth-Technologie mit eingebautem Mikrofon sind diese Kopfh\u00f6rer f\u00fcr Kinder ab 3 Jahren geeignet.<\/p>\n","protected":false},"featured_media":47114,"comment_status":"open","ping_status":"closed","template":"","meta":[],"product_cat":[225],"product_tag":[],"class_list":{"0":"post-47113","1":"product","2":"type-product","3":"status-publish","4":"has-post-thumbnail","6":"product_cat-electronics","8":"first","9":"instock","10":"shipping-taxable","11":"product-type-external"},"aioseo_notices":[],"_links":{"self":[{"href":"https:\/\/topgetestet.de\/index.php?rest_route=\/wp\/v2\/product\/47113","targetHints":{"allow":["GET"]}}],"collection":[{"href":"https:\/\/topgetestet.de\/index.php?rest_route=\/wp\/v2\/product"}],"about":[{"href":"https:\/\/topgetestet.de\/index.php?rest_route=\/wp\/v2\/types\/product"}],"replies":[{"embeddable":true,"href":"https:\/\/topgetestet.de\/index.php?rest_route=%2Fwp%2Fv2%2Fcomments&post=47113"}],"wp:featuredmedia":[{"embeddable":true,"href":"https:\/\/topgetestet.de\/index.php?rest_route=\/wp\/v2\/media\/47114"}],"wp:attachment":[{"href":"https:\/\/topgetestet.de\/index.php?rest_route=%2Fwp%2Fv2%2Fmedia&parent=47113"}],"wp:term":[{"taxonomy":"product_cat","embeddable":true,"href":"https:\/\/topgetestet.de\/index.php?rest_route=%2Fwp%2Fv2%2Fproduct_cat&post=47113"},{"taxonomy":"product_tag","embeddable":true,"href":"https:\/\/topgetestet.de\/index.php?rest_route=%2Fwp%2Fv2%2Fproduct_tag&post=47113"}],"curies":[{"name":"wp","href":"https:\/\/api.w.org\/{rel}","templated":true}]}}