{"id":47099,"date":"2022-09-30T13:43:07","date_gmt":"2022-09-30T13:43:07","guid":{"rendered":"https:\/\/topgetestet.de\/?product=jack-jones-male-t-shirt-3er-pack"},"modified":"2022-09-30T13:43:07","modified_gmt":"2022-09-30T13:43:07","slug":"jack-jones-male-t-shirt-3er-pack","status":"publish","type":"product","link":"https:\/\/topgetestet.de\/?product=jack-jones-male-t-shirt-3er-pack","title":{"rendered":"JACK &#038; JONES Male T-Shirt 3er-Pack"},"content":{"rendered":"<p>Price: <span style=\"color:#b12704\">[price_with_discount]<\/span><br \/><i><small>(as of [price_update_date] &#8211; <span class=\"wp_automatic_amazon_disclaimer\" title=\"Product prices and availability are accurate as of the date\/time indicated and are subject to change. Any price and availability information displayed on [relevant Amazon Site(s), as applicable] at the time of purchase will apply to the purchase of this product.\">Details<\/span>)<\/small><\/i><\/p>\n<p><a href=\"https:\/\/amazon.de\/dp\/B08QW74Q3H?tag=topgetestet09-21\"><img decoding=\"async\" src=\"https:\/\/i.imgur.com\/ISRHEWs.png\"><\/a><br \/>\n[ad_1]<br \/>\n <span>Das 3er Pack Basic T-Shirts f\u00fcr Herren von JACK&amp;JONES geh\u00f6rt in jeden Kleiderschrank. Die gerade geschnittenen T-Shirts haben einen Rundhalsausschnitt und k\u00f6nnen super zu einer Jeans und Sneaker kombiniert werden.<\/span> <br \/> Produktabmessungen \u200f : \u200e  30 x 23 x 4 cm; 140 Gramm <br \/> Im Angebot von Amazon.de seit \u200f : \u200e  22. Oktober 2020 <br \/> ASIN \u200f : \u200e  B08LNT533S <br \/> Modellnummer \u200f : \u200e  12137126 <br \/> Kategorie \u200f : \u200e  Herren <\/p>\n<p>[ad_2]<\/p>\n","protected":false},"excerpt":{"rendered":"<p>Price: [price_with_discount](as of [price_update_date] &#8211; Details) [ad_1] Das 3er Pack Basic T-Shirts f\u00fcr Herren von JACK&amp;JONES geh\u00f6rt in jeden Kleiderschrank. Die gerade geschnittenen T-Shirts haben einen Rundhalsausschnitt und k\u00f6nnen super<\/p>\n","protected":false},"featured_media":47100,"comment_status":"open","ping_status":"closed","template":"","meta":[],"product_cat":[231],"product_tag":[],"class_list":{"0":"post-47099","1":"product","2":"type-product","3":"status-publish","4":"has-post-thumbnail","6":"product_cat-mens-fashion","8":"first","9":"instock","10":"shipping-taxable","11":"product-type-external"},"aioseo_notices":[],"_links":{"self":[{"href":"https:\/\/topgetestet.de\/index.php?rest_route=\/wp\/v2\/product\/47099","targetHints":{"allow":["GET"]}}],"collection":[{"href":"https:\/\/topgetestet.de\/index.php?rest_route=\/wp\/v2\/product"}],"about":[{"href":"https:\/\/topgetestet.de\/index.php?rest_route=\/wp\/v2\/types\/product"}],"replies":[{"embeddable":true,"href":"https:\/\/topgetestet.de\/index.php?rest_route=%2Fwp%2Fv2%2Fcomments&post=47099"}],"wp:featuredmedia":[{"embeddable":true,"href":"https:\/\/topgetestet.de\/index.php?rest_route=\/wp\/v2\/media\/47100"}],"wp:attachment":[{"href":"https:\/\/topgetestet.de\/index.php?rest_route=%2Fwp%2Fv2%2Fmedia&parent=47099"}],"wp:term":[{"taxonomy":"product_cat","embeddable":true,"href":"https:\/\/topgetestet.de\/index.php?rest_route=%2Fwp%2Fv2%2Fproduct_cat&post=47099"},{"taxonomy":"product_tag","embeddable":true,"href":"https:\/\/topgetestet.de\/index.php?rest_route=%2Fwp%2Fv2%2Fproduct_tag&post=47099"}],"curies":[{"name":"wp","href":"https:\/\/api.w.org\/{rel}","templated":true}]}}