{"id":47032,"date":"2022-09-30T13:31:34","date_gmt":"2022-09-30T13:31:34","guid":{"rendered":"https:\/\/topgetestet.de\/?product=smeng-frauen-tie-dye-loose-crewneck-pullover-sweatshirt-langarm-tops"},"modified":"2022-09-30T13:31:34","modified_gmt":"2022-09-30T13:31:34","slug":"smeng-frauen-tie-dye-loose-crewneck-pullover-sweatshirt-langarm-tops","status":"publish","type":"product","link":"https:\/\/topgetestet.de\/?product=smeng-frauen-tie-dye-loose-crewneck-pullover-sweatshirt-langarm-tops","title":{"rendered":"SMENG Frauen Tie Dye Loose Crewneck Pullover Sweatshirt Langarm Tops"},"content":{"rendered":"<p>Price: <span style=\"color:#b12704\">[price_with_discount]<\/span><br \/><i><small>(as of [price_update_date] &#8211; <span class=\"wp_automatic_amazon_disclaimer\" title=\"Product prices and availability are accurate as of the date\/time indicated and are subject to change. Any price and availability information displayed on [relevant Amazon Site(s), as applicable] at the time of purchase will apply to the purchase of this product.\">Details<\/span>)<\/small><\/i><\/p>\n<p><a href=\"https:\/\/amazon.de\/dp\/B0B9916XWR?tag=topgetestet09-21\"><img decoding=\"async\" src=\"https:\/\/i.imgur.com\/ISRHEWs.png\"><\/a><br \/>\n[ad_1]<br \/>\n <span><br \/><\/span><span class=\"a-text-bold\">SMENG Damen Einfarbig Loose Crewneck Pullover Sweatshirt Langarm Tops <\/span><span><br \/> <\/span><br \/> Verpackungsabmessungen \u200f : \u200e  25.6 x 14.6 x 5.8 cm; 380 Gramm <br \/> Im Angebot von Amazon.de seit \u200f : \u200e  11. August 2022 <br \/> ASIN \u200f : \u200e  B0B98TT9YY <br \/> Kategorie \u200f : \u200e  Damen <\/p>\n<p>\u3010Feature\u3011:Einfarbig Sweatshirts, Casual Style, Rundhalsausschnitt, Langarm,, Loose Fit, Sexy, Mode.<br \/>Langarm<br \/>95%Polyester+5%Elastan<br \/>Casual<br \/>Pflegehinweis: Maschinenw\u00e4sche<br \/>\u3010Geeigneter Anlass\u3011: Atmungsaktives, leichtes Material. Perfekt f\u00fcr Freizeit-, Party-, Club-, Arbeits-, t\u00e4gliche Outdoor-Aktivit\u00e4ten. Gut f\u00fcr die Sommersaison<br \/>\n<br \/>[ad_2]<\/p>\n","protected":false},"excerpt":{"rendered":"<p>Price: [price_with_discount](as of [price_update_date] &#8211; Details) [ad_1] SMENG Damen Einfarbig Loose Crewneck Pullover Sweatshirt Langarm Tops Verpackungsabmessungen \u200f : \u200e 25.6 x 14.6 x 5.8 cm; 380 Gramm Im Angebot<\/p>\n","protected":false},"featured_media":47033,"comment_status":"open","ping_status":"closed","template":"","meta":[],"product_cat":[232],"product_tag":[],"class_list":{"0":"post-47032","1":"product","2":"type-product","3":"status-publish","4":"has-post-thumbnail","6":"product_cat-women-fashion","8":"first","9":"instock","10":"shipping-taxable","11":"product-type-external"},"aioseo_notices":[],"_links":{"self":[{"href":"https:\/\/topgetestet.de\/index.php?rest_route=\/wp\/v2\/product\/47032","targetHints":{"allow":["GET"]}}],"collection":[{"href":"https:\/\/topgetestet.de\/index.php?rest_route=\/wp\/v2\/product"}],"about":[{"href":"https:\/\/topgetestet.de\/index.php?rest_route=\/wp\/v2\/types\/product"}],"replies":[{"embeddable":true,"href":"https:\/\/topgetestet.de\/index.php?rest_route=%2Fwp%2Fv2%2Fcomments&post=47032"}],"wp:featuredmedia":[{"embeddable":true,"href":"https:\/\/topgetestet.de\/index.php?rest_route=\/wp\/v2\/media\/47033"}],"wp:attachment":[{"href":"https:\/\/topgetestet.de\/index.php?rest_route=%2Fwp%2Fv2%2Fmedia&parent=47032"}],"wp:term":[{"taxonomy":"product_cat","embeddable":true,"href":"https:\/\/topgetestet.de\/index.php?rest_route=%2Fwp%2Fv2%2Fproduct_cat&post=47032"},{"taxonomy":"product_tag","embeddable":true,"href":"https:\/\/topgetestet.de\/index.php?rest_route=%2Fwp%2Fv2%2Fproduct_tag&post=47032"}],"curies":[{"name":"wp","href":"https:\/\/api.w.org\/{rel}","templated":true}]}}