{"id":46997,"date":"2022-09-30T13:26:24","date_gmt":"2022-09-30T13:26:24","guid":{"rendered":"https:\/\/topgetestet.de\/?post_type=product&#038;p=46997"},"modified":"2022-09-30T13:26:24","modified_gmt":"2022-09-30T13:26:24","slug":"mint-sofortbildkamera-slr670-x-ming-edition","status":"publish","type":"product","link":"https:\/\/topgetestet.de\/?product=mint-sofortbildkamera-slr670-x-ming-edition","title":{"rendered":"Mint Sofortbildkamera SLR670-X MING Edition"},"content":{"rendered":"<p>Price: <span style=\"color:#b12704\">[price_with_discount]<\/span><br \/><i><small>(as of [price_update_date] &#8211; <span class=\"wp_automatic_amazon_disclaimer\" title=\"Product prices and availability are accurate as of the date\/time indicated and are subject to change. Any price and availability information displayed on [relevant Amazon Site(s), as applicable] at the time of purchase will apply to the purchase of this product.\">Details<\/span>)<\/small><\/i><\/p>\n<p><a href=\"https:\/\/amazon.de\/dp\/B09X44LHMM?tag=topgetestet09-21\"><img decoding=\"async\" src=\"https:\/\/i.imgur.com\/ISRHEWs.png\"><\/a><br \/>\n[ad_1]<br \/>\n <span>Die MiNT SLR670-X Ming Edition ist eine \u00fcberarbeitete Polaroid SX-70 Sofortbildkamera, die mit einer Time Machine f\u00fcr manuelle Belichtungssteuerung und flexiblere Aufnahmem\u00f6glichkeiten ausgestattet ist. Diese Spiegelreflexkamera, die nach wie vor das charakteristische Klappdesign aufweist, verf\u00fcgt \u00fcber einen optischen TTL-Sucher und ein 116-mm-Objektiv mit Lichtst\u00e4rke 8, das \u00fcber eine Vier-Elemente-Optik, manuelle Fokussierung und eine Mindestentfernung von 10 Zoll verf\u00fcgt. Die SLR670-X unterscheidet sich jedoch von ihrem klassischen Erbe durch ein einzigartiges Time Machine-Modul, das eine manuelle Einstellung der Verschlusszeit sowie zwei automatische Einstellungen erm\u00f6glicht &#8211; eine f\u00fcr ISO 600, Polaroid 600-Film, und eine f\u00fcr ISO 100, SX-70-Film. Dieses Modul verf\u00fcgt \u00fcber einen 2,5-mm-Blitzanschlu\u00df, der f\u00fcr die Synchronisierung eines externen Blitzger\u00e4ts verwendet werden kann und somit mehr kreative Aufnahmem\u00f6glichkeiten bietet. Die urspr\u00fcngliche Lederabdeckung der Kamera wurde durch eine robuste und elegante schwarze Metallabdeckung ersetzt, die sich ebenfalls vom klassischen Look unterscheidet. SLR670-X Ming Edition Das Time Machine-Modul wurde dem Originalgeh\u00e4use der Kamera hinzugef\u00fcgt, um eine manuelle Steuerung der Verschlusszeit von 1\/2000 bis 1\/2 Sekunde sowie Beliebig Die Time Machine ist sowohl mit SX-70- als auch mit Polaroid 600-Filmen kompatibel und verf\u00fcgt \u00fcber zwei spezielle automatische Belichtungsmodi (A100 und A600), die f\u00fcr beide Filmtypen geeignet sind. Integrierter 1\/4&#8243;-Stativanschluss und \u00d6sen f\u00fcr den Umh\u00e4ngegurt.<\/span> <br \/>Wir haben \u00fcber 35.000 SX-70 Polaroid Filmkameras restauriert und verkauft, die meisten davon sind dieses Originalmodell. Jede Polaroid SX-70 Filmkamera wird von unseren Handwerkern gr\u00fcndlich inspiziert, gereinigt und restauriert.<br \/>Inspiriert durch den Fotografen Ming Chan, ein Symbol f\u00fcr Haltung. Tatkraft. Leidenschaft. Beharrlichkeit. Hingabe. Wir sind stolz auf diese Sonderedition &#8211; die SLR670-X MING EDITION.<br \/>Anstelle der alten Lederabdeckungen der SX70 liefern die neuen Metallabdeckungen der SLR670-X eine einzigartige und glamour\u00f6se Textur. Schwarz 670-X wird mit schwarzen Metallabdeckungen und Silber 670-X mit Chrom, perfekt in die Vintage-Polaroid-Kamera, als ob ein Vintage-Polaroid-Kamera ohne Vintage-Look integriert kommen. Und die Metallabdeckungen werden eine zus\u00e4tzliche Schicht von Schutz f\u00fcr die Polaroid-Land-Kamera hinzuzuf\u00fcgen.<br \/>Die SLR670-X MING EDITION ist unser Flaggschiff &#8211; eine meisterhafte Neuinterpretation des klassischen Designs, die das Beste aus unseren beiden fr\u00fcheren SLR670-Modellen vereint. Sie bietet sowohl hohe als auch niedrige ISO-Empfindlichkeit sowie automatische und manuelle Modi &#8211; alles in einer Polaroid-Landkamera.<br \/>Im Vergleich zur SX-70 Vintage Polaroid Camera bietet die SLR670-X 3 wichtige Neuerungen, die ihre \u00dcberlegenheit unterstreichen: 1) Zwei automatische Modi &#8211; A100 und A600 &#8211; erm\u00f6glichen die volle Unterst\u00fctzung von Filmen mit hohem und niedrigem ISO-Wert. Es ist nicht n\u00f6tig, die alte Polaroidkamera zu modifizieren oder zus\u00e4tzliche Peripherieger\u00e4te wie ND-Filter zu verwenden, um 600er-Film zu verwenden. Das neue elektrische Auge berechnet au\u00dferdem die genaueste Belichtung, nachdem es die Umgebung analysiert hat. All dies macht das Fotografieren mit der SLR670-X zu einer einfachen Erfahrung.<br \/>2) Manueller Modus &#8211; 16 verschiedene Verschlusszeiten stehen zur Auswahl und sorgen f\u00fcr ein noch vielf\u00e4ltigeres Aufnahmeerlebnis. Mit der M\u00f6glichkeit, Silhouetten und Langzeitbelichtungen zu fotografieren, sind Ihrer Kreativit\u00e4t keine Grenzen gesetzt.<br \/>Verschlusszeiten k\u00f6nnen mit dem MiNT Time Machine Aufsatz manuell eingestellt werden &#8211; ein leichtes Zusatzger\u00e4t, das perfekt auf die Polaroid-Landkamera passt. M\u00f6chten Sie mit Ihrer Polaroid-Landkamera Filme des Typs 600 verwenden? Mit der SLR670-X k\u00f6nnen Sie mit nur einer Drehung des Einstellrads SX-70- oder 600er-Filme verwenden. Time Machine bietet Ihnen zwei automatische Einstellungen: A100 f\u00fcr Filme des Typs SX-70 A600 f\u00fcr den 600er-Film<br \/>\n<br \/>[ad_2]<\/p>\n","protected":false},"excerpt":{"rendered":"<p>Price: [price_with_discount](as of [price_update_date] &#8211; Details) [ad_1] Die MiNT SLR670-X Ming Edition ist eine \u00fcberarbeitete Polaroid SX-70 Sofortbildkamera, die mit einer Time Machine f\u00fcr manuelle Belichtungssteuerung und flexiblere Aufnahmem\u00f6glichkeiten ausgestattet<\/p>\n","protected":false},"featured_media":46998,"comment_status":"open","ping_status":"closed","template":"","meta":[],"product_cat":[226],"product_tag":[251],"class_list":{"0":"post-46997","1":"product","2":"type-product","3":"status-publish","4":"has-post-thumbnail","6":"product_cat-cameras","7":"product_tag-instant-film-cameras","9":"first","10":"instock","11":"shipping-taxable","12":"product-type-external"},"aioseo_notices":[],"_links":{"self":[{"href":"https:\/\/topgetestet.de\/index.php?rest_route=\/wp\/v2\/product\/46997","targetHints":{"allow":["GET"]}}],"collection":[{"href":"https:\/\/topgetestet.de\/index.php?rest_route=\/wp\/v2\/product"}],"about":[{"href":"https:\/\/topgetestet.de\/index.php?rest_route=\/wp\/v2\/types\/product"}],"replies":[{"embeddable":true,"href":"https:\/\/topgetestet.de\/index.php?rest_route=%2Fwp%2Fv2%2Fcomments&post=46997"}],"wp:featuredmedia":[{"embeddable":true,"href":"https:\/\/topgetestet.de\/index.php?rest_route=\/wp\/v2\/media\/46998"}],"wp:attachment":[{"href":"https:\/\/topgetestet.de\/index.php?rest_route=%2Fwp%2Fv2%2Fmedia&parent=46997"}],"wp:term":[{"taxonomy":"product_cat","embeddable":true,"href":"https:\/\/topgetestet.de\/index.php?rest_route=%2Fwp%2Fv2%2Fproduct_cat&post=46997"},{"taxonomy":"product_tag","embeddable":true,"href":"https:\/\/topgetestet.de\/index.php?rest_route=%2Fwp%2Fv2%2Fproduct_tag&post=46997"}],"curies":[{"name":"wp","href":"https:\/\/api.w.org\/{rel}","templated":true}]}}