{"id":46959,"date":"2022-09-30T13:20:07","date_gmt":"2022-09-30T13:20:07","guid":{"rendered":"https:\/\/topgetestet.de\/?product=vans-damen-filmore-decon-suede-sneaker"},"modified":"2022-09-30T13:20:07","modified_gmt":"2022-09-30T13:20:07","slug":"vans-damen-filmore-decon-suede-sneaker","status":"publish","type":"product","link":"https:\/\/topgetestet.de\/?product=vans-damen-filmore-decon-suede-sneaker","title":{"rendered":"Vans Damen Filmore Decon Suede Sneaker"},"content":{"rendered":"<p>Price: <span style=\"color:#b12704\">[price_with_discount]<\/span><br \/><i><small>(as of [price_update_date] &#8211; <span class=\"wp_automatic_amazon_disclaimer\" title=\"Product prices and availability are accurate as of the date\/time indicated and are subject to change. Any price and availability information displayed on [relevant Amazon Site(s), as applicable] at the time of purchase will apply to the purchase of this product.\">Details<\/span>)<\/small><\/i><\/p>\n<p><a href=\"https:\/\/amazon.de\/dp\/B0949LNJPT?tag=topgetestet09-21\"><img decoding=\"async\" src=\"https:\/\/i.imgur.com\/ISRHEWs.png\"><\/a><br \/>\n[ad_1]<br \/>\n <span>Der Filmore Decon ist ein niedrig geschnittener vulkanisierter Schn\u00fcrschuh inspiriert vom Original Vans Classic Old Skool. Mit Skate-beeinflusstem Design verf\u00fcgt der Filmore Decon \u00fcber ein doppelt gen\u00e4htes Obermaterial, eine originale Waffel-Laufsohle, ein glattes Futter und eine d\u00e4mpfende Einlegesohle f\u00fcr zus\u00e4tzlichen Komfort.<\/span> <br \/> Verpackungsabmessungen \u200f : \u200e  33.53 x 18.8 x 12.19 cm; 980 Gramm <br \/> Im Angebot von Amazon.de seit \u200f : \u200e  6. Mai 2021 <br \/> Hersteller \u200f : \u200e  Vans <br \/> ASIN \u200f : \u200e  B0949KSZ62 <br \/> Modellnummer \u200f : \u200e  VN0A45NM7941 <br \/> Kategorie \u200f : \u200e  Damen <\/p>\n<p>[ad_2]<\/p>\n","protected":false},"excerpt":{"rendered":"<p>Price: [price_with_discount](as of [price_update_date] &#8211; Details) [ad_1] Der Filmore Decon ist ein niedrig geschnittener vulkanisierter Schn\u00fcrschuh inspiriert vom Original Vans Classic Old Skool. Mit Skate-beeinflusstem Design verf\u00fcgt der Filmore Decon<\/p>\n","protected":false},"featured_media":46960,"comment_status":"open","ping_status":"closed","template":"","meta":[],"product_cat":[230],"product_tag":[266],"class_list":{"0":"post-46959","1":"product","2":"type-product","3":"status-publish","4":"has-post-thumbnail","6":"product_cat-fashion","7":"product_tag-womens-fashion-sneakers","9":"first","10":"instock","11":"shipping-taxable","12":"product-type-external"},"aioseo_notices":[],"_links":{"self":[{"href":"https:\/\/topgetestet.de\/index.php?rest_route=\/wp\/v2\/product\/46959","targetHints":{"allow":["GET"]}}],"collection":[{"href":"https:\/\/topgetestet.de\/index.php?rest_route=\/wp\/v2\/product"}],"about":[{"href":"https:\/\/topgetestet.de\/index.php?rest_route=\/wp\/v2\/types\/product"}],"replies":[{"embeddable":true,"href":"https:\/\/topgetestet.de\/index.php?rest_route=%2Fwp%2Fv2%2Fcomments&post=46959"}],"wp:featuredmedia":[{"embeddable":true,"href":"https:\/\/topgetestet.de\/index.php?rest_route=\/wp\/v2\/media\/46960"}],"wp:attachment":[{"href":"https:\/\/topgetestet.de\/index.php?rest_route=%2Fwp%2Fv2%2Fmedia&parent=46959"}],"wp:term":[{"taxonomy":"product_cat","embeddable":true,"href":"https:\/\/topgetestet.de\/index.php?rest_route=%2Fwp%2Fv2%2Fproduct_cat&post=46959"},{"taxonomy":"product_tag","embeddable":true,"href":"https:\/\/topgetestet.de\/index.php?rest_route=%2Fwp%2Fv2%2Fproduct_tag&post=46959"}],"curies":[{"name":"wp","href":"https:\/\/api.w.org\/{rel}","templated":true}]}}