{"id":46638,"date":"2022-09-30T06:51:18","date_gmt":"2022-09-30T06:51:18","guid":{"rendered":"https:\/\/topgetestet.de\/?product=void-trrlm-void-terrarium-limited-edition-playstation-4"},"modified":"2022-09-30T06:51:18","modified_gmt":"2022-09-30T06:51:18","slug":"void-trrlm-void-terrarium-limited-edition-playstation-4","status":"publish","type":"product","link":"https:\/\/topgetestet.de\/?product=void-trrlm-void-terrarium-limited-edition-playstation-4","title":{"rendered":"void tRrLM(); \/\/Void Terrarium Limited Edition (Playstation 4)"},"content":{"rendered":"<p>Price: <span style=\"color:#b12704\">[price_with_discount]<\/span><br \/><i><small>(as of [price_update_date] &#8211; <span class=\"wp_automatic_amazon_disclaimer\" title=\"Product prices and availability are accurate as of the date\/time indicated and are subject to change. Any price and availability information displayed on [relevant Amazon Site(s), as applicable] at the time of purchase will apply to the purchase of this product.\">Details<\/span>)<\/small><\/i><\/p>\n<p><a href=\"https:\/\/amazon.de\/dp\/B085DTGM71?tag=topgetestet09-21\"><img decoding=\"async\" src=\"https:\/\/i.imgur.com\/ISRHEWs.png\"><\/a><br \/>\n[ad_1]<br \/>\n <span>Im Roguelike-RPG ist die Welt aufgrund eines toxischen Pilzbefalls unbewohnbar geworden. Auf einem Schrottplatz findet ein aussortierter Wartungsroboter das M\u00e4dchen Toriko am Rande des Todes. Wom\u00f6glich ist sie der letzte Mensch auf der Welt. Um sie zu besch\u00fctzen bauen der ausrangierte Roboter und eine k\u00fcnstliche Intelligenz namens factoryAI einen R\u00fcckzugsort f\u00fcr Toriko, ein Terrarium, da sie in der Au\u00dfenwelt ansonsten keine \u00dcberlebenschance besitzen w\u00fcrde. Um den Schutz zu verst\u00e4rken und Toriko weiter zu Kr\u00e4ften zu verhelfen, muss der einsame Roboter im \u00d6dland nach Ressourcen suchen und die dort wandelnden Maschinen sowie mutierten Kreaturen bek\u00e4mpfen. Auf seinem Weg entscheidet sich Torikos Schicksal &#8211; auch das der Menschheit, welches langsam w\u00e4hrend des Abenteuers aufgedeckt wird\u2026 <\/p>\n<p>Features: <br \/>Hoffnung in einer kalten Welt &#8211; Die Entwickler von A Rose in the Twilight und htoL#NiQ: The Firefly Diary kombinieren in Void Terrarium eine liebliche Optik mit einer d\u00fcsteren und skurrilen postapokalyptischen Welt. <br \/>Individualisierbarer Roboter &#8211; Verschiedene Ausr\u00fcstungsgegenst\u00e4nde, F\u00e4higkeiten und Teile k\u00f6nnen angepasst und verbessert werden, damit Gefahren von Toriko abgewendet werden k\u00f6nnen. Sie muss gef\u00fcttert und von Krankheiten geheilt werden. Mit verschiedenen Gadgets kann ihr Leben im \u00d6dland komfortabler gemacht werden.<br \/>The Mysteries of the Void &#8211; Die Ausr\u00fcstung muss weise gew\u00e4hlt werden um die rundenbasierten K\u00e4mpfe in den prozedural generierten Levels zu \u00fcberstehen. Kein Abenteuer wird dem anderen gleichen.<\/p>\n<p>Inhalt der Limited Edition:<br \/>&#8211; Das Spiel &#8220;void tRrLM(); \/\/Void Terrarium&#8221; f\u00fcr PS4<br \/>&#8211; Sammlerbox<br \/>&#8211; Sporific Sounds<br \/>&#8211; Status Apparatus<br \/>&#8211; &#8220;A.I. Love You&#8221; Lapel Pin Set<br \/>&#8211; &#8220;Tori-GaTchi&#8221; Wackelbild-Schl\u00fcsselanh\u00e4nger<br \/>&#8211; &#8220;Hand-Plucked Hope&#8221; Poster<\/span> <br \/> Alterseinstufung \u200f : \u200e  USK ab 12 freigegeben <br \/> Sprache \u200f : \u200e  Japanisch <br \/> Handbuch \u200f : \u200e  Deutsch <br \/> Produktabmessungen \u200f : \u200e  12 x 6.4 x 14 cm; 400 Gramm <br \/> Erscheinungstermin \u200f : \u200e  17. Juli 2020 <br \/> Untertitel: \u200f : \u200e  Englisch <br \/> ASIN \u200f : \u200e  B085DTGM71 <br \/> Modellnummer \u200f : \u200e  1055657 <br \/> Herkunftsland \u200f : \u200e  Deutschland <\/p>\n<p>Verschiedene Ausr\u00fcstungsgegenst\u00e4nde, F\u00e4higkeiten und Teile k\u00f6nnen angepasst und verbessert werden, damit Gefahren von Toriko abgewendet werden k\u00f6nnen<br \/>The Mysteries of the Void &#8211; Die Ausr\u00fcstung muss weise gew\u00e4hlt werden um die rundenbasierten K\u00e4mpfe in den prozedural generierten Levels zu \u00fcberstehen<br \/>Limited Edition: Sammlerbox, Sporific Sounds, Status Apparatus, &#8220;Tori-GaTchi&#8221; Wackelbild-Schl\u00fcsselanh\u00e4nger + &#8220;Hand-Plucked Hope&#8221; Poster<br \/>\n<br \/>[ad_2]<\/p>\n","protected":false},"excerpt":{"rendered":"<p>Price: [price_with_discount](as of [price_update_date] &#8211; Details) [ad_1] Im Roguelike-RPG ist die Welt aufgrund eines toxischen Pilzbefalls unbewohnbar geworden. Auf einem Schrottplatz findet ein aussortierter Wartungsroboter das M\u00e4dchen Toriko am Rande<\/p>\n","protected":false},"featured_media":46639,"comment_status":"open","ping_status":"closed","template":"","meta":[],"product_cat":[227],"product_tag":[261],"class_list":{"0":"post-46638","1":"product","2":"type-product","3":"status-publish","4":"has-post-thumbnail","6":"product_cat-gaming","7":"product_tag-playstation-legacy-games","9":"first","10":"instock","11":"shipping-taxable","12":"product-type-external"},"aioseo_notices":[],"_links":{"self":[{"href":"https:\/\/topgetestet.de\/index.php?rest_route=\/wp\/v2\/product\/46638","targetHints":{"allow":["GET"]}}],"collection":[{"href":"https:\/\/topgetestet.de\/index.php?rest_route=\/wp\/v2\/product"}],"about":[{"href":"https:\/\/topgetestet.de\/index.php?rest_route=\/wp\/v2\/types\/product"}],"replies":[{"embeddable":true,"href":"https:\/\/topgetestet.de\/index.php?rest_route=%2Fwp%2Fv2%2Fcomments&post=46638"}],"wp:featuredmedia":[{"embeddable":true,"href":"https:\/\/topgetestet.de\/index.php?rest_route=\/wp\/v2\/media\/46639"}],"wp:attachment":[{"href":"https:\/\/topgetestet.de\/index.php?rest_route=%2Fwp%2Fv2%2Fmedia&parent=46638"}],"wp:term":[{"taxonomy":"product_cat","embeddable":true,"href":"https:\/\/topgetestet.de\/index.php?rest_route=%2Fwp%2Fv2%2Fproduct_cat&post=46638"},{"taxonomy":"product_tag","embeddable":true,"href":"https:\/\/topgetestet.de\/index.php?rest_route=%2Fwp%2Fv2%2Fproduct_tag&post=46638"}],"curies":[{"name":"wp","href":"https:\/\/api.w.org\/{rel}","templated":true}]}}