{"id":46327,"date":"2022-09-30T03:19:37","date_gmt":"2022-09-30T03:19:37","guid":{"rendered":"https:\/\/topgetestet.de\/?product=believa-tattoo-aftercare-butter-vegane-tattoopflege-creme-250ml"},"modified":"2022-09-30T03:19:37","modified_gmt":"2022-09-30T03:19:37","slug":"believa-tattoo-aftercare-butter-vegane-tattoopflege-creme-250ml","status":"publish","type":"product","link":"https:\/\/topgetestet.de\/?product=believa-tattoo-aftercare-butter-vegane-tattoopflege-creme-250ml","title":{"rendered":"Believa Tattoo Aftercare Butter &#8211; Vegane Tattoopflege Creme 250ml"},"content":{"rendered":"<p>Price: <span style=\"color:#b12704\">[price_with_discount]<\/span><br \/><i><small>(as of [price_update_date] &#8211; <span class=\"wp_automatic_amazon_disclaimer\" title=\"Product prices and availability are accurate as of the date\/time indicated and are subject to change. Any price and availability information displayed on [relevant Amazon Site(s), as applicable] at the time of purchase will apply to the purchase of this product.\">Details<\/span>)<\/small><\/i><\/p>\n<p><a href=\"https:\/\/amazon.de\/dp\/B01LXM514Y?tag=topgetestet09-21\"><img decoding=\"async\" src=\"https:\/\/i.imgur.com\/ISRHEWs.png\"><\/a><br \/>\n[ad_1]<br \/>\n Die Believa Tattoo-Aftercare Butter wurde speziell f\u00fcr die Pflege t\u00e4towierter Haut entwickelt, um die Haut beim Wiederaufbau der Hautschutzbarriere durch nat\u00fcrliche Inhaltsstoffe zu unterst\u00fctzen. Hierbei wurde bewusst auf m\u00f6glicherweise kontraproduktiv wirkende Stoffe verzichtet.<br \/>\n<br \/>[ad_2]<\/p>\n","protected":false},"excerpt":{"rendered":"<p>Price: [price_with_discount](as of [price_update_date] &#8211; Details) [ad_1] Die Believa Tattoo-Aftercare Butter wurde speziell f\u00fcr die Pflege t\u00e4towierter Haut entwickelt, um die Haut beim Wiederaufbau der Hautschutzbarriere durch nat\u00fcrliche Inhaltsstoffe zu<\/p>\n","protected":false},"featured_media":46328,"comment_status":"open","ping_status":"closed","template":"","meta":[],"product_cat":[228],"product_tag":[239],"class_list":{"0":"post-46327","1":"product","2":"type-product","3":"status-publish","4":"has-post-thumbnail","6":"product_cat-beauty","7":"product_tag-body-skin-care","9":"first","10":"instock","11":"shipping-taxable","12":"product-type-external"},"aioseo_notices":[],"_links":{"self":[{"href":"https:\/\/topgetestet.de\/index.php?rest_route=\/wp\/v2\/product\/46327","targetHints":{"allow":["GET"]}}],"collection":[{"href":"https:\/\/topgetestet.de\/index.php?rest_route=\/wp\/v2\/product"}],"about":[{"href":"https:\/\/topgetestet.de\/index.php?rest_route=\/wp\/v2\/types\/product"}],"replies":[{"embeddable":true,"href":"https:\/\/topgetestet.de\/index.php?rest_route=%2Fwp%2Fv2%2Fcomments&post=46327"}],"wp:featuredmedia":[{"embeddable":true,"href":"https:\/\/topgetestet.de\/index.php?rest_route=\/wp\/v2\/media\/46328"}],"wp:attachment":[{"href":"https:\/\/topgetestet.de\/index.php?rest_route=%2Fwp%2Fv2%2Fmedia&parent=46327"}],"wp:term":[{"taxonomy":"product_cat","embeddable":true,"href":"https:\/\/topgetestet.de\/index.php?rest_route=%2Fwp%2Fv2%2Fproduct_cat&post=46327"},{"taxonomy":"product_tag","embeddable":true,"href":"https:\/\/topgetestet.de\/index.php?rest_route=%2Fwp%2Fv2%2Fproduct_tag&post=46327"}],"curies":[{"name":"wp","href":"https:\/\/api.w.org\/{rel}","templated":true}]}}