{"id":46251,"date":"2022-09-30T03:08:24","date_gmt":"2022-09-30T03:08:24","guid":{"rendered":"https:\/\/topgetestet.de\/?product=bellixe-beauty-make-up-schwamm-kein-latex-weich-3-stuck"},"modified":"2022-09-30T03:08:24","modified_gmt":"2022-09-30T03:08:24","slug":"bellixe-beauty-make-up-schwamm-kein-latex-weich-3-stuck","status":"publish","type":"product","link":"https:\/\/topgetestet.de\/?product=bellixe-beauty-make-up-schwamm-kein-latex-weich-3-stuck","title":{"rendered":"Bellixe Beauty Make-up-Schwamm, kein Latex, weich, 3 St\u00fcck"},"content":{"rendered":"<p>Price: <span style=\"color:#b12704\">[price_with_discount]<\/span><br \/><i><small>(as of [price_update_date] &#8211; <span class=\"wp_automatic_amazon_disclaimer\" title=\"Product prices and availability are accurate as of the date\/time indicated and are subject to change. Any price and availability information displayed on [relevant Amazon Site(s), as applicable] at the time of purchase will apply to the purchase of this product.\">Details<\/span>)<\/small><\/i><\/p>\n<p><a href=\"https:\/\/amazon.de\/dp\/B07L75WTLD?tag=topgetestet09-21\"><img decoding=\"async\" src=\"https:\/\/i.imgur.com\/ISRHEWs.png\"><\/a><br \/>\n[ad_1]<br \/>\n Make-up-Schw\u00e4mme werden seit geraumer Zeit in der Geschichte des Make-ups verwendet. \u00dcberraschenderweise geht es um mehr als nur das weiche, nat\u00fcrliche Aussehen, das mit dem Make-up-Schwamm erzielt werden kann, sondern um die tats\u00e4chliche Wirkung, die es auf der Haut hat. <br \/>\u2714\ufe0f Nahtlose Blendung + Konturierung \u2013 Dieses Mixer-Set ist f\u00fcr die Schaffung der perfekten Basis und die einfache Geb\u00e4udeabdeckung. Klassisches, abgerundetes Ende des Schwammes ist ideal zum Verblenden von Kosmetika auf gro\u00dfen Fl\u00e4chen wie Stirn, Wangen und Hals, w\u00e4hrend die pr\u00e4zise Spitze kleine Makel und Unvollkommenheiten abdeckt. Verwenden Sie die flache Kante um die Nase, den Kiefer und die Augen zum Konturieren und Backen.<br \/>\u2714 \ufe0f Latexfreier Schwamm \u2013 Hergestellt aus antiallergischem Schwamm, 100% keine Reizung auf empfindlicher Haut, sicher f\u00fcr alle Hauttypen. Ideal f\u00fcr Make-up-Profis und Anf\u00e4nger, jedes Alter und Geschlecht<br \/>\u2714 \ufe0f Nass und trocken verwenden \u2013 der Schwammmixer dehnt sich aus, wenn er in Wasser einweicht, verwenden Sie ihn feucht f\u00fcr ein taufrisches Licht. Schmal nach Luft trocknen f\u00fcr eine vollst\u00e4ndige Deckung. Einfach aber effektiv in der Anwendung, nehmen Sie jede Art von Make-up auf und mischen Sie Produkte mit der Haut mit weniger Einweichen<br \/>\u2714 \ufe0f Make-up-Routine-Optimierung \u2013 Diese Schw\u00e4mme funktionieren m\u00fchelos zum Gl\u00e4tten von Make-up f\u00fcr randlose Mischung, schaffen eine vollst\u00e4ndige Abdeckung und taufe Oberfl\u00e4che, bieten eine makellose Make-up-Anwendung, um Ihnen zu helfen, Ihren besten auszusehen, jeden Tag, optimieren Sie Ihre Beauty-Routine durch die Verwendung dieses multifunktionalen Sch\u00f6nheits-Schwamms.<br \/>\n<br \/>[ad_2]<\/p>\n","protected":false},"excerpt":{"rendered":"<p>Price: [price_with_discount](as of [price_update_date] &#8211; Details) [ad_1] Make-up-Schw\u00e4mme werden seit geraumer Zeit in der Geschichte des Make-ups verwendet. \u00dcberraschenderweise geht es um mehr als nur das weiche, nat\u00fcrliche Aussehen, das<\/p>\n","protected":false},"featured_media":46252,"comment_status":"open","ping_status":"closed","template":"","meta":[],"product_cat":[228],"product_tag":[238],"class_list":{"0":"post-46251","1":"product","2":"type-product","3":"status-publish","4":"has-post-thumbnail","6":"product_cat-beauty","7":"product_tag-face-makeup","9":"first","10":"instock","11":"shipping-taxable","12":"product-type-external"},"aioseo_notices":[],"_links":{"self":[{"href":"https:\/\/topgetestet.de\/index.php?rest_route=\/wp\/v2\/product\/46251","targetHints":{"allow":["GET"]}}],"collection":[{"href":"https:\/\/topgetestet.de\/index.php?rest_route=\/wp\/v2\/product"}],"about":[{"href":"https:\/\/topgetestet.de\/index.php?rest_route=\/wp\/v2\/types\/product"}],"replies":[{"embeddable":true,"href":"https:\/\/topgetestet.de\/index.php?rest_route=%2Fwp%2Fv2%2Fcomments&post=46251"}],"wp:featuredmedia":[{"embeddable":true,"href":"https:\/\/topgetestet.de\/index.php?rest_route=\/wp\/v2\/media\/46252"}],"wp:attachment":[{"href":"https:\/\/topgetestet.de\/index.php?rest_route=%2Fwp%2Fv2%2Fmedia&parent=46251"}],"wp:term":[{"taxonomy":"product_cat","embeddable":true,"href":"https:\/\/topgetestet.de\/index.php?rest_route=%2Fwp%2Fv2%2Fproduct_cat&post=46251"},{"taxonomy":"product_tag","embeddable":true,"href":"https:\/\/topgetestet.de\/index.php?rest_route=%2Fwp%2Fv2%2Fproduct_tag&post=46251"}],"curies":[{"name":"wp","href":"https:\/\/api.w.org\/{rel}","templated":true}]}}