{"id":46162,"date":"2022-09-30T02:45:05","date_gmt":"2022-09-30T02:45:05","guid":{"rendered":"https:\/\/topgetestet.de\/?product=warner-lego-city-undercover"},"modified":"2022-09-30T02:45:05","modified_gmt":"2022-09-30T02:45:05","slug":"warner-lego-city-undercover","status":"publish","type":"product","link":"https:\/\/topgetestet.de\/?product=warner-lego-city-undercover","title":{"rendered":"Warner LEGO City Undercover"},"content":{"rendered":"<p>Price: <span style=\"color:#b12704\">[price_with_discount]<\/span><br \/><i><small>(as of [price_update_date] &#8211; <span class=\"wp_automatic_amazon_disclaimer\" title=\"Product prices and availability are accurate as of the date\/time indicated and are subject to change. Any price and availability information displayed on [relevant Amazon Site(s), as applicable] at the time of purchase will apply to the purchase of this product.\">Details<\/span>)<\/small><\/i><\/p>\n<p><a href=\"https:\/\/amazon.de\/dp\/B06XDQT7K7?tag=topgetestet09-21\"><img decoding=\"async\" src=\"https:\/\/i.imgur.com\/ISRHEWs.png\"><\/a><br \/>\n[ad_1]<br \/>\n <span>Das mit dem <\/span><span class=\"a-text-bold\">Deutschen Kindersoftwarepreis 2013 (TOMMI)<\/span><span> pr\u00e4mierte Actionspiel (Wii-U-Version) erscheint jetzt erstmals &#8211; und mit einer komplett \u00fcberarbeiteten HD-Grafik &#8211; f\u00fcr die aktuelle Konsolen-Generation! <\/span><span class=\"a-text-bold\">Darum geht\u2019s im Spiel:<\/span><span> Die Verbrechenswelle in Lego City will einfach nicht abrei\u00dfen &#8211; es wird Zeit, dass sich jemand um den niedertr\u00e4chtigen Schurken Rex Fury k\u00fcmmert! Du \u00fcbernimmst die Rolle des legend\u00e4ren verdeckten Ermittlers Chase McCain, der in einer offenen Spielwelt Lego City wieder in Sicherheit vor durchtriebenen Gaunern bringen soll. Damit du dich unerkannt im Gangstermilieu bewegen kannst, solltest du dich perfekt tarnen: Verschiedene Outfits verleihen dir immer neue Eigenschaften, so kannst du beispielsweise mit der R\u00e4uberverkleidung T\u00fcren aufbrechen und Tresore knacken. Bringe deine Stadt in Sicherheit &#8211; und die Gauner hinter Gitter!<\/span> <br \/> Auslaufartikel (Produktion durch Hersteller eingestellt) \u200f : \u200e  Nein <br \/> Produktabmessungen \u200f : \u200e  1 x 1 x 1 cm; 10 Gramm <br \/> Im Angebot von Amazon.de seit \u200f : \u200e  6. April 2017 <br \/> Hersteller \u200f : \u200e  Warner <br \/> ASIN \u200f : \u200e  B06XDQT7K7 <br \/> Modellnummer \u200f : \u200e  5051891147492 <br \/> Herkunftsland \u200f : \u200e  Japan <\/p>\n<p>Werden Sie zum Besten von Lego City<br \/>Entdecken Sie die Stadt, werden Sie zum Verkleidungsmeister, mehr als 100 Fahrzeuge<br \/>Italienische Sprache<br \/>\n<br \/>[ad_2]<\/p>\n","protected":false},"excerpt":{"rendered":"<p>Price: [price_with_discount](as of [price_update_date] &#8211; Details) [ad_1] Das mit dem Deutschen Kindersoftwarepreis 2013 (TOMMI) pr\u00e4mierte Actionspiel (Wii-U-Version) erscheint jetzt erstmals &#8211; und mit einer komplett \u00fcberarbeiteten HD-Grafik &#8211; f\u00fcr die<\/p>\n","protected":false},"featured_media":46163,"comment_status":"open","ping_status":"closed","template":"","meta":[],"product_cat":[227],"product_tag":[261],"class_list":{"0":"post-46162","1":"product","2":"type-product","3":"status-publish","4":"has-post-thumbnail","6":"product_cat-gaming","7":"product_tag-playstation-legacy-games","9":"first","10":"instock","11":"sale","12":"shipping-taxable","13":"product-type-external"},"aioseo_notices":[],"_links":{"self":[{"href":"https:\/\/topgetestet.de\/index.php?rest_route=\/wp\/v2\/product\/46162","targetHints":{"allow":["GET"]}}],"collection":[{"href":"https:\/\/topgetestet.de\/index.php?rest_route=\/wp\/v2\/product"}],"about":[{"href":"https:\/\/topgetestet.de\/index.php?rest_route=\/wp\/v2\/types\/product"}],"replies":[{"embeddable":true,"href":"https:\/\/topgetestet.de\/index.php?rest_route=%2Fwp%2Fv2%2Fcomments&post=46162"}],"wp:featuredmedia":[{"embeddable":true,"href":"https:\/\/topgetestet.de\/index.php?rest_route=\/wp\/v2\/media\/46163"}],"wp:attachment":[{"href":"https:\/\/topgetestet.de\/index.php?rest_route=%2Fwp%2Fv2%2Fmedia&parent=46162"}],"wp:term":[{"taxonomy":"product_cat","embeddable":true,"href":"https:\/\/topgetestet.de\/index.php?rest_route=%2Fwp%2Fv2%2Fproduct_cat&post=46162"},{"taxonomy":"product_tag","embeddable":true,"href":"https:\/\/topgetestet.de\/index.php?rest_route=%2Fwp%2Fv2%2Fproduct_tag&post=46162"}],"curies":[{"name":"wp","href":"https:\/\/api.w.org\/{rel}","templated":true}]}}