{"id":46040,"date":"2022-09-30T02:04:27","date_gmt":"2022-09-30T02:04:27","guid":{"rendered":"https:\/\/topgetestet.de\/?product=ecotools-roller-rodillo-facial-de-ecotools-ecotools"},"modified":"2022-09-30T02:04:27","modified_gmt":"2022-09-30T02:04:27","slug":"ecotools-roller-rodillo-facial-de-ecotools-ecotools","status":"publish","type":"product","link":"https:\/\/topgetestet.de\/?product=ecotools-roller-rodillo-facial-de-ecotools-ecotools","title":{"rendered":"ECOTOOLS Roller &#8211; Rodillo Facial De ECOTOOLS Ecotools"},"content":{"rendered":"<p>Price: <span style=\"color:#b12704\">[price_with_discount]<\/span><br \/><i><small>(as of [price_update_date] &#8211; <span class=\"wp_automatic_amazon_disclaimer\" title=\"Product prices and availability are accurate as of the date\/time indicated and are subject to change. Any price and availability information displayed on [relevant Amazon Site(s), as applicable] at the time of purchase will apply to the purchase of this product.\">Details<\/span>)<\/small><\/i><\/p>\n<p><a href=\"https:\/\/amazon.de\/dp\/B082G1VRJ7?tag=topgetestet09-21\"><img decoding=\"async\" src=\"https:\/\/i.imgur.com\/ISRHEWs.png\"><\/a><br \/>\n[ad_1]<br \/>\n <span>Der doppelseitige Jade-Roller besteht aus 100 % reiner Jade. Gleiten Sie den Jade-Roller um Augen und \u00fcber Wangen, Hals, Kinn und Stirn. Zum Entspannen der Muskeln und zur Verbesserung der Durchblutung.<\/span> <br \/>Nat\u00fcrlich k\u00fchlend und beruhigend. Passen Sie Ihre Routine an, indem Sie sie vor Gebrauch im K\u00fchlschrank aufbewahren<br \/>Entspannt gepresste Gesichtsmuskeln und verbessert die Durchblutung<br \/>Mini-Ende perfekt um kleine Bereiche wie die Augen. Entwickelt, um das Auftragen unter der Augencreme zu erleichtern<br \/>Verpackt aus 88 % weniger Kunststoff mit Samen, pflanzbaren Verpackungen, um Wildblumen anzubauen<br \/>\n<br \/>[ad_2]<\/p>\n","protected":false},"excerpt":{"rendered":"<p>Price: [price_with_discount](as of [price_update_date] &#8211; Details) [ad_1] Der doppelseitige Jade-Roller besteht aus 100 % reiner Jade. Gleiten Sie den Jade-Roller um Augen und \u00fcber Wangen, Hals, Kinn und Stirn. Zum<\/p>\n","protected":false},"featured_media":46041,"comment_status":"open","ping_status":"closed","template":"","meta":[],"product_cat":[228],"product_tag":[243],"class_list":{"0":"post-46040","1":"product","2":"type-product","3":"status-publish","4":"has-post-thumbnail","6":"product_cat-beauty","7":"product_tag-facial-rollers","9":"first","10":"instock","11":"shipping-taxable","12":"product-type-external"},"aioseo_notices":[],"_links":{"self":[{"href":"https:\/\/topgetestet.de\/index.php?rest_route=\/wp\/v2\/product\/46040","targetHints":{"allow":["GET"]}}],"collection":[{"href":"https:\/\/topgetestet.de\/index.php?rest_route=\/wp\/v2\/product"}],"about":[{"href":"https:\/\/topgetestet.de\/index.php?rest_route=\/wp\/v2\/types\/product"}],"replies":[{"embeddable":true,"href":"https:\/\/topgetestet.de\/index.php?rest_route=%2Fwp%2Fv2%2Fcomments&post=46040"}],"wp:featuredmedia":[{"embeddable":true,"href":"https:\/\/topgetestet.de\/index.php?rest_route=\/wp\/v2\/media\/46041"}],"wp:attachment":[{"href":"https:\/\/topgetestet.de\/index.php?rest_route=%2Fwp%2Fv2%2Fmedia&parent=46040"}],"wp:term":[{"taxonomy":"product_cat","embeddable":true,"href":"https:\/\/topgetestet.de\/index.php?rest_route=%2Fwp%2Fv2%2Fproduct_cat&post=46040"},{"taxonomy":"product_tag","embeddable":true,"href":"https:\/\/topgetestet.de\/index.php?rest_route=%2Fwp%2Fv2%2Fproduct_tag&post=46040"}],"curies":[{"name":"wp","href":"https:\/\/api.w.org\/{rel}","templated":true}]}}