{"id":45852,"date":"2022-09-30T00:36:49","date_gmt":"2022-09-30T00:36:49","guid":{"rendered":"https:\/\/topgetestet.de\/?product=gildan-herren-elastische-sweathose-mit-taschen-hose"},"modified":"2022-09-30T00:36:49","modified_gmt":"2022-09-30T00:36:49","slug":"gildan-herren-elastische-sweathose-mit-taschen-hose","status":"publish","type":"product","link":"https:\/\/topgetestet.de\/?product=gildan-herren-elastische-sweathose-mit-taschen-hose","title":{"rendered":"Gildan Herren Elastische Sweathose mit Taschen Hose"},"content":{"rendered":"<p>Price: <span style=\"color:#b12704\">[price_with_discount]<\/span><br \/><i><small>(as of [price_update_date] &#8211; <span class=\"wp_automatic_amazon_disclaimer\" title=\"Product prices and availability are accurate as of the date\/time indicated and are subject to change. Any price and availability information displayed on [relevant Amazon Site(s), as applicable] at the time of purchase will apply to the purchase of this product.\">Details<\/span>)<\/small><\/i><\/p>\n<p><a href=\"https:\/\/amazon.de\/dp\/B01M117HA8?tag=topgetestet09-21\"><img decoding=\"async\" src=\"https:\/\/i.imgur.com\/ISRHEWs.png\"><\/a><br \/>\n[ad_1]<br \/>\n <span>Trainieren Sie im Fitnessstudio oder entspannen Sie auf der Couch, wenn es um entspannten Komfort geht, ist die Gildan Trainingshose mit elastischem Bund f\u00fcr Erwachsene immer dabei. Eine geb\u00fcrstete Innenseite sorgt f\u00fcr zus\u00e4tzliche Weichheit, w\u00e4hrend eine fusselfreie Oberfl\u00e4che eine hervorragende Dekoration bietet. Mit elastischen B\u00fcndchen und einem abgedeckten elastischen Bund mit Kordelzug sowie Taschen f\u00fcr wichtige Dinge, ist es ein garantierter Gewinner.<\/span> <br \/> Produktabmessungen \u200f : \u200e  12.7 x 12.7 x 1.78 cm; 294.84 Gramm <br \/> Im Angebot von Amazon.de seit \u200f : \u200e  15. Oktober 2017 <br \/> Hersteller \u200f : \u200e  Gildan Men&#8217;s Activewear <br \/> ASIN \u200f : \u200e  B01M117IR2 <br \/> Modellnummer \u200f : \u200e  G18100 <br \/> Kategorie \u200f : \u200e  Herren <\/p>\n<p>[ad_2]<\/p>\n","protected":false},"excerpt":{"rendered":"<p>Price: [price_with_discount](as of [price_update_date] &#8211; Details) [ad_1] Trainieren Sie im Fitnessstudio oder entspannen Sie auf der Couch, wenn es um entspannten Komfort geht, ist die Gildan Trainingshose mit elastischem Bund<\/p>\n","protected":false},"featured_media":45853,"comment_status":"open","ping_status":"closed","template":"","meta":[],"product_cat":[231],"product_tag":[],"class_list":{"0":"post-45852","1":"product","2":"type-product","3":"status-publish","4":"has-post-thumbnail","6":"product_cat-mens-fashion","8":"first","9":"instock","10":"shipping-taxable","11":"product-type-external"},"aioseo_notices":[],"_links":{"self":[{"href":"https:\/\/topgetestet.de\/index.php?rest_route=\/wp\/v2\/product\/45852","targetHints":{"allow":["GET"]}}],"collection":[{"href":"https:\/\/topgetestet.de\/index.php?rest_route=\/wp\/v2\/product"}],"about":[{"href":"https:\/\/topgetestet.de\/index.php?rest_route=\/wp\/v2\/types\/product"}],"replies":[{"embeddable":true,"href":"https:\/\/topgetestet.de\/index.php?rest_route=%2Fwp%2Fv2%2Fcomments&post=45852"}],"wp:featuredmedia":[{"embeddable":true,"href":"https:\/\/topgetestet.de\/index.php?rest_route=\/wp\/v2\/media\/45853"}],"wp:attachment":[{"href":"https:\/\/topgetestet.de\/index.php?rest_route=%2Fwp%2Fv2%2Fmedia&parent=45852"}],"wp:term":[{"taxonomy":"product_cat","embeddable":true,"href":"https:\/\/topgetestet.de\/index.php?rest_route=%2Fwp%2Fv2%2Fproduct_cat&post=45852"},{"taxonomy":"product_tag","embeddable":true,"href":"https:\/\/topgetestet.de\/index.php?rest_route=%2Fwp%2Fv2%2Fproduct_tag&post=45852"}],"curies":[{"name":"wp","href":"https:\/\/api.w.org\/{rel}","templated":true}]}}