{"id":45848,"date":"2022-09-30T00:35:38","date_gmt":"2022-09-30T00:35:38","guid":{"rendered":"https:\/\/topgetestet.de\/?product=tom-tailor-damen-elin-crochet-cross-bag-m-m"},"modified":"2022-09-30T00:35:38","modified_gmt":"2022-09-30T00:35:38","slug":"tom-tailor-damen-elin-crochet-cross-bag-m-m","status":"publish","type":"product","link":"https:\/\/topgetestet.de\/?product=tom-tailor-damen-elin-crochet-cross-bag-m-m","title":{"rendered":"TOM TAILOR Damen Elin Crochet Cross Bag M, M"},"content":{"rendered":"<p>Price: <span style=\"color:#b12704\">[price_with_discount]<\/span><br \/><i><small>(as of [price_update_date] &#8211; <span class=\"wp_automatic_amazon_disclaimer\" title=\"Product prices and availability are accurate as of the date\/time indicated and are subject to change. Any price and availability information displayed on [relevant Amazon Site(s), as applicable] at the time of purchase will apply to the purchase of this product.\">Details<\/span>)<\/small><\/i><\/p>\n<p><a href=\"https:\/\/amazon.de\/dp\/B09PVJNRLN?tag=topgetestet09-21\"><img decoding=\"async\" src=\"https:\/\/i.imgur.com\/ISRHEWs.png\"><\/a><br \/>\n[ad_1]<\/p>\n<p>       Von der Marke <\/p>\n<p>             <img decoding=\"async\" alt=\"TOM TAILOR Damenhandtaschen, Umh\u00e4ngetaschen, Schultertaschen, Damen TOM TAILOR\" src=\"https:\/\/images-na.ssl-images-amazon.com\/images\/G\/01\/x-locale\/common\/grey-pixel.gif\" class=\"a-lazy-loaded\" data-src=\"https:\/\/m.media-amazon.com\/images\/S\/aplus-media-library-service-media\/edcf8ba4-cde3-4f8e-a829-e40bfc3560dd.__CR0,5,1914,817_PT0_SX1464_V1___.jpg\"><\/p>\n<p>              <img decoding=\"async\" alt=\"TOM TAILOR Damenhandtaschen, Umh\u00e4ngetaschen, Schultertaschen, Damen TOM TAILOR\" src=\"https:\/\/m.media-amazon.com\/images\/S\/aplus-media-library-service-media\/edcf8ba4-cde3-4f8e-a829-e40bfc3560dd.__CR0,5,1914,817_PT0_SX1464_V1___.jpg\"><\/p>\n<h3> TOM TAILOR BAGS <\/h3>\n<p> Herbst\/Winter Kollektion 2022 <\/p>\n<p>                     Wie fangen wir an?  <\/p>\n<p> Tom Tailor ist eine Casual Lifestyle-Marke. Wir sind in Hamburg geboren und unserer Heimat immer treu geblieben. Wir besch\u00e4ftigen 2.950 Mitarbeiter*innen aus \u00fcber 30 Nationen. <\/p>\n<p>                     Warum lieben wir, was wir tun?  <\/p>\n<p> Wir sind von Grund auf l\u00e4ssig: casual eben. Das ist f\u00fcr uns viel mehr als nur ein Dresscode. Casual ist unsere Art zu leben, eine tief verwurzelte \u00dcberzeugung. \u201eTom Tailor is its people\u201c. Wir sind echt und nahbar. Leidenschaftlich und auf dem Boden geblieben. Vielfalt entsteht bei uns auf ganz nat\u00fcrliche Weise. Qualit\u00e4t und Nahbarkeit. Auf die hanseatisch-ehrliche Art. <\/p>\n<h3> Neue Kollektion HW 22 <\/h3>\n<p class=\"apm-brand-story-stores-link\">\n<p> Produktabmessungen \u200f : \u200e  30 x 12 x 26 cm; 530 Gramm <br \/> Im Angebot von Amazon.de seit \u200f : \u200e  6. Januar 2022 <br \/> Hersteller \u200f : \u200e  Beheim International Brands GmbH &#038; Co. KG <br \/> ASIN \u200f : \u200e  B09PVJNRLN <br \/> Modellnummer \u200f : \u200e  29323 230 <br \/> Herkunftsland \u200f : \u200e  China <br \/> Kategorie \u200f : \u200e  Damen <\/p>\n<p>[ad_2]<\/p>\n","protected":false},"excerpt":{"rendered":"<p>Price: [price_with_discount](as of [price_update_date] &#8211; Details) [ad_1] Von der Marke TOM TAILOR BAGS Herbst\/Winter Kollektion 2022 Wie fangen wir an? Tom Tailor ist eine Casual Lifestyle-Marke. Wir sind in Hamburg<\/p>\n","protected":false},"featured_media":45849,"comment_status":"open","ping_status":"closed","template":"","meta":[],"product_cat":[232],"product_tag":[],"class_list":{"0":"post-45848","1":"product","2":"type-product","3":"status-publish","4":"has-post-thumbnail","6":"product_cat-women-fashion","8":"first","9":"instock","10":"sale","11":"shipping-taxable","12":"product-type-external"},"aioseo_notices":[],"_links":{"self":[{"href":"https:\/\/topgetestet.de\/index.php?rest_route=\/wp\/v2\/product\/45848","targetHints":{"allow":["GET"]}}],"collection":[{"href":"https:\/\/topgetestet.de\/index.php?rest_route=\/wp\/v2\/product"}],"about":[{"href":"https:\/\/topgetestet.de\/index.php?rest_route=\/wp\/v2\/types\/product"}],"replies":[{"embeddable":true,"href":"https:\/\/topgetestet.de\/index.php?rest_route=%2Fwp%2Fv2%2Fcomments&post=45848"}],"wp:featuredmedia":[{"embeddable":true,"href":"https:\/\/topgetestet.de\/index.php?rest_route=\/wp\/v2\/media\/45849"}],"wp:attachment":[{"href":"https:\/\/topgetestet.de\/index.php?rest_route=%2Fwp%2Fv2%2Fmedia&parent=45848"}],"wp:term":[{"taxonomy":"product_cat","embeddable":true,"href":"https:\/\/topgetestet.de\/index.php?rest_route=%2Fwp%2Fv2%2Fproduct_cat&post=45848"},{"taxonomy":"product_tag","embeddable":true,"href":"https:\/\/topgetestet.de\/index.php?rest_route=%2Fwp%2Fv2%2Fproduct_tag&post=45848"}],"curies":[{"name":"wp","href":"https:\/\/api.w.org\/{rel}","templated":true}]}}