{"id":45740,"date":"2022-09-30T00:16:23","date_gmt":"2022-09-30T00:16:23","guid":{"rendered":"https:\/\/topgetestet.de\/?product=fifa-23-standard-edition-xbox-one-download-code"},"modified":"2022-09-30T00:16:23","modified_gmt":"2022-09-30T00:16:23","slug":"fifa-23-standard-edition-xbox-one-download-code","status":"publish","type":"product","link":"https:\/\/topgetestet.de\/?product=fifa-23-standard-edition-xbox-one-download-code","title":{"rendered":"FIFA 23: Standard Edition | Xbox One &#8211; Download Code"},"content":{"rendered":"<p>Price: <span style=\"color:#b12704\">[price_with_discount]<\/span><br \/><i><small>(as of [price_update_date] &#8211; <span class=\"wp_automatic_amazon_disclaimer\" title=\"Product prices and availability are accurate as of the date\/time indicated and are subject to change. Any price and availability information displayed on [relevant Amazon Site(s), as applicable] at the time of purchase will apply to the purchase of this product.\">Details<\/span>)<\/small><\/i><\/p>\n<p><a href=\"https:\/\/amazon.de\/dp\/B0B3LFZSXM?tag=topgetestet09-21\"><img decoding=\"async\" src=\"https:\/\/i.imgur.com\/ISRHEWs.png\"><\/a><br \/>\n[ad_1]<br \/>\n <br \/> Alterseinstufung \u200f : \u200e  Einstufung ausstehend <br \/> Erscheinungstermin \u200f : \u200e  30. September 2022 <br \/> ASIN \u200f : \u200e  B0B3LFZSXM <\/p>\n<p>Spiele die gr\u00f6\u00dften Turniere der Fu\u00dfballwelt: Post-Launch-Updates bringen den FIFA World Cup der M\u00e4nner und der Frauen ins Spiel. Spiele erstmals mit Frauen-Vereinsmannschaften und freue dich auf Cross-Play-Features, die das Spiel mit befreundeten FIFA-Fans** noch st\u00e4rker erleichtern.<br \/>In FIFA Ultimate Team erwartet dich mit den FUT-Moments eine neue Variante f\u00fcr den Teamaufbau und das Gameplay mit deinem Wunschteam und ein \u00fcberarbeitetes System f\u00fcr die Beziehungen zwischen den Spielern. Und im Karrieremodus kannst du deine Pers\u00f6nlichkeit als Spieler definieren und in die Rolle einiger der ber\u00fchmtesten Fu\u00dfballtrainer der Welt schl\u00fcpfen.<br \/>In VOLTA FOOTBALL und Pro Clubs kannst du mit neuen Anpassungsoptionen und optimiertem Stra\u00dfen- und Stadion-Gameplay noch mehr Pers\u00f6nlichkeit auf den Rasen bringen. Egal wie du spielst, erlebe Fu\u00dfball mit \u00fcber 19.000 Profis, 700+ Teams, 100+ Stadien und \u00fcber 30 Ligen (darunter die UEFA Champions League, die Premier League, die neue Barclays FA WSL und die franz\u00f6sische D1 Arkema) mit absoluter Authentizit\u00e4t in FIFA 23.<br \/>Dieses Spiel enth\u00e4lt optionale In-Game-K\u00e4ufe von virtueller W\u00e4hrung, die f\u00fcr den Erwerb virtueller In-Game-Objekte einschlie\u00dflich einer zuf\u00e4lligen Auswahl virtueller In-Game-Objekte genutzt werden kann.<br \/>\n<br \/>[ad_2]<\/p>\n","protected":false},"excerpt":{"rendered":"<p>Price: [price_with_discount](as of [price_update_date] &#8211; Details) [ad_1] Alterseinstufung \u200f : \u200e Einstufung ausstehend Erscheinungstermin \u200f : \u200e 30. September 2022 ASIN \u200f : \u200e B0B3LFZSXM Spiele die gr\u00f6\u00dften Turniere der<\/p>\n","protected":false},"featured_media":45741,"comment_status":"open","ping_status":"closed","template":"","meta":[],"product_cat":[227],"product_tag":[261],"class_list":{"0":"post-45740","1":"product","2":"type-product","3":"status-publish","4":"has-post-thumbnail","6":"product_cat-gaming","7":"product_tag-playstation-legacy-games","9":"first","10":"instock","11":"shipping-taxable","12":"product-type-external"},"aioseo_notices":[],"_links":{"self":[{"href":"https:\/\/topgetestet.de\/index.php?rest_route=\/wp\/v2\/product\/45740","targetHints":{"allow":["GET"]}}],"collection":[{"href":"https:\/\/topgetestet.de\/index.php?rest_route=\/wp\/v2\/product"}],"about":[{"href":"https:\/\/topgetestet.de\/index.php?rest_route=\/wp\/v2\/types\/product"}],"replies":[{"embeddable":true,"href":"https:\/\/topgetestet.de\/index.php?rest_route=%2Fwp%2Fv2%2Fcomments&post=45740"}],"wp:featuredmedia":[{"embeddable":true,"href":"https:\/\/topgetestet.de\/index.php?rest_route=\/wp\/v2\/media\/45741"}],"wp:attachment":[{"href":"https:\/\/topgetestet.de\/index.php?rest_route=%2Fwp%2Fv2%2Fmedia&parent=45740"}],"wp:term":[{"taxonomy":"product_cat","embeddable":true,"href":"https:\/\/topgetestet.de\/index.php?rest_route=%2Fwp%2Fv2%2Fproduct_cat&post=45740"},{"taxonomy":"product_tag","embeddable":true,"href":"https:\/\/topgetestet.de\/index.php?rest_route=%2Fwp%2Fv2%2Fproduct_tag&post=45740"}],"curies":[{"name":"wp","href":"https:\/\/api.w.org\/{rel}","templated":true}]}}