{"id":45735,"date":"2022-09-30T00:13:54","date_gmt":"2022-09-30T00:13:54","guid":{"rendered":"https:\/\/topgetestet.de\/?product=puma-herren-active-small-logo-tee-t-shirt"},"modified":"2022-09-30T00:13:54","modified_gmt":"2022-09-30T00:13:54","slug":"puma-herren-active-small-logo-tee-t-shirt","status":"publish","type":"product","link":"https:\/\/topgetestet.de\/?product=puma-herren-active-small-logo-tee-t-shirt","title":{"rendered":"PUMA Herren Active Small Logo Tee T-Shirt"},"content":{"rendered":"<p>Price: <span style=\"color:#b12704\">[price_with_discount]<\/span><br \/><i><small>(as of [price_update_date] &#8211; <span class=\"wp_automatic_amazon_disclaimer\" title=\"Product prices and availability are accurate as of the date\/time indicated and are subject to change. Any price and availability information displayed on [relevant Amazon Site(s), as applicable] at the time of purchase will apply to the purchase of this product.\">Details<\/span>)<\/small><\/i><\/p>\n<p><a href=\"https:\/\/amazon.de\/dp\/B08V5L4V67?tag=topgetestet09-21\"><img decoding=\"async\" src=\"https:\/\/i.imgur.com\/ISRHEWs.png\"><\/a><br \/>\n[ad_1]<\/p>\n<p>       Produktbeschreibung des Herstellers <\/p>\n<p>              <img decoding=\"async\" alt=\"MEN\" src=\"https:\/\/images-na.ssl-images-amazon.com\/images\/G\/01\/x-locale\/common\/grey-pixel.gif\" class=\"a-lazy-loaded\" data-src=\"https:\/\/m.media-amazon.com\/images\/S\/aplus-media-library-service-media\/565da296-387d-45b7-a035-5918aeaf3a1d.__CR305,0,2011,622_PT0_SX970_V1___.png\"><\/p>\n<p>               <img decoding=\"async\" alt=\"MEN\" src=\"https:\/\/m.media-amazon.com\/images\/S\/aplus-media-library-service-media\/565da296-387d-45b7-a035-5918aeaf3a1d.__CR305,0,2011,622_PT0_SX970_V1___.png\"><\/p>\n<h3> Erreiche deine Ziele. Forever Faster. <\/h3>\n<p> Forever Faster bedeutet nicht nur Schnelligkeit. Es bedeutet St\u00e4rke, Durchhalteverm\u00f6gen, bedeutet, jeden Tag besser werden zu wollen\u2026 Und das bedeutet: Es geht um dich. Unsere Mission ist es, dich genau so fit zu machen, wie du sein willst, damit du jedes Ziel erreichst \u2013 so schnell es geht. <\/p>\n<h3 class=\"a-spacing-small\"> Bleib cool mit Herren Bekleidung von PUMA. <\/h3>\n<p> <img decoding=\"async\" alt=\"TEXT\" src=\"https:\/\/images-na.ssl-images-amazon.com\/images\/G\/01\/x-locale\/common\/grey-pixel.gif\" class=\"a-spacing-mini a-lazy-loaded\" data-src=\"https:\/\/m.media-amazon.com\/images\/S\/aplus-media-library-service-media\/f8194413-5292-490a-89a4-95ac016be296.__CR54,0,656,656_PT0_SX300_V1___.png\">\n                   <\/p>\n<p>                    <img decoding=\"async\" alt=\"TEXT\" src=\"https:\/\/m.media-amazon.com\/images\/S\/aplus-media-library-service-media\/f8194413-5292-490a-89a4-95ac016be296.__CR54,0,656,656_PT0_SX300_V1___.png\"><\/p>\n<p> <img decoding=\"async\" alt=\"TEXT\" src=\"https:\/\/images-na.ssl-images-amazon.com\/images\/G\/01\/x-locale\/common\/grey-pixel.gif\" class=\"a-spacing-mini a-lazy-loaded\" data-src=\"https:\/\/m.media-amazon.com\/images\/S\/aplus-media-library-service-media\/4d82df76-c21b-4dc7-9804-f5a01f3bfa4e.__CR16,0,686,686_PT0_SX300_V1___.png\">\n                   <\/p>\n<p>                    <img decoding=\"async\" alt=\"TEXT\" src=\"https:\/\/m.media-amazon.com\/images\/S\/aplus-media-library-service-media\/4d82df76-c21b-4dc7-9804-f5a01f3bfa4e.__CR16,0,686,686_PT0_SX300_V1___.png\"><\/p>\n<p> <img decoding=\"async\" alt=\"TEXT\" src=\"https:\/\/images-na.ssl-images-amazon.com\/images\/G\/01\/x-locale\/common\/grey-pixel.gif\" class=\"a-spacing-mini a-lazy-loaded\" data-src=\"https:\/\/m.media-amazon.com\/images\/S\/aplus-media-library-service-media\/5d7c372c-13f7-47a2-94b1-aa479aace986.__CR10,0,910,910_PT0_SX300_V1___.png\">\n                   <\/p>\n<p>                    <img decoding=\"async\" alt=\"TEXT\" src=\"https:\/\/m.media-amazon.com\/images\/S\/aplus-media-library-service-media\/5d7c372c-13f7-47a2-94b1-aa479aace986.__CR10,0,910,910_PT0_SX300_V1___.png\"><\/p>\n<p>                   Nicht einfach nur tragen. Rocken.  <\/p>\n<p> Deine Farbe. Dein Schnitt. Und mit unserer Sportbekleidung auch dein Tag. Nicht nur, weil du darin gut aussiehst, sondern auch, weil du dich darin gro\u00dfartig f\u00fchlst. Denn unser Design verbindet sportlichen Style mit hohem Tragekomfort. So bleibst du dank der atmungsaktiven Textilien genauso cool und gelassen wie dein Look. <\/p>\n<p>                   Dein Style. Deine Entscheidung.  <\/p>\n<p> Bist du bunt und laut? Oder ruhig und zur\u00fcckhaltend? Rockst du die Tanzfl\u00e4che oder chillst du an der Bar? Was auch immer dein Style ist \u2013 wir haben genau die Kleidung und Accessoires, um ihn bei allem, was du vorhast, zum Tragen zu bringen. Also los, was steht als N\u00e4chstes an? <\/p>\n<p>                   Bereit, wenn du es bist.  <\/p>\n<p> Klar ist es cool, gut auszusehen, aber das hei\u00dft ja nicht, dass das alles ist. Auch wenn unsere Shirts, Hoodies und Hosendurch ihr sportlich-l\u00e4ssiges Design \u00fcberzeugen \u2013 in ihrer DNA steckt PUMA pur. Und das bedeutet: Aktivit\u00e4t, Bewegung, Dynamik. Du f\u00fchlst dich darin auch dann noch sicher und wohl, wenn du deinen Spaziergang zur Walkingrunde machst. Oder zum Sprint. Oder zum H\u00fcrdenlauf. <\/p>\n<p>              <img decoding=\"async\" alt=\"shoes\" src=\"https:\/\/images-na.ssl-images-amazon.com\/images\/G\/01\/x-locale\/common\/grey-pixel.gif\" class=\"a-lazy-loaded\" data-src=\"https:\/\/m.media-amazon.com\/images\/S\/aplus-media-library-service-media\/4bf57daa-f25b-48f0-8800-74379b86eee9.__CR56,0,1384,428_PT0_SX970_V1___.png\"><\/p>\n<p>               <img decoding=\"async\" alt=\"shoes\" src=\"https:\/\/m.media-amazon.com\/images\/S\/aplus-media-library-service-media\/4bf57daa-f25b-48f0-8800-74379b86eee9.__CR56,0,1384,428_PT0_SX970_V1___.png\"><\/p>\n<p>[ad_2]<\/p>\n","protected":false},"excerpt":{"rendered":"<p>Price: [price_with_discount](as of [price_update_date] &#8211; Details) [ad_1] Produktbeschreibung des Herstellers Erreiche deine Ziele. Forever Faster. Forever Faster bedeutet nicht nur Schnelligkeit. Es bedeutet St\u00e4rke, Durchhalteverm\u00f6gen, bedeutet, jeden Tag besser werden<\/p>\n","protected":false},"featured_media":45736,"comment_status":"open","ping_status":"closed","template":"","meta":[],"product_cat":[231],"product_tag":[],"class_list":{"0":"post-45735","1":"product","2":"type-product","3":"status-publish","4":"has-post-thumbnail","6":"product_cat-mens-fashion","8":"first","9":"instock","10":"shipping-taxable","11":"product-type-external"},"aioseo_notices":[],"_links":{"self":[{"href":"https:\/\/topgetestet.de\/index.php?rest_route=\/wp\/v2\/product\/45735","targetHints":{"allow":["GET"]}}],"collection":[{"href":"https:\/\/topgetestet.de\/index.php?rest_route=\/wp\/v2\/product"}],"about":[{"href":"https:\/\/topgetestet.de\/index.php?rest_route=\/wp\/v2\/types\/product"}],"replies":[{"embeddable":true,"href":"https:\/\/topgetestet.de\/index.php?rest_route=%2Fwp%2Fv2%2Fcomments&post=45735"}],"wp:featuredmedia":[{"embeddable":true,"href":"https:\/\/topgetestet.de\/index.php?rest_route=\/wp\/v2\/media\/45736"}],"wp:attachment":[{"href":"https:\/\/topgetestet.de\/index.php?rest_route=%2Fwp%2Fv2%2Fmedia&parent=45735"}],"wp:term":[{"taxonomy":"product_cat","embeddable":true,"href":"https:\/\/topgetestet.de\/index.php?rest_route=%2Fwp%2Fv2%2Fproduct_cat&post=45735"},{"taxonomy":"product_tag","embeddable":true,"href":"https:\/\/topgetestet.de\/index.php?rest_route=%2Fwp%2Fv2%2Fproduct_tag&post=45735"}],"curies":[{"name":"wp","href":"https:\/\/api.w.org\/{rel}","templated":true}]}}