{"id":45201,"date":"2022-09-29T21:08:13","date_gmt":"2022-09-29T21:08:13","guid":{"rendered":"https:\/\/topgetestet.de\/?product=nike-damen-downshifter-12-laufschuh"},"modified":"2022-09-29T21:08:13","modified_gmt":"2022-09-29T21:08:13","slug":"nike-damen-downshifter-12-laufschuh","status":"publish","type":"product","link":"https:\/\/topgetestet.de\/?product=nike-damen-downshifter-12-laufschuh","title":{"rendered":"Nike Damen Downshifter 12 Laufschuh"},"content":{"rendered":"<p>Price: <span style=\"color:#b12704\">[price_with_discount]<\/span><br \/><i><small>(as of [price_update_date] &#8211; <span class=\"wp_automatic_amazon_disclaimer\" title=\"Product prices and availability are accurate as of the date\/time indicated and are subject to change. Any price and availability information displayed on [relevant Amazon Site(s), as applicable] at the time of purchase will apply to the purchase of this product.\">Details<\/span>)<\/small><\/i><\/p>\n<p><a href=\"https:\/\/amazon.de\/dp\/B0B2PY9NFN?tag=topgetestet09-21\"><img decoding=\"async\" src=\"https:\/\/i.imgur.com\/ISRHEWs.png\"><\/a><br \/>\n[ad_1]<br \/>\n <span>Machen Sie diese ersten Schritte auf Ihrer Laufreise im Nike Downshifter 12. Hergestellt aus mindestens 20 % recyceltem Material nach Gewicht, hat es eine st\u00fctzende Passform und ein stabiles Laufgef\u00fchl mit einem leichten Tragegef\u00fchl, das sich leicht von Ihrem Training zu einem Treffpunkt umwandeln l\u00e4sst. Ihre Wanderung beginnt. Schn\u00fcren Sie sich und machen Sie sich auf den Weg.<\/span> <br \/> Sprache \u200f : \u200e  Deutsch, Deutsch, Deutsch, Deutsch, Deutsch <br \/> Verpackungsabmessungen \u200f : \u200e  35 x 35 x 35 cm; 120 Gramm <br \/> Im Angebot von Amazon.de seit \u200f : \u200e  27. Juni 2022 <br \/> Hersteller \u200f : \u200e  Nike <br \/> ASIN \u200f : \u200e  B0B571KWHL <br \/> Modellnummer \u200f : \u200e  DD9294 <br \/> Kategorie \u200f : \u200e  Damen <\/p>\n<p>[ad_2]<\/p>\n","protected":false},"excerpt":{"rendered":"<p>Price: [price_with_discount](as of [price_update_date] &#8211; Details) [ad_1] Machen Sie diese ersten Schritte auf Ihrer Laufreise im Nike Downshifter 12. Hergestellt aus mindestens 20 % recyceltem Material nach Gewicht, hat es<\/p>\n","protected":false},"featured_media":45202,"comment_status":"open","ping_status":"closed","template":"","meta":[],"product_cat":[234],"product_tag":[236],"class_list":{"0":"post-45201","1":"product","2":"type-product","3":"status-publish","4":"has-post-thumbnail","6":"product_cat-shoes","7":"product_tag-womens-road-running-shoes","9":"first","10":"instock","11":"shipping-taxable","12":"product-type-external"},"aioseo_notices":[],"_links":{"self":[{"href":"https:\/\/topgetestet.de\/index.php?rest_route=\/wp\/v2\/product\/45201","targetHints":{"allow":["GET"]}}],"collection":[{"href":"https:\/\/topgetestet.de\/index.php?rest_route=\/wp\/v2\/product"}],"about":[{"href":"https:\/\/topgetestet.de\/index.php?rest_route=\/wp\/v2\/types\/product"}],"replies":[{"embeddable":true,"href":"https:\/\/topgetestet.de\/index.php?rest_route=%2Fwp%2Fv2%2Fcomments&post=45201"}],"wp:featuredmedia":[{"embeddable":true,"href":"https:\/\/topgetestet.de\/index.php?rest_route=\/wp\/v2\/media\/45202"}],"wp:attachment":[{"href":"https:\/\/topgetestet.de\/index.php?rest_route=%2Fwp%2Fv2%2Fmedia&parent=45201"}],"wp:term":[{"taxonomy":"product_cat","embeddable":true,"href":"https:\/\/topgetestet.de\/index.php?rest_route=%2Fwp%2Fv2%2Fproduct_cat&post=45201"},{"taxonomy":"product_tag","embeddable":true,"href":"https:\/\/topgetestet.de\/index.php?rest_route=%2Fwp%2Fv2%2Fproduct_tag&post=45201"}],"curies":[{"name":"wp","href":"https:\/\/api.w.org\/{rel}","templated":true}]}}