{"id":45007,"date":"2022-09-29T19:40:23","date_gmt":"2022-09-29T19:40:23","guid":{"rendered":"https:\/\/topgetestet.de\/?product=sennheiser-hd-300-leichter-faltbarer-around-ear-kopfhorer-%cc%b6%cc%b6-schwarz"},"modified":"2022-09-29T19:40:23","modified_gmt":"2022-09-29T19:40:23","slug":"sennheiser-hd-300-leichter-faltbarer-around-ear-kopfhorer-%cc%b6%cc%b6-schwarz","status":"publish","type":"product","link":"https:\/\/topgetestet.de\/?product=sennheiser-hd-300-leichter-faltbarer-around-ear-kopfhorer-%cc%b6%cc%b6-schwarz","title":{"rendered":"Sennheiser HD 300 Leichter, faltbarer Around-Ear-Kopfh\u00f6rer \u0336\u0336 schwarz"},"content":{"rendered":"<p>Price: <span style=\"color:#b12704\">[price_with_discount]<\/span><br \/><i><small>(as of [price_update_date] &#8211; <span class=\"wp_automatic_amazon_disclaimer\" title=\"Product prices and availability are accurate as of the date\/time indicated and are subject to change. Any price and availability information displayed on [relevant Amazon Site(s), as applicable] at the time of purchase will apply to the purchase of this product.\">Details<\/span>)<\/small><\/i><\/p>\n<p><a href=\"https:\/\/amazon.de\/dp\/B07N22BN3K?tag=topgetestet09-21\"><img decoding=\"async\" src=\"https:\/\/i.imgur.com\/ISRHEWs.png\"><\/a><br \/>\n[ad_1]<\/p>\n<p>         Produktbeschreibung des Herstellers <\/p>\n<p>                <img decoding=\"async\" alt=\"HD 300\" src=\"https:\/\/images-na.ssl-images-amazon.com\/images\/G\/01\/x-locale\/common\/grey-pixel.gif\" class=\"a-lazy-loaded\" data-src=\"https:\/\/m.media-amazon.com\/images\/S\/aplus-media\/vc\/85eb2410-a850-487e-80a2-8d1e92bac3d8.__CR0,0,1940,600_PT0_SX970_V1___.jpg\"><\/p>\n<p>                 <img decoding=\"async\" alt=\"HD 300\" src=\"https:\/\/m.media-amazon.com\/images\/S\/aplus-media\/vc\/85eb2410-a850-487e-80a2-8d1e92bac3d8.__CR0,0,1940,600_PT0_SX970_V1___.jpg\"><\/p>\n<p>                 <img decoding=\"async\" alt=\"Lernen Sie den HD 300 kennen\" src=\"https:\/\/images-na.ssl-images-amazon.com\/images\/G\/01\/x-locale\/common\/grey-pixel.gif\" class=\"a-spacing-mini a-lazy-loaded\" data-src=\"https:\/\/m.media-amazon.com\/images\/S\/aplus-media\/vc\/9e3ab7b9-4af4-475e-ad85-5bede07071cc.__CR100,0,600,800_PT0_SX300_V1___.jpg\"><\/p>\n<p>                  <img decoding=\"async\" alt=\"Lernen Sie den HD 300 kennen\" src=\"https:\/\/m.media-amazon.com\/images\/S\/aplus-media\/vc\/9e3ab7b9-4af4-475e-ad85-5bede07071cc.__CR100,0,600,800_PT0_SX300_V1___.jpg\"><\/p>\n<p> <\/p>\n<p>                  <img decoding=\"async\" alt=\"Sennheiser\" src=\"https:\/\/images-na.ssl-images-amazon.com\/images\/G\/01\/x-locale\/common\/grey-pixel.gif\" class=\"a-spacing-mini a-lazy-loaded\" data-src=\"https:\/\/m.media-amazon.com\/images\/S\/aplus-media\/vc\/7f27bd1d-c199-4dd4-b8e9-74f63a230832.__CR0,0,350,175_PT0_SX350_V1___.png\"><\/p>\n<p>                   <img decoding=\"async\" alt=\"Sennheiser\" src=\"https:\/\/m.media-amazon.com\/images\/S\/aplus-media\/vc\/7f27bd1d-c199-4dd4-b8e9-74f63a230832.__CR0,0,350,175_PT0_SX350_V1___.png\"><\/p>\n<p class=\"a-spacing-small a-size-small a-color-secondary\"> Sennheiser gestaltet The Future of Audio \u2013 eine Vision, die auf 70 Jahre Innovation und dem best\u00e4ndigen Streben nach Exzellenz beruht, ein Merkmal, das tief im Wesen und in der Kultur unseres Unternehmens verwurzelt ist. Rund um die Welt teilen unsere Mitarbeiter die Leidenschaft f\u00fcr den perfekten Klang und schaffen Produkte, die Erwartungen \u00fcbertreffen und in der Audiowelt neue Ma\u00dfst\u00e4be setzen. <\/p>\n<h3 class=\"a-spacing-mini\"> Lernen Sie den HD 300 kennen <\/h3>\n<p class=\"a-spacing-base\"> Der HD 300 ist ein kompakter geschlossener Around-Ear-Kopfh\u00f6rer mit ausgeglichenem Frequenzgang, solider Basswiedergabe und Unterdr\u00fcckung von Umgebungsger\u00e4uschen. Aufgrund seiner hochwertigen Materialien und seiner stabilen Bauweise ist er leistungsf\u00e4hig, langlebig und somit der perfekte Begleiter f\u00fcr Ihren gesch\u00e4ftigen Lebensstil. G\u00f6nnen Sie sich ein besseres H\u00f6rerlebnis \u2013 mit dem HD 300! <\/p>\n<p> <img decoding=\"async\" alt=\"Deutsche Technologie\" src=\"https:\/\/images-na.ssl-images-amazon.com\/images\/G\/01\/x-locale\/common\/grey-pixel.gif\" class=\"a-lazy-loaded\" data-src=\"https:\/\/m.media-amazon.com\/images\/S\/aplus-media\/vc\/d3b1a37a-ce61-4350-a02a-68785e08ee88.__CR0,0,800,800_PT0_SX220_V1___.jpg\">\n                       <\/p>\n<p>                        <img decoding=\"async\" alt=\"Deutsche Technologie\" src=\"https:\/\/m.media-amazon.com\/images\/S\/aplus-media\/vc\/d3b1a37a-ce61-4350-a02a-68785e08ee88.__CR0,0,800,800_PT0_SX220_V1___.jpg\"><\/p>\n<p> <img decoding=\"async\" alt=\"Ger\u00e4uschunterdr\u00fcckung\" src=\"https:\/\/images-na.ssl-images-amazon.com\/images\/G\/01\/x-locale\/common\/grey-pixel.gif\" class=\"a-lazy-loaded\" data-src=\"https:\/\/m.media-amazon.com\/images\/S\/aplus-media\/vc\/ab806369-ae74-47a4-8d50-9ff5d71c3fd6.__CR0,0,800,800_PT0_SX220_V1___.jpg\">\n                       <\/p>\n<p>                        <img decoding=\"async\" alt=\"Ger\u00e4uschunterdr\u00fcckung\" src=\"https:\/\/m.media-amazon.com\/images\/S\/aplus-media\/vc\/ab806369-ae74-47a4-8d50-9ff5d71c3fd6.__CR0,0,800,800_PT0_SX220_V1___.jpg\"><\/p>\n<p> <img decoding=\"async\" alt=\"Faltbarer B\u00fcgel\" src=\"https:\/\/images-na.ssl-images-amazon.com\/images\/G\/01\/x-locale\/common\/grey-pixel.gif\" class=\"a-lazy-loaded\" data-src=\"https:\/\/m.media-amazon.com\/images\/S\/aplus-media\/vc\/85be8248-0c66-4ad3-a6b4-221c5f4a56aa.__CR0,0,800,800_PT0_SX220_V1___.jpg\">\n                       <\/p>\n<p>                        <img decoding=\"async\" alt=\"Faltbarer B\u00fcgel\" src=\"https:\/\/m.media-amazon.com\/images\/S\/aplus-media\/vc\/85be8248-0c66-4ad3-a6b4-221c5f4a56aa.__CR0,0,800,800_PT0_SX220_V1___.jpg\"><\/p>\n<p> <img decoding=\"async\" alt=\"Sennheiser-eigene Wandler\" src=\"https:\/\/images-na.ssl-images-amazon.com\/images\/G\/01\/x-locale\/common\/grey-pixel.gif\" class=\"a-lazy-loaded\" data-src=\"https:\/\/m.media-amazon.com\/images\/S\/aplus-media\/vc\/0b100755-f387-4b25-aa32-56c64e5090b0.__CR0,0,800,800_PT0_SX220_V1___.jpg\">\n                       <\/p>\n<p>                        <img decoding=\"async\" alt=\"Sennheiser-eigene Wandler\" src=\"https:\/\/m.media-amazon.com\/images\/S\/aplus-media\/vc\/0b100755-f387-4b25-aa32-56c64e5090b0.__CR0,0,800,800_PT0_SX220_V1___.jpg\"><\/p>\n<p>                       Deutsche Technologie  <\/p>\n<p class=\"a-size-small\"> In Deutschland entwickelte Pr\u00e4zisionswandler sorgen f\u00fcr einen detailreichen, dynamischen Klang mit au\u00dfergew\u00f6hnlicher Balance und erweiterter Basswiedergabe. <\/p>\n<p>                       Ger\u00e4uschunterdr\u00fcckung  <\/p>\n<p class=\"a-size-small\"> Das geschlossene Around-Ear-Design mit seinen ergonomisch gestalteten Ohrpolstern reduziert die Umgebungsger\u00e4usche und optimiert so Ihr H\u00f6rerlebnis. <\/p>\n<p>                       Faltbarer B\u00fcgel  <\/p>\n<p class=\"a-size-small\"> Durch seinen faltbaren B\u00fcgel kann der Kopfh\u00f6rer f\u00fcr unterwegs ganz einfach kompakt verstaut werden. <\/p>\n<p>                       Sennheiser-eigene Wandler  <\/p>\n<p class=\"a-size-small\"> Die Sennheiser-eigenen, 32 mm gro\u00dfen 18-Ohm-Wandler sorgen f\u00fcr eine herausragende Leistungsf\u00e4higkeit und Kompatibilit\u00e4t mit Smartphones, Tablets und Computern. <\/p>\n<p>Die geschlossenen Kopfh\u00f6rer reduzieren unerw\u00fcnschte Hintergrundger\u00e4usche und erh\u00f6hen so den H\u00f6rkomfort<br \/>Ausgewogener Klang und kraftvoller<br \/>Leichte, faltbare Kopfh\u00f6rer f\u00fcr eine einfache Aufbewahrung unterwegs<br \/>Packung die Gr\u00f6\u00dfe: 107 L x 285 H x 279 W (cm)<br \/>\n<br \/>[ad_2]<\/p>\n","protected":false},"excerpt":{"rendered":"<p>Price: [price_with_discount](as of [price_update_date] &#8211; Details) [ad_1] Produktbeschreibung des Herstellers Sennheiser gestaltet The Future of Audio \u2013 eine Vision, die auf 70 Jahre Innovation und dem best\u00e4ndigen Streben nach Exzellenz<\/p>\n","protected":false},"featured_media":45008,"comment_status":"open","ping_status":"closed","template":"","meta":[],"product_cat":[225],"product_tag":[],"class_list":{"0":"post-45007","1":"product","2":"type-product","3":"status-publish","4":"has-post-thumbnail","6":"product_cat-electronics","8":"first","9":"instock","10":"sale","11":"shipping-taxable","12":"product-type-external"},"aioseo_notices":[],"_links":{"self":[{"href":"https:\/\/topgetestet.de\/index.php?rest_route=\/wp\/v2\/product\/45007","targetHints":{"allow":["GET"]}}],"collection":[{"href":"https:\/\/topgetestet.de\/index.php?rest_route=\/wp\/v2\/product"}],"about":[{"href":"https:\/\/topgetestet.de\/index.php?rest_route=\/wp\/v2\/types\/product"}],"replies":[{"embeddable":true,"href":"https:\/\/topgetestet.de\/index.php?rest_route=%2Fwp%2Fv2%2Fcomments&post=45007"}],"wp:featuredmedia":[{"embeddable":true,"href":"https:\/\/topgetestet.de\/index.php?rest_route=\/wp\/v2\/media\/45008"}],"wp:attachment":[{"href":"https:\/\/topgetestet.de\/index.php?rest_route=%2Fwp%2Fv2%2Fmedia&parent=45007"}],"wp:term":[{"taxonomy":"product_cat","embeddable":true,"href":"https:\/\/topgetestet.de\/index.php?rest_route=%2Fwp%2Fv2%2Fproduct_cat&post=45007"},{"taxonomy":"product_tag","embeddable":true,"href":"https:\/\/topgetestet.de\/index.php?rest_route=%2Fwp%2Fv2%2Fproduct_tag&post=45007"}],"curies":[{"name":"wp","href":"https:\/\/api.w.org\/{rel}","templated":true}]}}