{"id":44966,"date":"2022-09-29T19:16:24","date_gmt":"2022-09-29T19:16:24","guid":{"rendered":"https:\/\/topgetestet.de\/?product=powerball-basic-gyroskopischer-handtrainer-transparent-blau-das-original-von-kernpower"},"modified":"2022-09-29T19:16:24","modified_gmt":"2022-09-29T19:16:24","slug":"powerball-basic-gyroskopischer-handtrainer-transparent-blau-das-original-von-kernpower","status":"publish","type":"product","link":"https:\/\/topgetestet.de\/?product=powerball-basic-gyroskopischer-handtrainer-transparent-blau-das-original-von-kernpower","title":{"rendered":"Powerball Basic, gyroskopischer Handtrainer, transparent-blau, das Original von Kernpower"},"content":{"rendered":"<p>Price: <span style=\"color:#b12704\">[price_with_discount]<\/span><br \/><i><small>(as of [price_update_date] &#8211; <span class=\"wp_automatic_amazon_disclaimer\" title=\"Product prices and availability are accurate as of the date\/time indicated and are subject to change. Any price and availability information displayed on [relevant Amazon Site(s), as applicable] at the time of purchase will apply to the purchase of this product.\">Details<\/span>)<\/small><\/i><\/p>\n<p><a href=\"https:\/\/amazon.de\/dp\/B000VABQHK?tag=topgetestet09-21\"><img decoding=\"async\" src=\"https:\/\/i.imgur.com\/ISRHEWs.png\"><\/a><br \/>\n[ad_1]<br \/>\n Mit dem <span class=\"a-text-bold\">Original Powerball Basic<\/span> findest Du den <span class=\"a-text-bold\">perfekten Einstieg ins Training<\/span> mit dem gyroskopischen Handtrainern der Powerball Familie von Kernpower. <br \/>Zum Start die Schnur in das Loch des Rotors stecken, aufwickeln und mit einem Ruck heraus ziehen &#8211; anschlie\u00dfend mit kreisf\u00f6rmigen Bewegungen beginnen<br \/>Perfektes Training f\u00fcr alle die auf Kraft in den H\u00e4nden angewiesen sind, wie Sportler, Musiker und Menschen mit handwerklichen T\u00e4tigkeiten<br \/>Beugt Beschwerden vor, wie Carpal-Tunnel-Syndrom, RSI (Repetitive Strain Injury), Tennis- und Golfarm oder Verspannungen im Arm, Nacken und Schulter<br \/>Steigert die Greifkraft der Finger und die Koordinationsf\u00e4hgikeit, trainiert au\u00dferdem die Schultern, Unter- und Oberarme<br \/>\n<br \/>[ad_2]<\/p>\n","protected":false},"excerpt":{"rendered":"<p>Price: [price_with_discount](as of [price_update_date] &#8211; Details) [ad_1] Mit dem Original Powerball Basic findest Du den perfekten Einstieg ins Training mit dem gyroskopischen Handtrainern der Powerball Familie von Kernpower. Zum Start<\/p>\n","protected":false},"featured_media":44967,"comment_status":"open","ping_status":"closed","template":"","meta":[],"product_cat":[233],"product_tag":[271],"class_list":{"0":"post-44966","1":"product","2":"type-product","3":"status-publish","4":"has-post-thumbnail","6":"product_cat-fitness","7":"product_tag-strength-training-equipment","9":"first","10":"instock","11":"shipping-taxable","12":"product-type-external"},"aioseo_notices":[],"_links":{"self":[{"href":"https:\/\/topgetestet.de\/index.php?rest_route=\/wp\/v2\/product\/44966","targetHints":{"allow":["GET"]}}],"collection":[{"href":"https:\/\/topgetestet.de\/index.php?rest_route=\/wp\/v2\/product"}],"about":[{"href":"https:\/\/topgetestet.de\/index.php?rest_route=\/wp\/v2\/types\/product"}],"replies":[{"embeddable":true,"href":"https:\/\/topgetestet.de\/index.php?rest_route=%2Fwp%2Fv2%2Fcomments&post=44966"}],"wp:featuredmedia":[{"embeddable":true,"href":"https:\/\/topgetestet.de\/index.php?rest_route=\/wp\/v2\/media\/44967"}],"wp:attachment":[{"href":"https:\/\/topgetestet.de\/index.php?rest_route=%2Fwp%2Fv2%2Fmedia&parent=44966"}],"wp:term":[{"taxonomy":"product_cat","embeddable":true,"href":"https:\/\/topgetestet.de\/index.php?rest_route=%2Fwp%2Fv2%2Fproduct_cat&post=44966"},{"taxonomy":"product_tag","embeddable":true,"href":"https:\/\/topgetestet.de\/index.php?rest_route=%2Fwp%2Fv2%2Fproduct_tag&post=44966"}],"curies":[{"name":"wp","href":"https:\/\/api.w.org\/{rel}","templated":true}]}}