{"id":44788,"date":"2022-09-29T18:19:16","date_gmt":"2022-09-29T18:19:16","guid":{"rendered":"https:\/\/topgetestet.de\/?product=vaude-damen-womens-qimsa-softshell-pants-ii-hose"},"modified":"2022-09-29T18:19:16","modified_gmt":"2022-09-29T18:19:16","slug":"vaude-damen-womens-qimsa-softshell-pants-ii-hose","status":"publish","type":"product","link":"https:\/\/topgetestet.de\/?product=vaude-damen-womens-qimsa-softshell-pants-ii-hose","title":{"rendered":"VAUDE Damen Women&#8217;s Qimsa Softshell Pants Ii Hose"},"content":{"rendered":"<p>Price: <span style=\"color:#b12704\">[price_with_discount]<\/span><br \/><i><small>(as of [price_update_date] &#8211; <span class=\"wp_automatic_amazon_disclaimer\" title=\"Product prices and availability are accurate as of the date\/time indicated and are subject to change. Any price and availability information displayed on [relevant Amazon Site(s), as applicable] at the time of purchase will apply to the purchase of this product.\">Details<\/span>)<\/small><\/i><\/p>\n<p><a href=\"https:\/\/amazon.de\/dp\/B09292GL8S?tag=topgetestet09-21\"><img decoding=\"async\" src=\"https:\/\/i.imgur.com\/ISRHEWs.png\"><\/a><br \/>\n[ad_1]<br \/>\n <span>F\u00fcr Ganzjahres-Biker. Die 100% winddichte Softshellhose sorgt bei k\u00fchlen Temperaturen f\u00fcr gute Leistungswerte. Das umweltfreundlich hergestellte Material ist innen angenehm weich und fein strukturiert, was eine funktionst\u00fcchtige Atmungsaktivit\u00e4t und gute Isolation garantiert. Der weitenregulierbare Hosenbund ist hinten h\u00f6her geschnitten und mit elastischen Eins\u00e4tzen ausgestattet, damit er eng am K\u00f6rper anliegt und auch die empfindliche Nierenpartie gut gesch\u00fctzt bleibt. Wasserdichte und robuste Bes\u00e4tze am Ges\u00e4\u00df und auf der Bein-Innenseite sch\u00fctzen vor N\u00e4sse und Schmutz. Weitere Extras: Weitenregulierung am Beinabschluss, Reflexelemente.<\/span> <br \/> Verpackungsabmessungen \u200f : \u200e  34.2 x 28.6 x 8.8 cm; 465 Gramm <br \/> Im Angebot von Amazon.de seit \u200f : \u200e  14. September 2021 <br \/> Hersteller \u200f : \u200e  Vaude <br \/> ASIN \u200f : \u200e  B09293WV8X <br \/> Modellnummer \u200f : \u200e  40258 <br \/> Kategorie \u200f : \u200e  Damen <\/p>\n<p>[ad_2]<\/p>\n","protected":false},"excerpt":{"rendered":"<p>Price: [price_with_discount](as of [price_update_date] &#8211; Details) [ad_1] F\u00fcr Ganzjahres-Biker. Die 100% winddichte Softshellhose sorgt bei k\u00fchlen Temperaturen f\u00fcr gute Leistungswerte. Das umweltfreundlich hergestellte Material ist innen angenehm weich und fein<\/p>\n","protected":false},"featured_media":44789,"comment_status":"open","ping_status":"closed","template":"","meta":[],"product_cat":[232],"product_tag":[],"class_list":{"0":"post-44788","1":"product","2":"type-product","3":"status-publish","4":"has-post-thumbnail","6":"product_cat-women-fashion","8":"first","9":"instock","10":"shipping-taxable","11":"product-type-external"},"aioseo_notices":[],"_links":{"self":[{"href":"https:\/\/topgetestet.de\/index.php?rest_route=\/wp\/v2\/product\/44788","targetHints":{"allow":["GET"]}}],"collection":[{"href":"https:\/\/topgetestet.de\/index.php?rest_route=\/wp\/v2\/product"}],"about":[{"href":"https:\/\/topgetestet.de\/index.php?rest_route=\/wp\/v2\/types\/product"}],"replies":[{"embeddable":true,"href":"https:\/\/topgetestet.de\/index.php?rest_route=%2Fwp%2Fv2%2Fcomments&post=44788"}],"wp:featuredmedia":[{"embeddable":true,"href":"https:\/\/topgetestet.de\/index.php?rest_route=\/wp\/v2\/media\/44789"}],"wp:attachment":[{"href":"https:\/\/topgetestet.de\/index.php?rest_route=%2Fwp%2Fv2%2Fmedia&parent=44788"}],"wp:term":[{"taxonomy":"product_cat","embeddable":true,"href":"https:\/\/topgetestet.de\/index.php?rest_route=%2Fwp%2Fv2%2Fproduct_cat&post=44788"},{"taxonomy":"product_tag","embeddable":true,"href":"https:\/\/topgetestet.de\/index.php?rest_route=%2Fwp%2Fv2%2Fproduct_tag&post=44788"}],"curies":[{"name":"wp","href":"https:\/\/api.w.org\/{rel}","templated":true}]}}