{"id":44716,"date":"2022-09-29T18:09:29","date_gmt":"2022-09-29T18:09:29","guid":{"rendered":"https:\/\/topgetestet.de\/?product=fairy-tail-playstation-4"},"modified":"2022-09-29T18:09:29","modified_gmt":"2022-09-29T18:09:29","slug":"fairy-tail-playstation-4","status":"publish","type":"product","link":"https:\/\/topgetestet.de\/?product=fairy-tail-playstation-4","title":{"rendered":"FAIRY TAIL [Playstation 4]"},"content":{"rendered":"<p>Price: <span style=\"color:#b12704\">[price_with_discount]<\/span><br \/><i><small>(as of [price_update_date] &#8211; <span class=\"wp_automatic_amazon_disclaimer\" title=\"Product prices and availability are accurate as of the date\/time indicated and are subject to change. Any price and availability information displayed on [relevant Amazon Site(s), as applicable] at the time of purchase will apply to the purchase of this product.\">Details<\/span>)<\/small><\/i><\/p>\n<p><a href=\"https:\/\/amazon.de\/dp\/B07YTD2VL5?tag=topgetestet09-21\"><img decoding=\"async\" src=\"https:\/\/i.imgur.com\/ISRHEWs.png\"><\/a><br \/>\n[ad_1]<br \/>\n <span>FAIRY TAIL basiert auf Hiro Mashimas meistverkaufter Manga- und Anime-Serie mit dem gleichen Namen und folgt der zauberbindenden Handlung der &#8220;The Grand Magic Games&#8221;, die aufregenden Folgen, des bei Fans beliebten Arcs. Sie werden nicht nur in der Lage sein, Geschichten zu erleben, die zuvor in Manga und Anime erz\u00e4hlt wurden, sondern sie werden sogar noch nie dagewesene Story- und Quest-Elemente genie\u00dfen k\u00f6nnen. W\u00e4hrend ihrer Reise k\u00f6nnen die Spieler aus einer Auswahl von \u00fcber zehn bekannten Charakteren eine Gruppe bilden, darunter: der Feuer-Dragonslayer Natsu Dragneel; die Stellargeist-Magierin Lucy Heartfilia; der Eismagier Gray Fullbuster; die Feenk\u00f6nigin &#8220;Titania&#8221;, Erza Scarlet; und die junge Himmel-Dragonslayer Wendy Marvell. Mit einer F\u00fclle von Gildenmitgliedern, die f\u00fcr ihre Gruppe rekrutiert werden k\u00f6nnen, k\u00f6nnen die Spieler ihr Traumteam bilden &#8211; sogar eine unwahrscheinliche Gruppe von Verb\u00fcndeten f\u00fcr ihr eigenes einzigartiges Abenteuer. Die feurigen und intensiven magischen Schlachten der Serie werden in der Umgebung von FAIRY TAIL auf atemberaubende Weise zum Leben erweckt. Mit einer vielf\u00e4ltigen Auswahl an Magie, die den au\u00dfergew\u00f6hnlichen Charakteren zur Verf\u00fcgung steht. Renommierte Moves aus der Serie erleuchten den Bildschirm und einige Charaktere wie Natsu k\u00f6nnen von Modus\u00e4nderungen profitieren &#8211; beispielsweise der auff\u00e4llige Donner-Flammen Modus! Dar\u00fcber hius stehen einige Gildenmitglieder zur Unterst\u00fctzung im Kampf zur Verf\u00fcgung, darunter der Gildenmeister von Fairy Tail, Makarov Dreyar, der herbeigerufen werden kann, um m\u00e4chtige Hilfe auf dem Schlachtfeld zu leisten. In FAIRY TAIL werden durch das Abschlie\u00dfen von Schlachten und Quests nicht nur Gruppenmitglieder aufger\u00fcstet, sondern es werden auch Szerien f\u00fcr die Bindung von Charakteren erstellt, mit denen die Gilde aufger\u00fcstet und schlie\u00dflich der Gildenrang erh\u00f6ht werden kann, sodass die Spieler anspruchsvollere Missionen annehmen k\u00f6nnen in ihrer Quest zur gr\u00f6\u00dften Gilde in Fiore zu werden!<\/span> <br \/> Alterseinstufung \u200f : \u200e  USK ab 12 freigegeben <br \/> Sprache \u200f : \u200e  Japanisch <br \/> Handbuch \u200f : \u200e  Deutsch <br \/> Produktabmessungen \u200f : \u200e  13.6 x 1.4 x 17 cm; 60 Gramm <br \/> Erscheinungstermin \u200f : \u200e  30. Juli 2020 <br \/> Untertitel: \u200f : \u200e  Englisch, Franz\u00f6sisch <br \/> ASIN \u200f : \u200e  B07YTD2VL5 <br \/> Modellnummer \u200f : \u200e  1038456 <br \/> Herkunftsland \u200f : \u200e  Deutschland <\/p>\n<p>[ad_2]<\/p>\n","protected":false},"excerpt":{"rendered":"<p>Price: [price_with_discount](as of [price_update_date] &#8211; Details) [ad_1] FAIRY TAIL basiert auf Hiro Mashimas meistverkaufter Manga- und Anime-Serie mit dem gleichen Namen und folgt der zauberbindenden Handlung der &#8220;The Grand Magic<\/p>\n","protected":false},"featured_media":44717,"comment_status":"open","ping_status":"closed","template":"","meta":[],"product_cat":[227],"product_tag":[261],"class_list":{"0":"post-44716","1":"product","2":"type-product","3":"status-publish","4":"has-post-thumbnail","6":"product_cat-gaming","7":"product_tag-playstation-legacy-games","9":"first","10":"instock","11":"sale","12":"shipping-taxable","13":"product-type-external"},"aioseo_notices":[],"_links":{"self":[{"href":"https:\/\/topgetestet.de\/index.php?rest_route=\/wp\/v2\/product\/44716","targetHints":{"allow":["GET"]}}],"collection":[{"href":"https:\/\/topgetestet.de\/index.php?rest_route=\/wp\/v2\/product"}],"about":[{"href":"https:\/\/topgetestet.de\/index.php?rest_route=\/wp\/v2\/types\/product"}],"replies":[{"embeddable":true,"href":"https:\/\/topgetestet.de\/index.php?rest_route=%2Fwp%2Fv2%2Fcomments&post=44716"}],"wp:featuredmedia":[{"embeddable":true,"href":"https:\/\/topgetestet.de\/index.php?rest_route=\/wp\/v2\/media\/44717"}],"wp:attachment":[{"href":"https:\/\/topgetestet.de\/index.php?rest_route=%2Fwp%2Fv2%2Fmedia&parent=44716"}],"wp:term":[{"taxonomy":"product_cat","embeddable":true,"href":"https:\/\/topgetestet.de\/index.php?rest_route=%2Fwp%2Fv2%2Fproduct_cat&post=44716"},{"taxonomy":"product_tag","embeddable":true,"href":"https:\/\/topgetestet.de\/index.php?rest_route=%2Fwp%2Fv2%2Fproduct_tag&post=44716"}],"curies":[{"name":"wp","href":"https:\/\/api.w.org\/{rel}","templated":true}]}}