{"id":44603,"date":"2022-09-29T17:04:36","date_gmt":"2022-09-29T17:04:36","guid":{"rendered":"https:\/\/topgetestet.de\/?product=s-oliver-damenuhr-analog-quarz-mit-edelstahlarmband-30-mm"},"modified":"2022-09-29T17:04:36","modified_gmt":"2022-09-29T17:04:36","slug":"s-oliver-damenuhr-analog-quarz-mit-edelstahlarmband-30-mm","status":"publish","type":"product","link":"https:\/\/topgetestet.de\/?product=s-oliver-damenuhr-analog-quarz-mit-edelstahlarmband-30-mm","title":{"rendered":"S.Oliver Damenuhr Analog Quarz mit Edelstahlarmband, 30 mm"},"content":{"rendered":"<p>Price: <span style=\"color:#b12704\">[price_with_discount]<\/span><br \/><i><small>(as of [price_update_date] &#8211; <span class=\"wp_automatic_amazon_disclaimer\" title=\"Product prices and availability are accurate as of the date\/time indicated and are subject to change. Any price and availability information displayed on [relevant Amazon Site(s), as applicable] at the time of purchase will apply to the purchase of this product.\">Details<\/span>)<\/small><\/i><\/p>\n<p><a href=\"https:\/\/amazon.de\/dp\/B01N58RR2L?tag=topgetestet09-21\"><img decoding=\"async\" src=\"https:\/\/i.imgur.com\/ISRHEWs.png\"><\/a><br \/>\n[ad_1]<\/p>\n<p>       Produktbeschreibung des Herstellers <\/p>\n<p>          <img decoding=\"async\" alt=\"Logo\" src=\"https:\/\/images-na.ssl-images-amazon.com\/images\/G\/01\/x-locale\/common\/grey-pixel.gif\" class=\"a-lazy-loaded\" data-src=\"https:\/\/m.media-amazon.com\/images\/S\/aplus-media-library-service-media\/f898236b-a6dc-4c0a-8358-da8794230437.__CR0,28,740,222_PT0_SX600_V1___.jpg\"><\/p>\n<p>           <img decoding=\"async\" alt=\"Logo\" src=\"https:\/\/m.media-amazon.com\/images\/S\/aplus-media-library-service-media\/f898236b-a6dc-4c0a-8358-da8794230437.__CR0,28,740,222_PT0_SX600_V1___.jpg\"><\/p>\n<p>          <img decoding=\"async\" alt=\"Entdecke jetzt - s.Oliver Time\" src=\"https:\/\/images-na.ssl-images-amazon.com\/images\/G\/01\/x-locale\/common\/grey-pixel.gif\" class=\"a-spacing-base a-lazy-loaded\" data-src=\"https:\/\/m.media-amazon.com\/images\/S\/aplus-media\/vc\/965e106d-ba1c-4806-b792-9d50f2fe843b.__CR0,0,2304,1425_PT0_SX970_V1___.jpg\"><\/p>\n<p>           <img decoding=\"async\" alt=\"Entdecke jetzt - s.Oliver Time\" src=\"https:\/\/m.media-amazon.com\/images\/S\/aplus-media\/vc\/965e106d-ba1c-4806-b792-9d50f2fe843b.__CR0,0,2304,1425_PT0_SX970_V1___.jpg\"><\/p>\n<h3 class=\"a-spacing-mini\"> Entdecke jetzt &#8211; s.Oliver Time <\/h3>\n<p class=\"a-spacing-base\"> Eine Marke, auf die man jederzeit vertrauen kann: s.Oliver bietet in Sachen Stil, Qualit\u00e4t, Passform und Preis immer eine passende L\u00f6sung. Ein ehrlicher und stilsicherer Freund sowie Modeberater mit den richtigen Ideen f\u00fcr alle Lebenslagen \u2013 s.Oliver f\u00fcllt Deine W\u00fcnsche mit Leben und pr\u00e4sentiert Mode f\u00fcr die gesamte Familie, stets mit besonderem Fokus auf Tragbarkeit. Mode, die allen Anforderungen des Alltags gerecht wird und dabei stets die modischen Anspr\u00fcche im Auge beh\u00e4lt. Die Marke ist l\u00e4ssig, authentisch und leicht zu kombinieren. Dabei zeigt sie sich modern, farbenfroh und sportiv. s.Oliver setzt auf nat\u00fcrliche Materialien und sorgt mit viel Liebe zum Detail immer wieder f\u00fcr nette \u00dcberraschungsmomente bei der Produktausstattung. <\/p>\n<p>              <img decoding=\"async\" alt=\"Silikonuhr\" src=\"https:\/\/images-na.ssl-images-amazon.com\/images\/G\/01\/x-locale\/common\/grey-pixel.gif\" class=\"a-lazy-loaded\" data-src=\"https:\/\/m.media-amazon.com\/images\/S\/aplus-media\/vc\/cb0eb459-8df5-4cfc-8c2f-8dc066961601.__CR904,183,982,982_PT0_SX300_V1___.jpg\"><\/p>\n<p>               <img decoding=\"async\" alt=\"Silikonuhr\" src=\"https:\/\/m.media-amazon.com\/images\/S\/aplus-media\/vc\/cb0eb459-8df5-4cfc-8c2f-8dc066961601.__CR904,183,982,982_PT0_SX300_V1___.jpg\"><\/p>\n<h3 class=\"a-spacing-mini\"> Design <\/h3>\n<p> Im Mittelpunkt der s.Oliver Kollektion steht, dass du in den Designs so sein kannst, wie du bist und dich niemals verkleidet f\u00fchlst . Dabei findest du bei uns zu jedem Look die passende Uhr, egal ob zum sportlichen Freizeit-Look, zum schicken Buisness-Outfit oder zum eleganten Auftritt am Abend. <\/p>\n<p>              <img decoding=\"async\" alt=\"Chronograph\" src=\"https:\/\/images-na.ssl-images-amazon.com\/images\/G\/01\/x-locale\/common\/grey-pixel.gif\" class=\"a-spacing-mini a-lazy-loaded\" data-src=\"https:\/\/m.media-amazon.com\/images\/S\/aplus-media\/vc\/2ccf0df1-d14f-4d53-b81b-0d6d39dd4f48.__CR136,123,2727,2727_PT0_SX300_V1___.jpg\"><\/p>\n<p>               <img decoding=\"async\" alt=\"Chronograph\" src=\"https:\/\/m.media-amazon.com\/images\/S\/aplus-media\/vc\/2ccf0df1-d14f-4d53-b81b-0d6d39dd4f48.__CR136,123,2727,2727_PT0_SX300_V1___.jpg\"><\/p>\n<h3 class=\"a-spacing-mini\"> Qualit\u00e4t\/Sorgfalt <\/h3>\n<p> s.Oliver Time verbindet den jungen, sportlichen und smarten Stil mit hohem Tragekomfort und guter Verarbeitung. Modisch aktuell und anspruchsvoll, basierend auf der Philosophie: Mode f\u00fcr jeden Menschen an jedem Tag in jeder Situation mit ausgezeichneter Qualit\u00e4t zu einem fairen Preis. <\/p>\n<p> <img decoding=\"async\" alt=\"Damenuhr\" src=\"https:\/\/images-na.ssl-images-amazon.com\/images\/G\/01\/x-locale\/common\/grey-pixel.gif\" class=\"a-spacing-mini a-lazy-loaded\" data-src=\"https:\/\/m.media-amazon.com\/images\/S\/aplus-media\/vc\/cae7690a-3385-43c5-8f7d-0a667c03ebb2.__CR0,0,1536,1536_PT0_SX300_V1___.jpg\">\n                   <\/p>\n<p>                    <img decoding=\"async\" alt=\"Damenuhr\" src=\"https:\/\/m.media-amazon.com\/images\/S\/aplus-media\/vc\/cae7690a-3385-43c5-8f7d-0a667c03ebb2.__CR0,0,1536,1536_PT0_SX300_V1___.jpg\"><\/p>\n<p> <img decoding=\"async\" alt=\"Herrenuhr\" src=\"https:\/\/images-na.ssl-images-amazon.com\/images\/G\/01\/x-locale\/common\/grey-pixel.gif\" class=\"a-spacing-mini a-lazy-loaded\" data-src=\"https:\/\/m.media-amazon.com\/images\/S\/aplus-media\/vc\/a5809c01-1824-4815-a698-8cf4d33f391f.__CR292,93,1476,1476_PT0_SX300_V1___.jpg\">\n                   <\/p>\n<p>                    <img decoding=\"async\" alt=\"Herrenuhr\" src=\"https:\/\/m.media-amazon.com\/images\/S\/aplus-media\/vc\/a5809c01-1824-4815-a698-8cf4d33f391f.__CR292,93,1476,1476_PT0_SX300_V1___.jpg\"><\/p>\n<p> <img decoding=\"async\" alt=\"Kids\" src=\"https:\/\/images-na.ssl-images-amazon.com\/images\/G\/01\/x-locale\/common\/grey-pixel.gif\" class=\"a-spacing-mini a-lazy-loaded\" data-src=\"https:\/\/m.media-amazon.com\/images\/S\/aplus-media\/vc\/a09d1171-037c-49be-9e20-50151e179395.__CR372,0,1536,1536_PT0_SX300_V1___.jpg\">\n                   <\/p>\n<p>                    <img decoding=\"async\" alt=\"Kids\" src=\"https:\/\/m.media-amazon.com\/images\/S\/aplus-media\/vc\/a09d1171-037c-49be-9e20-50151e179395.__CR372,0,1536,1536_PT0_SX300_V1___.jpg\"><\/p>\n<p>                   Damenuhren  <\/p>\n<p> Die s.Oliver Time Kollektion bietet Uhren zu jedem Anlass, egal ob klassische, schlichte Alltagsuhren, oder besondere Eyecatcher. Hier findet jede Frau die passende Uhr zu ihrem Outfit. <\/p>\n<p>                   Herrenuhren  <\/p>\n<p> Ob sportlich oder elegant, auch f\u00fcr M\u00e4nner hat s.Oliver Time zu jedem Anlass passende Modelle. Nicht nur Quarzuhren, sondern auch Multifuktions- und Automatikuhren sowie Chronographen zieren unsere Kollektion. <\/p>\n<p>                   Kinderuhren  <\/p>\n<p> Kinder lernen spielend leicht die Uhrzeit mit unseren farbenfrohen Kinderuhren von s.Oliver. Egal ob Rennfahrer oder Prinzessin, unsere vielf\u00e4ltigen Motive lassen alle Kinderherzen h\u00f6her schlagen. <\/p>\n<p>[ad_2]<\/p>\n","protected":false},"excerpt":{"rendered":"<p>Price: [price_with_discount](as of [price_update_date] &#8211; Details) [ad_1] Produktbeschreibung des Herstellers Entdecke jetzt &#8211; s.Oliver Time Eine Marke, auf die man jederzeit vertrauen kann: s.Oliver bietet in Sachen Stil, Qualit\u00e4t, Passform<\/p>\n","protected":false},"featured_media":44604,"comment_status":"open","ping_status":"closed","template":"","meta":[],"product_cat":[233],"product_tag":[276],"class_list":{"0":"post-44603","1":"product","2":"type-product","3":"status-publish","4":"has-post-thumbnail","6":"product_cat-fitness","7":"product_tag-womens-clothing","9":"first","10":"instock","11":"sale","12":"shipping-taxable","13":"product-type-external"},"aioseo_notices":[],"_links":{"self":[{"href":"https:\/\/topgetestet.de\/index.php?rest_route=\/wp\/v2\/product\/44603","targetHints":{"allow":["GET"]}}],"collection":[{"href":"https:\/\/topgetestet.de\/index.php?rest_route=\/wp\/v2\/product"}],"about":[{"href":"https:\/\/topgetestet.de\/index.php?rest_route=\/wp\/v2\/types\/product"}],"replies":[{"embeddable":true,"href":"https:\/\/topgetestet.de\/index.php?rest_route=%2Fwp%2Fv2%2Fcomments&post=44603"}],"wp:featuredmedia":[{"embeddable":true,"href":"https:\/\/topgetestet.de\/index.php?rest_route=\/wp\/v2\/media\/44604"}],"wp:attachment":[{"href":"https:\/\/topgetestet.de\/index.php?rest_route=%2Fwp%2Fv2%2Fmedia&parent=44603"}],"wp:term":[{"taxonomy":"product_cat","embeddable":true,"href":"https:\/\/topgetestet.de\/index.php?rest_route=%2Fwp%2Fv2%2Fproduct_cat&post=44603"},{"taxonomy":"product_tag","embeddable":true,"href":"https:\/\/topgetestet.de\/index.php?rest_route=%2Fwp%2Fv2%2Fproduct_tag&post=44603"}],"curies":[{"name":"wp","href":"https:\/\/api.w.org\/{rel}","templated":true}]}}