{"id":44261,"date":"2022-09-29T14:51:49","date_gmt":"2022-09-29T14:51:49","guid":{"rendered":"https:\/\/topgetestet.de\/?product=thrustmaster-hotas-warthog-joystick-und-throttle-fur-pc"},"modified":"2022-09-29T14:51:49","modified_gmt":"2022-09-29T14:51:49","slug":"thrustmaster-hotas-warthog-joystick-und-throttle-fur-pc","status":"publish","type":"product","link":"https:\/\/topgetestet.de\/?product=thrustmaster-hotas-warthog-joystick-und-throttle-fur-pc","title":{"rendered":"Thrustmaster Hotas Warthog &#8211; Joystick und Throttle f\u00fcr PC"},"content":{"rendered":"<p>Price: <span style=\"color:#b12704\">[price_with_discount]<\/span><br \/><i><small>(as of [price_update_date] &#8211; <span class=\"wp_automatic_amazon_disclaimer\" title=\"Product prices and availability are accurate as of the date\/time indicated and are subject to change. Any price and availability information displayed on [relevant Amazon Site(s), as applicable] at the time of purchase will apply to the purchase of this product.\">Details<\/span>)<\/small><\/i><\/p>\n<p><a href=\"https:\/\/amazon.de\/dp\/B00371R8P4?tag=topgetestet09-21\"><img decoding=\"async\" src=\"https:\/\/i.imgur.com\/ISRHEWs.png\"><\/a><br \/>\n[ad_1]<br \/>\n Der HOTAS WARTHOG USB-Joystick mit Doppelgashebel ist das Resultat einer intensiven Zusammenarbeit zwischen den Entwicklerteams von Thrustmasterund Mitgliedern der Simmer-Community (Flugsimulationsspieler-Gemeinschaft). W\u00e4hrend der gesamten Entwicklungsphase des Produktes wurden Studien durchgef\u00fchrt und zwischen den beiden Seiten fand ein st\u00e4ndiger Austausch statt, um einen Joystick zu schaffen, der den exakten und spezifischen Anforderungen dieser Experten entspricht. Das Resultat ist der HOTAS WARTHOG: ein Joystick-Repliken-Set mit doppeltem Gashebelsystem und doppelter Gashebel-Kontrollkonsole des U.S. Air Force Offensivflugzeugs A-10C. <br \/>Offizielle Replik von Joystick, Schubhebel und Steuerpanel der U.S. Air Force-Flugzeuges A-10C<br \/>Abnehmbarer, vollst\u00e4ndig aus Metall gefertigter Joystick-Hebel mit abnehmbarer Metallplatte f\u00fcr Benutzung am Schreibtisch oder im Cockpit. Insgesamt 19 Action-Buttons + ein 8-Wege-\u201cPoint of View\u201d-Mehrwegeschalter<br \/>Verf\u00fcgt \u00fcber H.E.A.R.T Hall Effect AccuRate Technology f\u00fcr chirurgische, auf Dauer gleichbleibende Pr\u00e4zision<br \/>Duales Schubhebelsystem mit Handablage aus Metall. Insgesamt 17 Action-Buttons + 1 Mausschalter mit Push-Button + ein 8-Wege \u201cPoint of View\u201d-Hat-Schalter<br \/>Steuerpanel mit beschwerter Basis. Insgesamt 15 Action-Buttons + 1 TRIM-Rad<br \/>\n<br \/>[ad_2]<\/p>\n","protected":false},"excerpt":{"rendered":"<p>Price: [price_with_discount](as of [price_update_date] &#8211; Details) [ad_1] Der HOTAS WARTHOG USB-Joystick mit Doppelgashebel ist das Resultat einer intensiven Zusammenarbeit zwischen den Entwicklerteams von Thrustmasterund Mitgliedern der Simmer-Community (Flugsimulationsspieler-Gemeinschaft). W\u00e4hrend der<\/p>\n","protected":false},"featured_media":44262,"comment_status":"open","ping_status":"closed","template":"","meta":[],"product_cat":[227],"product_tag":[264],"class_list":{"0":"post-44261","1":"product","2":"type-product","3":"status-publish","4":"has-post-thumbnail","6":"product_cat-gaming","7":"product_tag-playstation-4-accessories","9":"first","10":"instock","11":"sale","12":"shipping-taxable","13":"product-type-external"},"aioseo_notices":[],"_links":{"self":[{"href":"https:\/\/topgetestet.de\/index.php?rest_route=\/wp\/v2\/product\/44261","targetHints":{"allow":["GET"]}}],"collection":[{"href":"https:\/\/topgetestet.de\/index.php?rest_route=\/wp\/v2\/product"}],"about":[{"href":"https:\/\/topgetestet.de\/index.php?rest_route=\/wp\/v2\/types\/product"}],"replies":[{"embeddable":true,"href":"https:\/\/topgetestet.de\/index.php?rest_route=%2Fwp%2Fv2%2Fcomments&post=44261"}],"wp:featuredmedia":[{"embeddable":true,"href":"https:\/\/topgetestet.de\/index.php?rest_route=\/wp\/v2\/media\/44262"}],"wp:attachment":[{"href":"https:\/\/topgetestet.de\/index.php?rest_route=%2Fwp%2Fv2%2Fmedia&parent=44261"}],"wp:term":[{"taxonomy":"product_cat","embeddable":true,"href":"https:\/\/topgetestet.de\/index.php?rest_route=%2Fwp%2Fv2%2Fproduct_cat&post=44261"},{"taxonomy":"product_tag","embeddable":true,"href":"https:\/\/topgetestet.de\/index.php?rest_route=%2Fwp%2Fv2%2Fproduct_tag&post=44261"}],"curies":[{"name":"wp","href":"https:\/\/api.w.org\/{rel}","templated":true}]}}