{"id":43704,"date":"2022-09-29T12:12:41","date_gmt":"2022-09-29T12:12:41","guid":{"rendered":"https:\/\/topgetestet.de\/?product=fifa-21-nintendo-switch"},"modified":"2022-09-29T12:12:41","modified_gmt":"2022-09-29T12:12:41","slug":"fifa-21-nintendo-switch","status":"publish","type":"product","link":"https:\/\/topgetestet.de\/?product=fifa-21-nintendo-switch","title":{"rendered":"FIFA 21 &#8211; [Nintendo Switch]"},"content":{"rendered":"<p>Price: <span style=\"color:#b12704\">[price_with_discount]<\/span><br \/><i><small>(as of [price_update_date] &#8211; <span class=\"wp_automatic_amazon_disclaimer\" title=\"Product prices and availability are accurate as of the date\/time indicated and are subject to change. Any price and availability information displayed on [relevant Amazon Site(s), as applicable] at the time of purchase will apply to the purchase of this product.\">Details<\/span>)<\/small><\/i><\/p>\n<p><a href=\"https:\/\/amazon.de\/dp\/B089ZDZ6C9?tag=topgetestet09-21\"><img decoding=\"async\" src=\"https:\/\/i.imgur.com\/ISRHEWs.png\"><\/a><br \/>\n[ad_1]<\/p>\n<p>       Produktbeschreibung des Herstellers <\/p>\n<h3 class=\"a-spacing-mini\"> EA SPORTS FIFA 21 Legacy Edition Nintendo Switch <\/h3>\n<p>          <img decoding=\"async\" alt=\"FIFA 21 Nintendo Switch\" src=\"https:\/\/images-na.ssl-images-amazon.com\/images\/G\/01\/x-locale\/common\/grey-pixel.gif\" class=\"a-spacing-base a-lazy-loaded\" data-src=\"https:\/\/m.media-amazon.com\/images\/S\/aplus-media\/vc\/ef108f22-f0be-4367-9170-f22d335bc03b.__CR530,0,1940,1200_PT0_SX970_V1___.jpg\"><\/p>\n<p>           <img decoding=\"async\" alt=\"FIFA 21 Nintendo Switch\" src=\"https:\/\/m.media-amazon.com\/images\/S\/aplus-media\/vc\/ef108f22-f0be-4367-9170-f22d335bc03b.__CR530,0,1940,1200_PT0_SX970_V1___.jpg\"><\/p>\n<p class=\"a-spacing-base\"> Die EA SPORTS FIFA 21 Legacy Edition beinhaltet auf der Nintendo Switch die neuesten Trikots, Vereine und Kader aus einigen der weltbesten Ligen. Ebenfalls enthalten sind einige der ber\u00fchmtesten Stadien der Welt, darunter mehrere FIFA 21-Neuzug\u00e4nge. Die Gameplay-Features und -Modi entsprechen FIFA 20 f\u00fcr Nintendo Switch. <\/p>\n<h3 class=\"a-spacing-small\"> PRODUKT\u00dcBERSICHT <\/h3>\n<p>               <img decoding=\"async\" alt=\"FIFA 21 Nintendo Switch\" src=\"https:\/\/images-na.ssl-images-amazon.com\/images\/G\/01\/x-locale\/common\/grey-pixel.gif\" class=\"a-spacing-mini a-lazy-loaded\" data-src=\"https:\/\/m.media-amazon.com\/images\/S\/aplus-media\/vc\/b00ea850-3f14-47a7-bd88-98f7fbf87231.__CR312,0,566,566_PT0_SX300_V1___.png\"><\/p>\n<p>                <img decoding=\"async\" alt=\"FIFA 21 Nintendo Switch\" src=\"https:\/\/m.media-amazon.com\/images\/S\/aplus-media\/vc\/b00ea850-3f14-47a7-bd88-98f7fbf87231.__CR312,0,566,566_PT0_SX300_V1___.png\"><\/p>\n<p>                 LEGACY-MODI<br \/>\n                 Folgende Spielmodi sind in FIFA 21 mit denselben Features wie in FIFA 20 enthalten.  <\/p>\n<p>                    Ansto\u00df<br \/>\n                    Karrieremodus<br \/>\n                    Turniere &#8211; UEFA Champions League z. Bsp.<br \/>\n                    Skill-Spiele<br \/>\n                    Online-Saisons<br \/>\n                    Online-Freundschaftsspiele   <\/p>\n<p>                 FIFA ULTIMATE TEAM enth\u00e4lt:  <\/p>\n<p class=\"a-spacing-small a-size-small\">\n<p>                 Manageraufgaben<br \/>\n                 Einzelspieler &amp; Online-Saisons<br \/>\n                 Einzelspieler &amp; Online-Turniere<br \/>\n                 Einzelspieler &amp; Online-Draft<br \/>\n                 Online-Einzelpartien<br \/>\n                 Squad Building Challenges<\/p>\n<p>                GAMEPLAY  <\/p>\n<p class=\"a-spacing-base\"> Die FIFA 21 Legacy Edition enth\u00e4lt dieselben Gameplay-Features wie FIFA 20, ohne neue Entwicklungen oder signifikante Verbesserungen. <\/p>\n<p>                PR\u00c4SENTATION  <\/p>\n<p class=\"a-spacing-base\"> Die FIFA 21 Legacy Edition beinhaltet ein upgedatetes grafisches Erscheinungsbild mit neu designten Spielbildschirmen und Men\u00fcs. <\/p>\n<p>              <img decoding=\"async\" alt=\"FIFA 21 Nintendo Switch\" src=\"https:\/\/images-na.ssl-images-amazon.com\/images\/G\/01\/x-locale\/common\/grey-pixel.gif\" class=\"a-lazy-loaded\" data-src=\"https:\/\/m.media-amazon.com\/images\/S\/aplus-media\/vc\/9567fb1e-f535-4b33-9409-dbfcced1bb9e.__CR637,0,1636,1636_PT0_SX300_V1___.jpg\"><\/p>\n<p>               <img decoding=\"async\" alt=\"FIFA 21 Nintendo Switch\" src=\"https:\/\/m.media-amazon.com\/images\/S\/aplus-media\/vc\/9567fb1e-f535-4b33-9409-dbfcced1bb9e.__CR637,0,1636,1636_PT0_SX300_V1___.jpg\"><\/p>\n<h3 class=\"a-spacing-mini\"> KONSOLEN-KONFIGURATIONEN <\/h3>\n<p> Erlebe FIFA jederzeit und \u00fcberall nach Ihren W\u00fcnschen. Schlie\u00dfen Sie Ihr Fernsehger\u00e4t an und spiele Einzelspieler oder Multiplayer, oder tritt unterwegs in denselben Modi an: <\/p>\n<\/p>\n<p>               Docked<br \/>\n               Handheld<br \/>\n               Tisch-Modus<br \/>\n               Lokale Multiplayerverbindung<\/p>\n<p>              <img decoding=\"async\" alt=\"FIFA 21 Nintendo Switch\" src=\"https:\/\/images-na.ssl-images-amazon.com\/images\/G\/01\/x-locale\/common\/grey-pixel.gif\" class=\"a-spacing-mini a-lazy-loaded\" data-src=\"https:\/\/m.media-amazon.com\/images\/S\/aplus-media\/vc\/2a3afe10-a9e5-40fe-a506-c77a0560349e.__CR665,0,1711,1711_PT0_SX300_V1___.jpg\"><\/p>\n<p>               <img decoding=\"async\" alt=\"FIFA 21 Nintendo Switch\" src=\"https:\/\/m.media-amazon.com\/images\/S\/aplus-media\/vc\/2a3afe10-a9e5-40fe-a506-c77a0560349e.__CR665,0,1711,1711_PT0_SX300_V1___.jpg\"><\/p>\n<h3 class=\"a-spacing-mini\"> GETEILTER JOY-CON-SUPPORT <\/h3>\n<p> Die exklusiv f\u00fcr Nintendo Switch entwickelte Geteilte Joy-Con-Steuerung erm\u00f6glicht es Ihnen, jederzeit und \u00fcberall mit Ihren Freunden anzutreten. Die Spieler k\u00f6nnen ohne zus\u00e4tzliche Ger\u00e4te die Joy-Con-Controller teilen und die Multiplayer-Modi zuhause oder unterwegs genie\u00dfen. Joy-Con-Unterst\u00fctzung in FIFA 21 Legacy Edition enth\u00e4lt: <\/p>\n<\/p>\n<p>               Handheld<br \/>\n               Dual<br \/>\n               Einfach<\/p>\n<p> Hinweis: FIFA 21 unterst\u00fctzt auch die Pro Controller-Konfiguration. <\/p>\n<p> Batterien \u200f : \u200e  1 Unbekannt Batterien erforderlich. <br \/> Alterseinstufung \u200f : \u200e  Einstufung ausstehend <br \/> Sprache \u200f : \u200e  Deutsch <br \/> Produktabmessungen \u200f : \u200e  10.5 x 17 x 1.1 cm; 52 Gramm <br \/> Erscheinungstermin \u200f : \u200e  9. Oktober 2020 <br \/> ASIN \u200f : \u200e  B089ZDZ6C9 <br \/> Modellnummer \u200f : \u200e  1076765 <br \/> Herkunftsland \u200f : \u200e  Japan <\/p>\n<p>Mit einigen der ber\u00fchmtesten Stadien der Welt<br \/>Mit geteiltem Joy-Con Support<br \/>\n<br \/>[ad_2]<\/p>\n","protected":false},"excerpt":{"rendered":"<p>Price: [price_with_discount](as of [price_update_date] &#8211; Details) [ad_1] Produktbeschreibung des Herstellers EA SPORTS FIFA 21 Legacy Edition Nintendo Switch Die EA SPORTS FIFA 21 Legacy Edition beinhaltet auf der Nintendo Switch<\/p>\n","protected":false},"featured_media":43705,"comment_status":"open","ping_status":"closed","template":"","meta":[],"product_cat":[227],"product_tag":[261],"class_list":{"0":"post-43704","1":"product","2":"type-product","3":"status-publish","4":"has-post-thumbnail","6":"product_cat-gaming","7":"product_tag-playstation-legacy-games","9":"first","10":"instock","11":"sale","12":"shipping-taxable","13":"product-type-external"},"aioseo_notices":[],"_links":{"self":[{"href":"https:\/\/topgetestet.de\/index.php?rest_route=\/wp\/v2\/product\/43704","targetHints":{"allow":["GET"]}}],"collection":[{"href":"https:\/\/topgetestet.de\/index.php?rest_route=\/wp\/v2\/product"}],"about":[{"href":"https:\/\/topgetestet.de\/index.php?rest_route=\/wp\/v2\/types\/product"}],"replies":[{"embeddable":true,"href":"https:\/\/topgetestet.de\/index.php?rest_route=%2Fwp%2Fv2%2Fcomments&post=43704"}],"wp:featuredmedia":[{"embeddable":true,"href":"https:\/\/topgetestet.de\/index.php?rest_route=\/wp\/v2\/media\/43705"}],"wp:attachment":[{"href":"https:\/\/topgetestet.de\/index.php?rest_route=%2Fwp%2Fv2%2Fmedia&parent=43704"}],"wp:term":[{"taxonomy":"product_cat","embeddable":true,"href":"https:\/\/topgetestet.de\/index.php?rest_route=%2Fwp%2Fv2%2Fproduct_cat&post=43704"},{"taxonomy":"product_tag","embeddable":true,"href":"https:\/\/topgetestet.de\/index.php?rest_route=%2Fwp%2Fv2%2Fproduct_tag&post=43704"}],"curies":[{"name":"wp","href":"https:\/\/api.w.org\/{rel}","templated":true}]}}