{"id":43668,"date":"2022-09-29T12:01:06","date_gmt":"2022-09-29T12:01:06","guid":{"rendered":"https:\/\/topgetestet.de\/?product=mizuno-damen-wave-inspire-16-strasen-laufschuh"},"modified":"2022-09-29T12:01:06","modified_gmt":"2022-09-29T12:01:06","slug":"mizuno-damen-wave-inspire-16-strasen-laufschuh","status":"publish","type":"product","link":"https:\/\/topgetestet.de\/?product=mizuno-damen-wave-inspire-16-strasen-laufschuh","title":{"rendered":"Mizuno Damen Wave Inspire 16 Stra\u00dfen-Laufschuh"},"content":{"rendered":"<p>Price: <span style=\"color:#b12704\">[price_with_discount]<\/span><br \/><i><small>(as of [price_update_date] &#8211; <span class=\"wp_automatic_amazon_disclaimer\" title=\"Product prices and availability are accurate as of the date\/time indicated and are subject to change. Any price and availability information displayed on [relevant Amazon Site(s), as applicable] at the time of purchase will apply to the purchase of this product.\">Details<\/span>)<\/small><\/i><\/p>\n<p><a href=\"https:\/\/amazon.de\/dp\/B07QTDPBTR?tag=topgetestet09-21\"><img decoding=\"async\" src=\"https:\/\/i.imgur.com\/ISRHEWs.png\"><\/a><br \/>\n[ad_1]<br \/>\n <span>Der Wave Inspire 16 bietet Ihnen eine unglaublich schnelle und stabile Fahrt. Sto\u00dfabsorbierende Zwischensohle und Smooth Ride Support Wave-Technologie bringen eine ideale Balance aus D\u00e4mpfung und Leichtigkeit in jeden Schritt, zusammen mit einem reibungslosen \u00dcbergang. Ein brandneues Obermaterial aus Netzgewebe f\u00fcr eine weiche, atmungsaktive Passform, mit interner Zehenkappe f\u00fcr ein geschmeidigeres Aussehen. Bringen Sie Ihre t\u00e4glichen L\u00e4ufe auf die n\u00e4chste Stufe mit der ultimativen Leistung und Komfort.<\/span> <br \/> Verpackungsabmessungen \u200f : \u200e  30.91 x 18.8 x 11.71 cm; 671 Gramm <br \/> Im Angebot von Amazon.de seit \u200f : \u200e  20. Januar 2021 <br \/> Hersteller \u200f : \u200e  Mizuno <br \/> ASIN \u200f : \u200e  B086FJTTRV <br \/> Modellnummer \u200f : \u200e  411310.HM00.05.0600 <br \/> Kategorie \u200f : \u200e  Damen <\/p>\n<p>Sohle: Gummi<br \/>Verschluss: Schn\u00fcrung<br \/>Absatzform: Flach<br \/>Schuhweite: Medium<br \/>Nicht wasserfest<br \/>\n<br \/>[ad_2]<\/p>\n","protected":false},"excerpt":{"rendered":"<p>Price: [price_with_discount](as of [price_update_date] &#8211; Details) [ad_1] Der Wave Inspire 16 bietet Ihnen eine unglaublich schnelle und stabile Fahrt. Sto\u00dfabsorbierende Zwischensohle und Smooth Ride Support Wave-Technologie bringen eine ideale Balance<\/p>\n","protected":false},"featured_media":43669,"comment_status":"open","ping_status":"closed","template":"","meta":[],"product_cat":[234],"product_tag":[236],"class_list":{"0":"post-43668","1":"product","2":"type-product","3":"status-publish","4":"has-post-thumbnail","6":"product_cat-shoes","7":"product_tag-womens-road-running-shoes","9":"first","10":"instock","11":"shipping-taxable","12":"product-type-external"},"aioseo_notices":[],"_links":{"self":[{"href":"https:\/\/topgetestet.de\/index.php?rest_route=\/wp\/v2\/product\/43668","targetHints":{"allow":["GET"]}}],"collection":[{"href":"https:\/\/topgetestet.de\/index.php?rest_route=\/wp\/v2\/product"}],"about":[{"href":"https:\/\/topgetestet.de\/index.php?rest_route=\/wp\/v2\/types\/product"}],"replies":[{"embeddable":true,"href":"https:\/\/topgetestet.de\/index.php?rest_route=%2Fwp%2Fv2%2Fcomments&post=43668"}],"wp:featuredmedia":[{"embeddable":true,"href":"https:\/\/topgetestet.de\/index.php?rest_route=\/wp\/v2\/media\/43669"}],"wp:attachment":[{"href":"https:\/\/topgetestet.de\/index.php?rest_route=%2Fwp%2Fv2%2Fmedia&parent=43668"}],"wp:term":[{"taxonomy":"product_cat","embeddable":true,"href":"https:\/\/topgetestet.de\/index.php?rest_route=%2Fwp%2Fv2%2Fproduct_cat&post=43668"},{"taxonomy":"product_tag","embeddable":true,"href":"https:\/\/topgetestet.de\/index.php?rest_route=%2Fwp%2Fv2%2Fproduct_tag&post=43668"}],"curies":[{"name":"wp","href":"https:\/\/api.w.org\/{rel}","templated":true}]}}