{"id":43601,"date":"2022-09-29T11:24:50","date_gmt":"2022-09-29T11:24:50","guid":{"rendered":"https:\/\/topgetestet.de\/?product=nike-damen-air-zoom-vomero-16-sneaker"},"modified":"2022-09-29T11:24:50","modified_gmt":"2022-09-29T11:24:50","slug":"nike-damen-air-zoom-vomero-16-sneaker","status":"publish","type":"product","link":"https:\/\/topgetestet.de\/?product=nike-damen-air-zoom-vomero-16-sneaker","title":{"rendered":"Nike Damen Air Zoom Vomero 16 Sneaker"},"content":{"rendered":"<p>Price: <span style=\"color:#b12704\">[price_with_discount]<\/span><br \/><i><small>(as of [price_update_date] &#8211; <span class=\"wp_automatic_amazon_disclaimer\" title=\"Product prices and availability are accurate as of the date\/time indicated and are subject to change. Any price and availability information displayed on [relevant Amazon Site(s), as applicable] at the time of purchase will apply to the purchase of this product.\">Details<\/span>)<\/small><\/i><\/p>\n<p><a href=\"https:\/\/amazon.de\/dp\/B09W643XR5?tag=topgetestet09-21\"><img decoding=\"async\" src=\"https:\/\/i.imgur.com\/ISRHEWs.png\"><\/a><br \/>\n[ad_1]<br \/>\n <span>Eines der beliebtesten Modelle der immer wieder wieder sprechen lassen Nike Air Zoom Vomero 16 kommt mit verbesserter D\u00e4mpfung und robuster Sohle f\u00fcr ideale Traktion Der Look nimmt das klassische Design wieder an, das die Innovationen hinzuf\u00fcgt, die Sie f\u00fcr einen langanhaltenden Schuh w\u00fcnschen. Der Nike ZoomX Schaum in der Ferse sorgt f\u00fcr eine ideale Energier\u00fcckgabe f\u00fcr ein reaktionsschnelles Laufen bei jedem Schritt. Die Air Zoom Vorfu\u00dfeinheit ist doppelt so gro\u00df wie die Vorg\u00e4ngerversionen und bietet dadurch mehr D\u00e4mpfung bei jedem Schritt. Der Fersenklammer bietet eine sichere Passform: Er wurde entwickelt, um den M\u00fcdigkeit des Laufens zu bew\u00e4ltigen, schafft einen zuverl\u00e4ssigen Schuh, der Sie alle Ihre Kilometer tragen und unterst\u00fctzt. Die abriebfeste Gummilauffl\u00e4che kombiniert solide Bodenhaftung mit Traktion und Festigkeit.<\/span> <br \/> Verpackungsabmessungen \u200f : \u200e  33.7 x 21.2 x 11.3 cm; 610 Gramm <br \/> Im Angebot von Amazon.de seit \u200f : \u200e  15. Juli 2022 <br \/> Hersteller \u200f : \u200e  Nike <br \/> ASIN \u200f : \u200e  B0B6FV57S5 <br \/> Modellnummer \u200f : \u200e  DA7698-004 <br \/> Kategorie \u200f : \u200e  Damen <\/p>\n<p>[ad_2]<\/p>\n","protected":false},"excerpt":{"rendered":"<p>Price: [price_with_discount](as of [price_update_date] &#8211; Details) [ad_1] Eines der beliebtesten Modelle der immer wieder wieder sprechen lassen Nike Air Zoom Vomero 16 kommt mit verbesserter D\u00e4mpfung und robuster Sohle f\u00fcr<\/p>\n","protected":false},"featured_media":43602,"comment_status":"open","ping_status":"closed","template":"","meta":[],"product_cat":[234],"product_tag":[236],"class_list":{"0":"post-43601","1":"product","2":"type-product","3":"status-publish","4":"has-post-thumbnail","6":"product_cat-shoes","7":"product_tag-womens-road-running-shoes","9":"first","10":"instock","11":"shipping-taxable","12":"product-type-external"},"aioseo_notices":[],"_links":{"self":[{"href":"https:\/\/topgetestet.de\/index.php?rest_route=\/wp\/v2\/product\/43601","targetHints":{"allow":["GET"]}}],"collection":[{"href":"https:\/\/topgetestet.de\/index.php?rest_route=\/wp\/v2\/product"}],"about":[{"href":"https:\/\/topgetestet.de\/index.php?rest_route=\/wp\/v2\/types\/product"}],"replies":[{"embeddable":true,"href":"https:\/\/topgetestet.de\/index.php?rest_route=%2Fwp%2Fv2%2Fcomments&post=43601"}],"wp:featuredmedia":[{"embeddable":true,"href":"https:\/\/topgetestet.de\/index.php?rest_route=\/wp\/v2\/media\/43602"}],"wp:attachment":[{"href":"https:\/\/topgetestet.de\/index.php?rest_route=%2Fwp%2Fv2%2Fmedia&parent=43601"}],"wp:term":[{"taxonomy":"product_cat","embeddable":true,"href":"https:\/\/topgetestet.de\/index.php?rest_route=%2Fwp%2Fv2%2Fproduct_cat&post=43601"},{"taxonomy":"product_tag","embeddable":true,"href":"https:\/\/topgetestet.de\/index.php?rest_route=%2Fwp%2Fv2%2Fproduct_tag&post=43601"}],"curies":[{"name":"wp","href":"https:\/\/api.w.org\/{rel}","templated":true}]}}