{"id":43517,"date":"2022-09-29T11:06:15","date_gmt":"2022-09-29T11:06:15","guid":{"rendered":"https:\/\/topgetestet.de\/?product=nivea-skin-care-set-sensitive-skin-3pzs-pink-bag"},"modified":"2022-09-29T11:06:15","modified_gmt":"2022-09-29T11:06:15","slug":"nivea-skin-care-set-sensitive-skin-3pzs-pink-bag","status":"publish","type":"product","link":"https:\/\/topgetestet.de\/?product=nivea-skin-care-set-sensitive-skin-3pzs-pink-bag","title":{"rendered":"NIVEA SKIN CARE SET SENSITIVE SKIN 3PZS + PINK BAG"},"content":{"rendered":"<p>Price: <span style=\"color:#b12704\">[price_with_discount]<\/span><br \/><i><small>(as of [price_update_date] &#8211; <span class=\"wp_automatic_amazon_disclaimer\" title=\"Product prices and availability are accurate as of the date\/time indicated and are subject to change. Any price and availability information displayed on [relevant Amazon Site(s), as applicable] at the time of purchase will apply to the purchase of this product.\">Details<\/span>)<\/small><\/i><\/p>\n<p><a href=\"https:\/\/amazon.de\/dp\/B08JCVMVTK?tag=topgetestet09-21\"><img decoding=\"async\" src=\"https:\/\/i.imgur.com\/ISRHEWs.png\"><\/a><br \/>\n[ad_1]<br \/>\n <span>Pinkes Kulturbeutel-Set von Nivea mit 3 K\u00f6rperpflegeprodukten, 1 x Nivea MicellAir Mizellarwasser 0% R\u00fcckst\u00e4nde, Make-up-Entferner empfindliche Haut 200 ml, 1 x Nivea Daily Essentials Sanfte Reinigungscreme Wash 150 ml, 1 x Nivea Pflegende Tagescreme 24h Feuchtigkeit trockene &amp; empfindliche Haut 50 ml<\/span> <br \/>1x NIVEA MicellAir Mizellar Wasser 0% R\u00fcckst\u00e4nde Make Up Entferner empfindliche Haut 200ml<br \/>1 x Nivea Daily Essentials Sanfte Reinigungscreme, 150 ml<br \/>1 x Nivea Pflegende Tagescreme 24h Feuchtigkeit trockene &#038; empfindliche Haut 50ml<br \/>\n<br \/>[ad_2]<\/p>\n","protected":false},"excerpt":{"rendered":"<p>Price: [price_with_discount](as of [price_update_date] &#8211; Details) [ad_1] Pinkes Kulturbeutel-Set von Nivea mit 3 K\u00f6rperpflegeprodukten, 1 x Nivea MicellAir Mizellarwasser 0% R\u00fcckst\u00e4nde, Make-up-Entferner empfindliche Haut 200 ml, 1 x Nivea Daily<\/p>\n","protected":false},"featured_media":43518,"comment_status":"open","ping_status":"closed","template":"","meta":[],"product_cat":[228],"product_tag":[246],"class_list":{"0":"post-43517","1":"product","2":"type-product","3":"status-publish","4":"has-post-thumbnail","6":"product_cat-beauty","7":"product_tag-facial-skin-care-products","9":"first","10":"instock","11":"shipping-taxable","12":"product-type-external"},"aioseo_notices":[],"_links":{"self":[{"href":"https:\/\/topgetestet.de\/index.php?rest_route=\/wp\/v2\/product\/43517","targetHints":{"allow":["GET"]}}],"collection":[{"href":"https:\/\/topgetestet.de\/index.php?rest_route=\/wp\/v2\/product"}],"about":[{"href":"https:\/\/topgetestet.de\/index.php?rest_route=\/wp\/v2\/types\/product"}],"replies":[{"embeddable":true,"href":"https:\/\/topgetestet.de\/index.php?rest_route=%2Fwp%2Fv2%2Fcomments&post=43517"}],"wp:featuredmedia":[{"embeddable":true,"href":"https:\/\/topgetestet.de\/index.php?rest_route=\/wp\/v2\/media\/43518"}],"wp:attachment":[{"href":"https:\/\/topgetestet.de\/index.php?rest_route=%2Fwp%2Fv2%2Fmedia&parent=43517"}],"wp:term":[{"taxonomy":"product_cat","embeddable":true,"href":"https:\/\/topgetestet.de\/index.php?rest_route=%2Fwp%2Fv2%2Fproduct_cat&post=43517"},{"taxonomy":"product_tag","embeddable":true,"href":"https:\/\/topgetestet.de\/index.php?rest_route=%2Fwp%2Fv2%2Fproduct_tag&post=43517"}],"curies":[{"name":"wp","href":"https:\/\/api.w.org\/{rel}","templated":true}]}}