{"id":43214,"date":"2022-09-29T09:25:03","date_gmt":"2022-09-29T09:25:03","guid":{"rendered":"https:\/\/topgetestet.de\/?product=easy-street-damen-strive-turnschuh"},"modified":"2022-09-29T09:25:03","modified_gmt":"2022-09-29T09:25:03","slug":"easy-street-damen-strive-turnschuh","status":"publish","type":"product","link":"https:\/\/topgetestet.de\/?product=easy-street-damen-strive-turnschuh","title":{"rendered":"Easy Street Damen Strive Turnschuh"},"content":{"rendered":"<p>Price: <span style=\"color:#b12704\">[price_with_discount]<\/span><br \/><i><small>(as of [price_update_date] &#8211; <span class=\"wp_automatic_amazon_disclaimer\" title=\"Product prices and availability are accurate as of the date\/time indicated and are subject to change. Any price and availability information displayed on [relevant Amazon Site(s), as applicable] at the time of purchase will apply to the purchase of this product.\">Details<\/span>)<\/small><\/i><\/p>\n<p><a href=\"https:\/\/amazon.de\/dp\/B07G5PM3MQ?tag=topgetestet09-21\"><img decoding=\"async\" src=\"https:\/\/i.imgur.com\/ISRHEWs.png\"><\/a><br \/>\n[ad_1]<br \/>\n <span>Athletischer Chic ist mit dem Streben von Easy Street Sport \u00fcberf\u00fcllt. Eine moderne Neuinterpretation eines klassischen Trends, mit einem Trio von Tr\u00e4gern mit Klettverschl\u00fcssen, verstellbar f\u00fcr die perfekte Passform. Die flexible Gummi-Au\u00dfensohle bietet Grip und die gut gepolsterte Innensohle sorgt f\u00fcr unvergleichlichen Komfort.<\/span> <br \/> Produktabmessungen \u200f : \u200e  12.7 x 12.7 x 12.7 cm; 408.23 Gramm <br \/> Im Angebot von Amazon.de seit \u200f : \u200e  15. Oktober 2018 <br \/> Hersteller \u200f : \u200e  Easy Street <br \/> ASIN \u200f : \u200e  B07G5HX9BF <br \/> Modellnummer \u200f : \u200e  30-9055 <br \/> Kategorie \u200f : \u200e  Damen <\/p>\n<p>Sohle: Synthetische<br \/>Verschluss: Klettverschluss<br \/>Absatzh\u00f6he: 1 Zoll<br \/>Absatzform: Flach<br \/>Materialzusammensetzung: 100 % Synthetik<br \/>Schuhweite: Medium<br \/>Nicht wasserfest<br \/>\n<br \/>[ad_2]<\/p>\n","protected":false},"excerpt":{"rendered":"<p>Price: [price_with_discount](as of [price_update_date] &#8211; Details) [ad_1] Athletischer Chic ist mit dem Streben von Easy Street Sport \u00fcberf\u00fcllt. Eine moderne Neuinterpretation eines klassischen Trends, mit einem Trio von Tr\u00e4gern mit<\/p>\n","protected":false},"featured_media":43215,"comment_status":"open","ping_status":"closed","template":"","meta":[],"product_cat":[230],"product_tag":[266],"class_list":{"0":"post-43214","1":"product","2":"type-product","3":"status-publish","4":"has-post-thumbnail","6":"product_cat-fashion","7":"product_tag-womens-fashion-sneakers","9":"first","10":"instock","11":"shipping-taxable","12":"product-type-external"},"aioseo_notices":[],"_links":{"self":[{"href":"https:\/\/topgetestet.de\/index.php?rest_route=\/wp\/v2\/product\/43214","targetHints":{"allow":["GET"]}}],"collection":[{"href":"https:\/\/topgetestet.de\/index.php?rest_route=\/wp\/v2\/product"}],"about":[{"href":"https:\/\/topgetestet.de\/index.php?rest_route=\/wp\/v2\/types\/product"}],"replies":[{"embeddable":true,"href":"https:\/\/topgetestet.de\/index.php?rest_route=%2Fwp%2Fv2%2Fcomments&post=43214"}],"wp:featuredmedia":[{"embeddable":true,"href":"https:\/\/topgetestet.de\/index.php?rest_route=\/wp\/v2\/media\/43215"}],"wp:attachment":[{"href":"https:\/\/topgetestet.de\/index.php?rest_route=%2Fwp%2Fv2%2Fmedia&parent=43214"}],"wp:term":[{"taxonomy":"product_cat","embeddable":true,"href":"https:\/\/topgetestet.de\/index.php?rest_route=%2Fwp%2Fv2%2Fproduct_cat&post=43214"},{"taxonomy":"product_tag","embeddable":true,"href":"https:\/\/topgetestet.de\/index.php?rest_route=%2Fwp%2Fv2%2Fproduct_tag&post=43214"}],"curies":[{"name":"wp","href":"https:\/\/api.w.org\/{rel}","templated":true}]}}