{"id":43142,"date":"2022-09-29T09:15:32","date_gmt":"2022-09-29T09:15:32","guid":{"rendered":"https:\/\/topgetestet.de\/?product=vaude-damen-hose-womens-scopi-tights-ii-3"},"modified":"2022-09-29T09:15:32","modified_gmt":"2022-09-29T09:15:32","slug":"vaude-damen-hose-womens-scopi-tights-ii-3","status":"publish","type":"product","link":"https:\/\/topgetestet.de\/?product=vaude-damen-hose-womens-scopi-tights-ii-3","title":{"rendered":"VAUDE Damen Hose Women&#8217;s Scopi Tights Ii"},"content":{"rendered":"<p>Price: <span style=\"color:#b12704\">[price_with_discount]<\/span><br \/><i><small>(as of [price_update_date] &#8211; <span class=\"wp_automatic_amazon_disclaimer\" title=\"Product prices and availability are accurate as of the date\/time indicated and are subject to change. Any price and availability information displayed on [relevant Amazon Site(s), as applicable] at the time of purchase will apply to the purchase of this product.\">Details<\/span>)<\/small><\/i><\/p>\n<p><a href=\"https:\/\/amazon.de\/dp\/B09JT1ZVFZ?tag=topgetestet09-21\"><img decoding=\"async\" src=\"https:\/\/i.imgur.com\/ISRHEWs.png\"><\/a><br \/>\n[ad_1]<br \/>\n <span>Die athletisch geschnittenen Scopi Tights sind unglaublich bequem und perfekt f\u00fcr schnelle Bergtouren und bewegungsintensive Sportarten! Der hohe Elastan-Anteil sorgt f\u00fcr einen optimalen Tragekomfort und maximale Bewegungsfreiheit, der hohe Formbund bietet einen perfekten Halt am K\u00f6rper. Leichtes, aber dennoch abriebfestes Gewebe sorgt f\u00fcr zus\u00e4tzlichen Schutz im Sitz- und Kniebereich. Mit schnell zug\u00e4nglicher Mesh-Tasche und einer kleinen Rei\u00dfverschlusstasche f\u00fcr Kleingeld oder Schl\u00fcssel. Das VAUDE Green Shape-Label steht f\u00fcr ein umweltfreundliches, funktionelles Produkt aus nachhaltigen Materialien.<\/span> <br \/> Verpackungsabmessungen \u200f : \u200e  32.5 x 30 x 6.2 cm; 250 Gramm <br \/> Im Angebot von Amazon.de seit \u200f : \u200e  19. Oktober 2021 <br \/> Hersteller \u200f : \u200e  Vaude <br \/> ASIN \u200f : \u200e  B09JT3M7G6 <br \/> Modellnummer \u200f : \u200e  427071550340 <br \/> Kategorie \u200f : \u200e  Damen <\/p>\n<p>hoher Bund<br \/>Verschluss: Druckknopf<br \/>Hauptmaterial: 79% Polyester (recycelt), 21% Elastan; Kontrastmaterial: 85% Polyamid, 15% Elasthan<br \/>Hose<br \/>Pflegehinweis: Maschinenw\u00e4sche<br \/>Modellnummer: 427071550340<br \/>\n<br \/>[ad_2]<\/p>\n","protected":false},"excerpt":{"rendered":"<p>Price: [price_with_discount](as of [price_update_date] &#8211; Details) [ad_1] Die athletisch geschnittenen Scopi Tights sind unglaublich bequem und perfekt f\u00fcr schnelle Bergtouren und bewegungsintensive Sportarten! Der hohe Elastan-Anteil sorgt f\u00fcr einen optimalen<\/p>\n","protected":false},"featured_media":43143,"comment_status":"open","ping_status":"closed","template":"","meta":[],"product_cat":[232],"product_tag":[],"class_list":{"0":"post-43142","1":"product","2":"type-product","3":"status-publish","4":"has-post-thumbnail","6":"product_cat-women-fashion","8":"first","9":"instock","10":"shipping-taxable","11":"product-type-external"},"aioseo_notices":[],"_links":{"self":[{"href":"https:\/\/topgetestet.de\/index.php?rest_route=\/wp\/v2\/product\/43142","targetHints":{"allow":["GET"]}}],"collection":[{"href":"https:\/\/topgetestet.de\/index.php?rest_route=\/wp\/v2\/product"}],"about":[{"href":"https:\/\/topgetestet.de\/index.php?rest_route=\/wp\/v2\/types\/product"}],"replies":[{"embeddable":true,"href":"https:\/\/topgetestet.de\/index.php?rest_route=%2Fwp%2Fv2%2Fcomments&post=43142"}],"wp:featuredmedia":[{"embeddable":true,"href":"https:\/\/topgetestet.de\/index.php?rest_route=\/wp\/v2\/media\/43143"}],"wp:attachment":[{"href":"https:\/\/topgetestet.de\/index.php?rest_route=%2Fwp%2Fv2%2Fmedia&parent=43142"}],"wp:term":[{"taxonomy":"product_cat","embeddable":true,"href":"https:\/\/topgetestet.de\/index.php?rest_route=%2Fwp%2Fv2%2Fproduct_cat&post=43142"},{"taxonomy":"product_tag","embeddable":true,"href":"https:\/\/topgetestet.de\/index.php?rest_route=%2Fwp%2Fv2%2Fproduct_tag&post=43142"}],"curies":[{"name":"wp","href":"https:\/\/api.w.org\/{rel}","templated":true}]}}